{"id":4716,"date":"2021-12-26T10:51:53","date_gmt":"2022-01-16T12:29:18","guid":{"rendered":"https:\/\/www.karl-wetzel.com\/produkt\/collecteur-scie-a-main\/"},"modified":"2024-10-08T12:19:49","modified_gmt":"2024-10-08T10:19:49","slug":"scie-a-main-de-collection","status":"publish","type":"product","link":"https:\/\/www.karl-wetzel.com\/fr\/produit\/scie-a-main-de-collection\/","title":{"rendered":"Collecteur &#8211; scie \u00e0 main"},"content":{"rendered":"<p>Scie \u00e0 main de collection compos\u00e9e d&rsquo;un porte-scie avec 6 lames de scie interchangeables de diff\u00e9rentes dimensions.<\/p>\n","protected":false},"excerpt":{"rendered":"<p>Scie \u00e0 main collectrice avec 1x lame de scie 0,4 \/ 0,5 \/ 0,6 \/ 0,7 \/ 0,8 \/ 0,9<\/p>\n<p>15 x 28 mm lang 7.120.10 S\u00e4geblatt &#8211; Halter: 7.120.20<\/p>\n<p>lame de scie longueur 25 x 28 mm 7.120.40 &#8211; support : 7.120.20<\/p>\n<p>Lame de scie longueur 25 x 130 mm 7.120.60 &#8211; support : 7.120.70<\/p>\n<p>&nbsp;<\/p>\n<p>Lame de scie collectrice 0,4 \/ 0,5 \/ 0,6 \/ 0,7 \/ 0,8 \/ 0,9 x 15 x 28 mm :<\/p>\n<table style=\"border-collapse: collapse; width: 180pt;\" border=\"0\" width=\"240\" cellspacing=\"0\" cellpadding=\"0\">\n<tbody>\n<tr style=\"height: 12.75pt;\">\n<td class=\"xl24\" style=\"height: 12.75pt; width: 60pt;\" width=\"80\" height=\"17\">Num\u00e9ro d&rsquo;article<\/td>\n<td class=\"xl24\" style=\"border-left: none; width: 60pt;\" width=\"80\">D\u00e9signation<\/td>\n<td class=\"xl24\" style=\"border-left: none; width: 60pt;\" width=\"80\">\u00e9paisseur<\/td>\n<p>[mm] <\/p>\n<td class=\"xl24\" style=\"border-left: none; width: 60pt;\" width=\"80\">:<\/td>\n<\/tr>\n<tr style=\"height: 12.75pt;\">\n<td class=\"xl24\" style=\"height: 12.75pt; border-top: none;\" height=\"17\">7.120.32<\/td>\n<td class=\"xl24\" style=\"border-top: none; border-left: none;\">lame de scie<\/td>\n<td class=\"xl24\" style=\"border-top: none; border-left: none;\" align=\"right\">0,4<\/td>\n<\/tr>\n<tr style=\"height: 12.75pt;\">\n<td class=\"xl24\" style=\"height: 12.75pt; border-top: none;\" height=\"17\">7.120.33<\/td>\n<td class=\"xl24\" style=\"border-top: none; border-left: none;\">lame de scie<\/td>\n<td class=\"xl24\" style=\"border-top: none; border-left: none;\" align=\"right\">0,5<\/td>\n<\/tr>\n<tr style=\"height: 12.75pt;\">\n<td class=\"xl24\" style=\"height: 12.75pt; border-top: none;\" height=\"17\">7.120.34<\/td>\n<td class=\"xl24\" style=\"border-top: none; border-left: none;\">lame de scie<\/td>\n<td class=\"xl24\" style=\"border-top: none; border-left: none;\" align=\"right\">0,6<\/td>\n<\/tr>\n<tr style=\"height: 12.75pt;\">\n<td class=\"xl24\" style=\"height: 12.75pt; border-top: none;\" height=\"17\">7 120,35<\/td>\n<td class=\"xl24\" style=\"border-top: none; border-left: none;\">lame de scie<\/td>\n<td class=\"xl24\" style=\"border-top: none; border-left: none;\" align=\"right\">0,7<\/td>\n<\/tr>\n<tr style=\"height: 12.75pt;\">\n<td class=\"xl24\" style=\"height: 12.75pt; border-top: none;\" height=\"17\">7.120.36<\/td>\n<td class=\"xl24\" style=\"border-top: none; border-left: none;\">lame de scie<\/td>\n<td class=\"xl24\" style=\"border-top: none; border-left: none;\" align=\"right\">0,8<\/td>\n<\/tr>\n<tr style=\"height: 12.75pt;\">\n<td class=\"xl24\" style=\"height: 12.75pt; border-top: none;\" height=\"17\">7.120.37<\/td>\n<td class=\"xl24\" style=\"border-top: none; border-left: none;\">lame de scie<\/td>\n<td class=\"xl24\" style=\"border-top: none; border-left: none;\" align=\"right\">0,9<\/td>\n<\/tr>\n<\/tbody>\n<\/table>\n<p>Lame de scie collectrice 0,4 \/ 0,5 \/ 0,6 \/ 0,7 \/ 0,8 \/ 0,9 x 25 x 28 mm :<\/p>\n<table style=\"border-collapse: collapse; width: 180pt;\" border=\"0\" width=\"240\" cellspacing=\"0\" cellpadding=\"0\">\n<tbody>\n<tr style=\"height: 12.75pt;\">\n<td class=\"xl24\" style=\"height: 12.75pt; width: 60pt;\" width=\"80\" height=\"17\">Num\u00e9ro d&rsquo;article<\/td>\n<td class=\"xl24\" style=\"border-left: none; width: 60pt;\" width=\"80\">D\u00e9signation<\/td>\n<td class=\"xl24\" style=\"border-left: none; width: 60pt;\" width=\"80\">\u00e9paisseur<\/td>\n<p>[mm] <\/p>\n<td class=\"xl24\" style=\"border-left: none; width: 60pt;\" width=\"80\">:<\/td>\n<\/tr>\n<tr style=\"height: 12.75pt;\">\n<td class=\"xl24\" style=\"height: 12.75pt; border-top: none;\" height=\"17\">7.120.52<\/td>\n<td class=\"xl24\" style=\"border-top: none; border-left: none;\">lame de scie<\/td>\n<td class=\"xl24\" style=\"border-top: none; border-left: none;\" align=\"right\">0,4<\/td>\n<\/tr>\n<tr style=\"height: 12.75pt;\">\n<td class=\"xl24\" style=\"height: 12.75pt; border-top: none;\" height=\"17\">7 120,53<\/td>\n<td class=\"xl24\" style=\"border-top: none; border-left: none;\">lame de scie<\/td>\n<td class=\"xl24\" style=\"border-top: none; border-left: none;\" align=\"right\">0,5<\/td>\n<\/tr>\n<tr style=\"height: 12.75pt;\">\n<td class=\"xl24\" style=\"height: 12.75pt; border-top: none;\" height=\"17\">7 120,54<\/td>\n<td class=\"xl24\" style=\"border-top: none; border-left: none;\">lame de scie<\/td>\n<td class=\"xl24\" style=\"border-top: none; border-left: none;\" align=\"right\">0,6<\/td>\n<\/tr>\n<tr style=\"height: 12.75pt;\">\n<td class=\"xl24\" style=\"height: 12.75pt; border-top: none;\" height=\"17\">7 120,55<\/td>\n<td class=\"xl24\" style=\"border-top: none; border-left: none;\">lame de scie<\/td>\n<td class=\"xl24\" style=\"border-top: none; border-left: none;\" align=\"right\">0,7<\/td>\n<\/tr>\n<tr style=\"height: 12.75pt;\">\n<td class=\"xl24\" style=\"height: 12.75pt; border-top: none;\" height=\"17\">7 120,56<\/td>\n<td class=\"xl24\" style=\"border-top: none; border-left: none;\">lame de scie<\/td>\n<td class=\"xl24\" style=\"border-top: none; border-left: none;\" align=\"right\">0,8<\/td>\n<\/tr>\n<tr style=\"height: 12.75pt;\">\n<td class=\"xl24\" style=\"height: 12.75pt; border-top: none;\" height=\"17\">7 120,57<\/td>\n<td class=\"xl24\" style=\"border-top: none; border-left: none;\">lame de scie<\/td>\n<td class=\"xl24\" style=\"border-top: none; border-left: none;\" align=\"right\">0,9<\/td>\n<\/tr>\n<\/tbody>\n<\/table>\n<p>&nbsp;<\/p>\n<p>Lame de scie collectrice 0,4 \/ 0,5 \/ 0,6 \/ 0,7 \/ 0,8 \/ 0,9 x 25 x 130 mm :<\/p>\n<table style=\"border-collapse: collapse; width: 180pt;\" border=\"0\" width=\"240\" cellspacing=\"0\" cellpadding=\"0\">\n<tbody>\n<tr style=\"height: 12.75pt;\">\n<td class=\"xl24\" style=\"height: 12.75pt; width: 60pt;\" width=\"80\" height=\"17\">Num\u00e9ro d&rsquo;article<\/td>\n<td class=\"xl24\" style=\"border-left: none; width: 60pt;\" width=\"80\">D\u00e9signation<\/td>\n<td class=\"xl24\" style=\"border-left: none; width: 60pt;\" width=\"80\">\u00e9paisseur<\/td>\n<p>[mm] <\/p>\n<td class=\"xl24\" style=\"border-left: none; width: 60pt;\" width=\"80\">:<\/td>\n<\/tr>\n<tr style=\"height: 12.75pt;\">\n<td class=\"xl24\" style=\"height: 12.75pt; border-top: none;\" height=\"17\">7 120,82<\/td>\n<td class=\"xl24\" style=\"border-top: none; border-left: none;\">lame de scie<\/td>\n<td class=\"xl24\" style=\"border-top: none; border-left: none;\" align=\"right\">0,4<\/td>\n<\/tr>\n<tr style=\"height: 12.75pt;\">\n<td class=\"xl24\" style=\"height: 12.75pt; border-top: none;\" height=\"17\">7 120,83<\/td>\n<td class=\"xl24\" style=\"border-top: none; border-left: none;\">lame de scie<\/td>\n<td class=\"xl24\" style=\"border-top: none; border-left: none;\" align=\"right\">0,5<\/td>\n<\/tr>\n<tr style=\"height: 12.75pt;\">\n<td class=\"xl24\" style=\"height: 12.75pt; border-top: none;\" height=\"17\">7 120,84<\/td>\n<td class=\"xl24\" style=\"border-top: none; border-left: none;\">lame de scie<\/td>\n<td class=\"xl24\" style=\"border-top: none; border-left: none;\" align=\"right\">0,6<\/td>\n<\/tr>\n<tr style=\"height: 12.75pt;\">\n<td class=\"xl24\" style=\"height: 12.75pt; border-top: none;\" height=\"17\">7 120,85<\/td>\n<td class=\"xl24\" style=\"border-top: none; border-left: none;\">lame de scie<\/td>\n<td class=\"xl24\" style=\"border-top: none; border-left: none;\" align=\"right\">0,7<\/td>\n<\/tr>\n<tr style=\"height: 12.75pt;\">\n<td class=\"xl24\" style=\"height: 12.75pt; border-top: none;\" height=\"17\">7 120,86<\/td>\n<td class=\"xl24\" style=\"border-top: none; border-left: none;\">lame de scie<\/td>\n<td class=\"xl24\" style=\"border-top: none; border-left: none;\" align=\"right\">0,8<\/td>\n<\/tr>\n<tr style=\"height: 12.75pt;\">\n<td class=\"xl24\" style=\"height: 12.75pt; border-top: none;\" height=\"17\">7 120,87<\/td>\n<td class=\"xl24\" style=\"border-top: none; border-left: none;\">lame de scie<\/td>\n<td class=\"xl24\" style=\"border-top: none; border-left: none;\" align=\"right\">0,9<\/td>\n<\/tr>\n<\/tbody>\n<\/table>\n<p>&nbsp;<\/p>\n<table id=\"Tabelle10\" border=\"1\">\n<tbody>\n<tr>\n<td id=\"Zelle213\">7 120,30<\/td>\n<td id=\"Zelle214\">Jeu de lames de scie (6 pi\u00e8ces) 15 x 28 mm<\/td>\n<td id=\"Zelle214\">0,4&nbsp;; 0,5&nbsp;; 0,6&nbsp;; 0,7&nbsp;; 0,8&nbsp;; 0,9<\/td>\n<\/tr>\n<\/tbody>\n<\/table>\n<table id=\"Tabelle10\" border=\"1\">\n<tbody>\n<tr>\n<td id=\"Zelle213\">7 120,50<\/td>\n<td id=\"Zelle214\">Jeu de lames de scie (6 pi\u00e8ces) 25 x 28 mm<\/td>\n<td id=\"Zelle214\">0,4&nbsp;; 0,5&nbsp;; 0,6&nbsp;; 0,7&nbsp;; 0,8&nbsp;; 0,9<\/td>\n<\/tr>\n<\/tbody>\n<\/table>\n<table id=\"Tabelle10\" border=\"1\">\n<tbody>\n<tr>\n<td id=\"Zelle213\">7 120,60<\/td>\n<td id=\"Zelle214\">Jeu de lames de scie (6 pi\u00e8ces) 25 x 130 mm<\/td>\n<td id=\"Zelle214\">0,4&nbsp;; 0,5&nbsp;; 0,6&nbsp;; 0,7&nbsp;; 0,8&nbsp;; 0,9<\/td>\n<\/tr>\n<\/tbody>\n<\/table>\n","protected":false},"featured_media":12535,"comment_status":"closed","ping_status":"closed","template":"","meta":[],"product_brand":[],"product_cat":[157],"product_tag":[],"class_list":{"0":"post-4716","1":"product","2":"type-product","3":"status-publish","4":"has-post-thumbnail","6":"product_cat-outils","8":"first","9":"instock","10":"taxable","11":"shipping-taxable","12":"product-type-variable"},"_links":{"self":[{"href":"https:\/\/www.karl-wetzel.com\/fr\/wp-json\/wp\/v2\/product\/4716","targetHints":{"allow":["GET"]}}],"collection":[{"href":"https:\/\/www.karl-wetzel.com\/fr\/wp-json\/wp\/v2\/product"}],"about":[{"href":"https:\/\/www.karl-wetzel.com\/fr\/wp-json\/wp\/v2\/types\/product"}],"replies":[{"embeddable":true,"href":"https:\/\/www.karl-wetzel.com\/fr\/wp-json\/wp\/v2\/comments?post=4716"}],"wp:featuredmedia":[{"embeddable":true,"href":"https:\/\/www.karl-wetzel.com\/fr\/wp-json\/wp\/v2\/media\/12535"}],"wp:attachment":[{"href":"https:\/\/www.karl-wetzel.com\/fr\/wp-json\/wp\/v2\/media?parent=4716"}],"wp:term":[{"taxonomy":"product_brand","embeddable":true,"href":"https:\/\/www.karl-wetzel.com\/fr\/wp-json\/wp\/v2\/product_brand?post=4716"},{"taxonomy":"product_cat","embeddable":true,"href":"https:\/\/www.karl-wetzel.com\/fr\/wp-json\/wp\/v2\/product_cat?post=4716"},{"taxonomy":"product_tag","embeddable":true,"href":"https:\/\/www.karl-wetzel.com\/fr\/wp-json\/wp\/v2\/product_tag?post=4716"}],"curies":[{"name":"wp","href":"https:\/\/api.w.org\/{rel}","templated":true}]}}