{"id":4630,"date":"2021-12-26T10:51:54","date_gmt":"2022-01-16T12:28:13","guid":{"rendered":"https:\/\/www.karl-wetzel.com\/produkt\/air-comprime-collecteur-dispositif-de-fraisage-dlkf-70\/"},"modified":"2022-07-10T12:24:03","modified_gmt":"2022-07-10T10:24:03","slug":"collecteur-d-air-comprime-fraiseuse-dlkf-70","status":"publish","type":"product","link":"https:\/\/www.karl-wetzel.com\/fr\/produit\/collecteur-d-air-comprime-fraiseuse-dlkf-70\/","title":{"rendered":"Air comprim\u00e9 &#8211; collecteur &#8211; dispositif de fraisage DLKF 70"},"content":{"rendered":"<p>Le dispositif de fraisage \u00e0 collecteur d&rsquo;air comprim\u00e9 est \u00e9quip\u00e9 d&rsquo;un moteur \u00e0 palettes. De plus, il n&rsquo;y a pas de bo\u00eete de vitesses et est donc particuli\u00e8rement r\u00e9sistant \u00e0 l&rsquo;usure. Le silencieux int\u00e9gr\u00e9 a un conduit d&rsquo;\u00e9chappement r\u00e9glable. Le dispositif de fraisage du collecteur est guid\u00e9 \u00e0 la main. Avec la but\u00e9e de profondeur r\u00e9glable, un guidage \u00e0 main lev\u00e9e optimal est assur\u00e9.<\/p>\n","protected":false},"excerpt":{"rendered":"<h2>Sp\u00e9cifications techniques:<\/h2>\n<table id=\"Tabelle12\" border=\"1\">\n<tbody>\n<tr>\n<td id=\"Zelle245\">Pouvoir:<\/td>\n<td id=\"Zelle246\">75W<\/td>\n<\/tr>\n<tr>\n<td id=\"Zelle247\">Couple:<\/td>\n<td id=\"Zelle248\">0.03Nm<\/td>\n<\/tr>\n<tr>\n<td id=\"Zelle249\">Ralenti:<\/td>\n<td id=\"Zelle250\">70 000 tr\/min.<\/td>\n<\/tr>\n<tr>\n<td id=\"Zelle251\">Poids:<\/td>\n<td id=\"Zelle252\">0,2 kg<\/td>\n<\/tr>\n<tr>\n<td id=\"Zelle253\">Besoin en air au max. Pouvoir:<\/td>\n<td id=\"Zelle254\">0,18 m\u00b3\/min.<\/td>\n<\/tr>\n<tr>\n<td id=\"Zelle255\">Besoin en air au ralenti:<\/td>\n<td id=\"Zelle256\">0,20 m\u00b3\/min.<\/td>\n<\/tr>\n<tr>\n<td id=\"Zelle257\">Niveau de pression acoustique selon CEN\/TC 255N:<\/td>\n<td id=\"Zelle258\">82dB(A)<\/td>\n<\/tr>\n<tr>\n<td id=\"Zelle259\">Vibrations selon DIN ISO 8662-4:<\/td>\n<td id=\"Zelle260\">&lt; 2.5m\/s\u00b2<\/td>\n<\/tr>\n<tr>\n<td id=\"Zelle261\">Qualit\u00e9 de l&rsquo;air selon DIN ISO 8573-1 :<\/td>\n<td id=\"Zelle262\">2\/4\/4<\/td>\n<\/tr>\n<tr>\n<td id=\"Zelle263\">Diam\u00e8tre int\u00e9rieur du tuyau d&rsquo;air:<\/td>\n<td id=\"Zelle264\">6mm<\/td>\n<\/tr>\n<tr>\n<td id=\"Zelle265\">Filetage de raccordement pour air comprim\u00e9 :<\/td>\n<td id=\"Zelle266\">1\/8&Prime;<\/td>\n<\/tr>\n<tr>\n<td id=\"Zelle267\">Num\u00e9ro d&rsquo;article&nbsp;:<\/td>\n<td id=\"Zelle268\">9.209.00<\/td>\n<\/tr>\n<\/tbody>\n<\/table>\n<h2>\u00c9quipement:<\/h2>\n<table id=\"Tabelle14\" border=\"1\">\n<tbody>\n<tr>\n<td id=\"Zelle294\">La d\u00e9signation:<\/td>\n<td id=\"Zelle293\">Num\u00e9ro d&rsquo;article&nbsp;:<\/td>\n<\/tr>\n<tr>\n<td id=\"Zelle285\">Tuyau de raccordement de 2 m avec raccord viss\u00e9:<\/td>\n<td id=\"Zelle286\">9.209.02<\/td>\n<\/tr>\n<tr>\n<td id=\"Zelle287\">Unit\u00e9 de maintenance appropri\u00e9e:<\/td>\n<td id=\"Zelle288\">9.209.05<\/td>\n<\/tr>\n<tr>\n<td id=\"Zelle289\">Support de montage pour unit\u00e9 de maintenance:<\/td>\n<td id=\"Zelle290\">9.209.06<\/td>\n<\/tr>\n<tr>\n<td id=\"Zelle291\">Huile sp\u00e9ciale :<\/td>\n<td id=\"Zelle292\">9.209.07<\/td>\n<\/tr>\n<\/tbody>\n<\/table>\n<h2>tailleur de diamant :<\/h2>\n<table id=\"Tabelle16\" border=\"1\">\n<tbody>\n<tr>\n<td id=\"Zelle397\">Num\u00e9ro d&rsquo;article&nbsp;:<\/td>\n<td id=\"Zelle398\">Diam\u00e8tre:<\/td>\n<td id=\"Zelle399\">Force:<\/td>\n<\/tr>\n<tr>\n<td id=\"Zelle400\">9.209.33<\/td>\n<td id=\"Zelle401\">\n<p style=\"text-align: center;\">19mm<\/p>\n<\/td>\n<td id=\"Zelle402\">0,30 mm<\/td>\n<\/tr>\n<tr>\n<td id=\"Zelle403\">9.209.34<\/td>\n<td id=\"Zelle404\">\n<p style=\"text-align: center;\">19mm<\/p>\n<\/td>\n<td id=\"Zelle405\">0,40 mm<\/td>\n<\/tr>\n<tr>\n<td id=\"Zelle406\">9.209.35<\/td>\n<td id=\"Zelle407\">\n<p style=\"text-align: center;\">19mm<\/p>\n<\/td>\n<td id=\"Zelle408\">0,50 mm<\/td>\n<\/tr>\n<tr>\n<td id=\"Zelle409\">9.209.36<\/td>\n<td id=\"Zelle410\">\n<p style=\"text-align: center;\">19mm<\/p>\n<\/td>\n<td id=\"Zelle411\">0,60 mm<\/td>\n<\/tr>\n<tr>\n<td id=\"Zelle412\">9.209.37<\/td>\n<td id=\"Zelle413\">\n<p style=\"text-align: center;\">19mm<\/p>\n<\/td>\n<td id=\"Zelle414\">0,70 mm<\/td>\n<\/tr>\n<tr>\n<td id=\"Zelle415\">9.209.38<\/td>\n<td id=\"Zelle416\">\n<p style=\"text-align: center;\">19mm<\/p>\n<\/td>\n<td id=\"Zelle417\">0,80 mm<\/td>\n<\/tr>\n<tr>\n<td id=\"Zelle418\">9.209.39<\/td>\n<td id=\"Zelle419\">\n<p style=\"text-align: center;\">19mm<\/p>\n<\/td>\n<td id=\"Zelle420\">0,90mm<\/td>\n<\/tr>\n<tr>\n<td id=\"Zelle421\">9.209.40<\/td>\n<td id=\"Zelle422\">\n<p style=\"text-align: center;\">19mm<\/p>\n<\/td>\n<td id=\"Zelle423\">1.00mm<\/td>\n<\/tr>\n<tr>\n<td id=\"Zelle424\">9.209.43<\/td>\n<td id=\"Zelle425\">\n<p style=\"text-align: center;\">22mm<\/p>\n<\/td>\n<td id=\"Zelle426\">0,30 mm<\/td>\n<\/tr>\n<tr>\n<td id=\"Zelle427\">9.209.44<\/td>\n<td id=\"Zelle428\">\n<p style=\"text-align: center;\">22mm<\/p>\n<\/td>\n<td id=\"Zelle429\">0,40 mm<\/td>\n<\/tr>\n<tr>\n<td id=\"Zelle430\">9.209.45<\/td>\n<td id=\"Zelle431\">\n<p style=\"text-align: center;\">22mm<\/p>\n<\/td>\n<td id=\"Zelle432\">0,50 mm<\/td>\n<\/tr>\n<tr>\n<td id=\"Zelle433\">9.209.46<\/td>\n<td id=\"Zelle434\">\n<p style=\"text-align: center;\">22mm<\/p>\n<\/td>\n<td id=\"Zelle435\">0,60 mm<\/td>\n<\/tr>\n<tr>\n<td id=\"Zelle436\">9.209.47<\/td>\n<td id=\"Zelle437\">\n<p style=\"text-align: center;\">22mm<\/p>\n<\/td>\n<td id=\"Zelle438\">0,70 mm<\/td>\n<\/tr>\n<tr>\n<td id=\"Zelle439\">9.209.48<\/td>\n<td id=\"Zelle440\">\n<p style=\"text-align: center;\">22mm<\/p>\n<\/td>\n<td id=\"Zelle441\">0,80 mm<\/td>\n<\/tr>\n<tr>\n<td id=\"Zelle442\">9.209.49<\/td>\n<td id=\"Zelle443\">\n<p style=\"text-align: center;\">22mm<\/p>\n<\/td>\n<td id=\"Zelle444\">0,90mm<\/td>\n<\/tr>\n<tr>\n<td id=\"Zelle445\">9.209.49.0<\/td>\n<td id=\"Zelle446\">\n<p style=\"text-align: center;\">22mm<\/p>\n<\/td>\n<td id=\"Zelle447\">1.00mm<\/td>\n<\/tr>\n<\/tbody>\n<\/table>\n","protected":false},"featured_media":2937,"comment_status":"closed","ping_status":"closed","template":"","meta":[],"product_brand":[],"product_cat":[149],"product_tag":[],"class_list":{"0":"post-4630","1":"product","2":"type-product","3":"status-publish","4":"has-post-thumbnail","6":"product_cat-demonter","8":"first","9":"instock","10":"taxable","11":"shipping-taxable","12":"product-type-variable"},"_links":{"self":[{"href":"https:\/\/www.karl-wetzel.com\/fr\/wp-json\/wp\/v2\/product\/4630","targetHints":{"allow":["GET"]}}],"collection":[{"href":"https:\/\/www.karl-wetzel.com\/fr\/wp-json\/wp\/v2\/product"}],"about":[{"href":"https:\/\/www.karl-wetzel.com\/fr\/wp-json\/wp\/v2\/types\/product"}],"replies":[{"embeddable":true,"href":"https:\/\/www.karl-wetzel.com\/fr\/wp-json\/wp\/v2\/comments?post=4630"}],"wp:featuredmedia":[{"embeddable":true,"href":"https:\/\/www.karl-wetzel.com\/fr\/wp-json\/wp\/v2\/media\/2937"}],"wp:attachment":[{"href":"https:\/\/www.karl-wetzel.com\/fr\/wp-json\/wp\/v2\/media?parent=4630"}],"wp:term":[{"taxonomy":"product_brand","embeddable":true,"href":"https:\/\/www.karl-wetzel.com\/fr\/wp-json\/wp\/v2\/product_brand?post=4630"},{"taxonomy":"product_cat","embeddable":true,"href":"https:\/\/www.karl-wetzel.com\/fr\/wp-json\/wp\/v2\/product_cat?post=4630"},{"taxonomy":"product_tag","embeddable":true,"href":"https:\/\/www.karl-wetzel.com\/fr\/wp-json\/wp\/v2\/product_tag?post=4630"}],"curies":[{"name":"wp","href":"https:\/\/api.w.org\/{rel}","templated":true}]}}