{"id":4606,"date":"2021-12-26T10:52:20","date_gmt":"2022-01-16T12:27:27","guid":{"rendered":"https:\/\/www.karl-wetzel.com\/produkt\/kit-de-nettoyage-de-rainures\/"},"modified":"2022-11-03T08:57:12","modified_gmt":"2022-11-03T07:57:12","slug":"kit-de-nettoyage-de-rainures-2","status":"publish","type":"product","link":"https:\/\/www.karl-wetzel.com\/fr\/produit\/kit-de-nettoyage-de-rainures-2\/","title":{"rendered":"kit de nettoyage de rainures"},"content":{"rendered":"<p>L&rsquo;ensemble \u00e9limine rapidement et facilement les pi\u00e8ces d&rsquo;isolation qui restent dans les rainures. La flamme peut \u00eatre ajust\u00e9e jusqu&rsquo;\u00e0 35 cm de longueur, le pistolet sert \u00e0 gonfler \u00e0 l&rsquo;oxyg\u00e8ne.<\/p>\n","protected":false},"excerpt":{"rendered":"<h2><\/h2>\n","protected":false},"featured_media":2943,"comment_status":"closed","ping_status":"closed","template":"","meta":[],"product_brand":[],"product_cat":[149],"product_tag":[],"class_list":{"0":"post-4606","1":"product","2":"type-product","3":"status-publish","4":"has-post-thumbnail","6":"product_cat-demonter","8":"first","9":"instock","10":"taxable","11":"shipping-taxable","12":"product-type-simple"},"_links":{"self":[{"href":"https:\/\/www.karl-wetzel.com\/fr\/wp-json\/wp\/v2\/product\/4606","targetHints":{"allow":["GET"]}}],"collection":[{"href":"https:\/\/www.karl-wetzel.com\/fr\/wp-json\/wp\/v2\/product"}],"about":[{"href":"https:\/\/www.karl-wetzel.com\/fr\/wp-json\/wp\/v2\/types\/product"}],"replies":[{"embeddable":true,"href":"https:\/\/www.karl-wetzel.com\/fr\/wp-json\/wp\/v2\/comments?post=4606"}],"wp:featuredmedia":[{"embeddable":true,"href":"https:\/\/www.karl-wetzel.com\/fr\/wp-json\/wp\/v2\/media\/2943"}],"wp:attachment":[{"href":"https:\/\/www.karl-wetzel.com\/fr\/wp-json\/wp\/v2\/media?parent=4606"}],"wp:term":[{"taxonomy":"product_brand","embeddable":true,"href":"https:\/\/www.karl-wetzel.com\/fr\/wp-json\/wp\/v2\/product_brand?post=4606"},{"taxonomy":"product_cat","embeddable":true,"href":"https:\/\/www.karl-wetzel.com\/fr\/wp-json\/wp\/v2\/product_cat?post=4606"},{"taxonomy":"product_tag","embeddable":true,"href":"https:\/\/www.karl-wetzel.com\/fr\/wp-json\/wp\/v2\/product_tag?post=4606"}],"curies":[{"name":"wp","href":"https:\/\/api.w.org\/{rel}","templated":true}]}}