{"id":4478,"date":"2021-12-26T10:53:20","date_gmt":"2022-01-16T10:30:07","guid":{"rendered":"https:\/\/www.karl-wetzel.com\/produkt\/chauffage-a-induction-thermy-2-complet\/"},"modified":"2022-01-16T11:30:09","modified_gmt":"2022-01-16T10:30:09","slug":"chauffage-par-induction-thermy-2-complet","status":"publish","type":"product","link":"https:\/\/www.karl-wetzel.com\/fr\/produit\/chauffage-par-induction-thermy-2-complet\/","title":{"rendered":"Chauffage \u00e0 induction Thermy 2 complet"},"content":{"rendered":"<p>Avec le chauffage par induction JE-2, toutes les pi\u00e8ces m\u00e9talliques peuvent \u00eatre chauff\u00e9es efficacement, uniform\u00e9ment et proprement pour le r\u00e9tr\u00e9cissement.<br \/>\nLes pi\u00e8ces \u00e0 chauffer sont pouss\u00e9es sur la barre de support appropri\u00e9e et plac\u00e9es sur les p\u00f4les de la culasse de l&rsquo;aimant.<br \/>\nLe temps de chauffage d&rsquo;un roulement \u00e0 billes, par exemple 6209, est d&rsquo;environ 1 minute. \u00c9tant donn\u00e9 que l&rsquo;\u00e9chafaudage et les lattes de support restent froids, le risque de blessure est minimis\u00e9 autant que possible.<\/p>\n","protected":false},"excerpt":{"rendered":"<h2>Sp\u00e9cifications techniques:<\/h2>\n<table id=\"Tabelle12\" border=\"1\">\n<tbody>\n<tr>\n<td id=\"Zelle255\" colspan=\"2\">Chauffage par induction JE-2<b><\/b><\/td>\n<\/tr>\n<tr>\n<td id=\"Zelle257\">Longueur:<\/td>\n<td id=\"Zelle258\">270mm<\/td>\n<\/tr>\n<tr>\n<td id=\"Zelle259\">Large:<\/td>\n<td id=\"Zelle260\">200mm<\/td>\n<\/tr>\n<tr>\n<td id=\"Zelle261\">Hauteur:<\/td>\n<td id=\"Zelle262\">250mm<\/td>\n<\/tr>\n<tr>\n<td id=\"Zelle263\">Connexion \u00e9lectrique:<\/td>\n<td id=\"Zelle264\">230V; 16A<\/td>\n<\/tr>\n<tr>\n<td id=\"Zelle265\">N\u00b0 d&rsquo;article sans accessoires :<\/td>\n<td id=\"Zelle266\">9.260.15<\/td>\n<\/tr>\n<\/tbody>\n<\/table>\n<h2>\u00c9quipement:<\/h2>\n<table id=\"Tabelle13\" border=\"1\">\n<tbody>\n<tr>\n<td id=\"Zelle268\">la d\u00e9signation<\/td>\n<td id=\"Zelle269\">Num\u00e9ro d&rsquo;article<\/td>\n<\/tr>\n<tr>\n<td id=\"Zelle270\">Barre de support : 8 x 6 x 240 mm<\/td>\n<td id=\"Zelle271\">9.260.20<\/td>\n<\/tr>\n<tr>\n<td id=\"Zelle278\">Barre de support : 10 x 10 x 240 mm<\/td>\n<td id=\"Zelle279\">9.260.22<\/td>\n<\/tr>\n<tr>\n<td id=\"Zelle280\">Barre de support : 14 x 14 x 240 mm<\/td>\n<td id=\"Zelle281\">9.260.23<\/td>\n<\/tr>\n<tr>\n<td id=\"Zelle282\">Barre de support : 20 x 20 x 240 mm<\/td>\n<td id=\"Zelle283\">9.260.24<\/td>\n<\/tr>\n<tr>\n<td id=\"Zelle284\">Barre de support : 17 x 17 x 240 mm<\/td>\n<td id=\"Zelle285\">9.260.25<\/td>\n<\/tr>\n<tr>\n<td id=\"Zelle286\">Barre de support : 25 x 25 x 240 mm<\/td>\n<td id=\"Zelle287\">9.260.26<\/td>\n<\/tr>\n<tr>\n<td id=\"Zelle288\">Barre de support : 30 x 30 x 240 mm<\/td>\n<td id=\"Zelle289\">9.260.28<\/td>\n<\/tr>\n<tr>\n<td id=\"Zelle290\">Barre de support : 40 x 40 x 240 mm<\/td>\n<td id=\"Zelle291\">9.260.30<\/td>\n<\/tr>\n<tr>\n<td id=\"Zelle292\">Barre de support : 50 x 50 x 240 mm<\/td>\n<td id=\"Zelle293\">9.260.32<\/td>\n<\/tr>\n<tr>\n<td id=\"Zelle294\">1 paire d&rsquo;extensions de m\u00e2ts : 50 x 50 x 120 mm<\/td>\n<td id=\"Zelle295\">9.260.33<\/td>\n<\/tr>\n<tr>\n<td id=\"Zelle296\">1 paire d&rsquo;extensions de m\u00e2ts : 50 x 50 x 60 mm<\/td>\n<td id=\"Zelle297\">9.260.35<\/td>\n<\/tr>\n<\/tbody>\n<\/table>\n<p>De plus, un r\u00e9gulateur de temp\u00e9rature thermique peut \u00eatre connect\u00e9, qui peut \u00eatre r\u00e9gl\u00e9 de 0 \u00e0 300 \u00b0C. D&rsquo;autres options de contr\u00f4leur de temp\u00e9rature thermique incluent une minuterie de 0,3 \u00e0 5,0 min. et un dispositif de d\u00e9magn\u00e9tisation.<\/p>\n<h2>Sp\u00e9cifications techniques:<\/h2>\n<table id=\"Tabelle15\" border=\"1\">\n<tbody>\n<tr>\n<td id=\"Zelle310\">la d\u00e9signation<\/td>\n<td id=\"Zelle311\">Num\u00e9ro d&rsquo;article<\/td>\n<\/tr>\n<tr>\n<td id=\"Zelle312\">R\u00e9gulateur de temp\u00e9rature thermique 0 &#8211; 300 C<\/td>\n<td id=\"Zelle313\">9.260.50<\/td>\n<\/tr>\n<tr>\n<td id=\"Zelle314\">Minuterie 0,3 &#8211; 5,0 min.<\/td>\n<td id=\"Zelle315\">9.260.40<\/td>\n<\/tr>\n<tr>\n<td id=\"Zelle316\">dispositif de d\u00e9magn\u00e9tisation<\/td>\n<td id=\"Zelle317\">9.260.60<\/td>\n<\/tr>\n<\/tbody>\n<\/table>\n<h2>JE-2 complet (n\u00b0 d&rsquo;article 9.260.10) :<\/h2>\n<div id=\"Text60LYR\" class=\"TextObject\">\n<p>Compos\u00e9 de:<\/p>\n<\/div>\n<div id=\"Tabelle17LYR\">\n<table id=\"Tabelle17\" border=\"1\">\n<tbody>\n<tr>\n<td id=\"Zelle374\">Chauffage par induction JE 2<\/td>\n<td id=\"Zelle375\">9.260.15<\/td>\n<\/tr>\n<tr>\n<td id=\"Zelle382\">Barre de support : 8 x 6 x 240 mm<\/td>\n<td id=\"Zelle383\">9.260.20<\/td>\n<\/tr>\n<tr>\n<td id=\"Zelle384\">Barre de support : 10 x 10 x 240 mm<\/td>\n<td id=\"Zelle385\">9.260.22<\/td>\n<\/tr>\n<tr>\n<td id=\"Zelle386\">Barre de support : 20 x 20 x 240 mm<\/td>\n<td id=\"Zelle387\">9.260.24<\/td>\n<\/tr>\n<tr>\n<td id=\"Zelle388\">Barre de support : 25 x 25 x 240 mm<\/td>\n<td id=\"Zelle389\">9.260.26<\/td>\n<\/tr>\n<tr>\n<td id=\"Zelle390\">Barre de support : 30 x 30 x 240 mm<\/td>\n<td id=\"Zelle391\">9.260.28<\/td>\n<\/tr>\n<tr>\n<td id=\"Zelle392\">Barre de support : 40 x 40 x 240 mm<\/td>\n<td id=\"Zelle393\">9.260.30<\/td>\n<\/tr>\n<tr>\n<td id=\"Zelle394\">R\u00e9gulateur de temp\u00e9rature thermique 0 &#8211; 300 C<\/td>\n<td id=\"Zelle395\">9.260.50<\/td>\n<\/tr>\n<tr>\n<td id=\"Zelle396\">Minuterie 0,3 &#8211; 5,0 min.<\/td>\n<td id=\"Zelle397\">9.260.40<\/td>\n<\/tr>\n<tr>\n<td id=\"Zelle398\">dispositif de d\u00e9magn\u00e9tisation<\/td>\n<td id=\"Zelle399\">9.260.60<\/td>\n<\/tr>\n<\/tbody>\n<\/table>\n<\/div>\n","protected":false},"featured_media":2967,"comment_status":"closed","ping_status":"closed","template":"","meta":[],"product_brand":[],"product_cat":[157],"product_tag":[],"class_list":{"0":"post-4478","1":"product","2":"type-product","3":"status-publish","4":"has-post-thumbnail","6":"product_cat-outils","8":"first","9":"instock","10":"taxable","11":"shipping-taxable","12":"product-type-variable"},"_links":{"self":[{"href":"https:\/\/www.karl-wetzel.com\/fr\/wp-json\/wp\/v2\/product\/4478","targetHints":{"allow":["GET"]}}],"collection":[{"href":"https:\/\/www.karl-wetzel.com\/fr\/wp-json\/wp\/v2\/product"}],"about":[{"href":"https:\/\/www.karl-wetzel.com\/fr\/wp-json\/wp\/v2\/types\/product"}],"replies":[{"embeddable":true,"href":"https:\/\/www.karl-wetzel.com\/fr\/wp-json\/wp\/v2\/comments?post=4478"}],"wp:featuredmedia":[{"embeddable":true,"href":"https:\/\/www.karl-wetzel.com\/fr\/wp-json\/wp\/v2\/media\/2967"}],"wp:attachment":[{"href":"https:\/\/www.karl-wetzel.com\/fr\/wp-json\/wp\/v2\/media?parent=4478"}],"wp:term":[{"taxonomy":"product_brand","embeddable":true,"href":"https:\/\/www.karl-wetzel.com\/fr\/wp-json\/wp\/v2\/product_brand?post=4478"},{"taxonomy":"product_cat","embeddable":true,"href":"https:\/\/www.karl-wetzel.com\/fr\/wp-json\/wp\/v2\/product_cat?post=4478"},{"taxonomy":"product_tag","embeddable":true,"href":"https:\/\/www.karl-wetzel.com\/fr\/wp-json\/wp\/v2\/product_tag?post=4478"}],"curies":[{"name":"wp","href":"https:\/\/api.w.org\/{rel}","templated":true}]}}