{"id":4395,"date":"2021-12-26T10:53:53","date_gmt":"2022-01-16T10:23:03","guid":{"rendered":"https:\/\/www.karl-wetzel.com\/produkt\/aiguilles-de-tirage-aiguilles-aveugles\/"},"modified":"2022-05-29T14:48:06","modified_gmt":"2022-05-29T12:48:06","slug":"aiguilles-de-tirage-aiguilles-factices","status":"publish","type":"product","link":"https:\/\/www.karl-wetzel.com\/fr\/produit\/aiguilles-de-tirage-aiguilles-factices\/","title":{"rendered":"Aiguilles de tirage \/ aiguilles aveugles"},"content":{"rendered":"<p>Le mat\u00e9riau de support de l&rsquo;aiguille d&rsquo;insertion est en GRP. La l\u00e8vre est en acier tremp\u00e9 pour minimiser l&rsquo;usure. L&rsquo;avantage de cette aiguille \u00e0 enfiler r\u00e9side dans sa flexibilit\u00e9, ce qui signifie qu&rsquo;il est \u00e9galement possible d&rsquo;enfiler des stators torsad\u00e9s. L&rsquo;aiguille d&rsquo;insertion est en deux parties et peut \u00eatre command\u00e9e individuellement<\/p>\n","protected":false},"excerpt":{"rendered":"<h1><strong>Aiguilles \u00e0 dessin :<\/strong><\/h1>\n<table style=\"height: 264px;\" width=\"355\">\n<tbody>\n<tr>\n<td width=\"80\">la d\u00e9signation<\/td>\n<td width=\"89\">Taille<\/td>\n<td width=\"80\">Couleur<\/td>\n<td width=\"80\">Num\u00e9ro d&rsquo;article<\/td>\n<\/tr>\n<tr>\n<td>aiguille \u00e0 dessin<\/td>\n<td>1<\/td>\n<td>rouge<\/td>\n<td>7.105.60<\/td>\n<\/tr>\n<tr>\n<td>aiguille \u00e0 dessin<\/td>\n<td>1<\/td>\n<td>Jaune<\/td>\n<td>7.105.63<\/td>\n<\/tr>\n<tr>\n<td>aiguille \u00e0 dessin<\/td>\n<td>1<\/td>\n<td>bleu<\/td>\n<td>7.105.66<\/td>\n<\/tr>\n<tr>\n<td>aiguille \u00e0 dessin<\/td>\n<td>2<\/td>\n<td>rouge<\/td>\n<td>7.105.80<\/td>\n<\/tr>\n<tr>\n<td>aiguille \u00e0 dessin<\/td>\n<td>2<\/td>\n<td>noir<\/td>\n<td>7.105.83<\/td>\n<\/tr>\n<tr>\n<td>aiguille \u00e0 dessin<\/td>\n<td>3<\/td>\n<td>rouge<\/td>\n<td>7.105.90<\/td>\n<\/tr>\n<tr>\n<td>aiguille \u00e0 dessin<\/td>\n<td>3<\/td>\n<td>noir<\/td>\n<td>7.105.94<\/td>\n<\/tr>\n<\/tbody>\n<\/table>\n<p>&nbsp;<\/p>\n<h1><strong>aiguilles aveugles :<\/strong><\/h1>\n<table style=\"height: 242px;\" width=\"355\">\n<tbody>\n<tr>\n<td width=\"80\">la d\u00e9signation<\/td>\n<td width=\"89\">Taille<\/td>\n<td width=\"80\">Couleur<\/td>\n<td width=\"80\">Num\u00e9ro d&rsquo;article<\/td>\n<\/tr>\n<tr>\n<td>aiguille aveugle<\/td>\n<td width=\"89\">1<\/td>\n<td width=\"80\">Jaune<\/td>\n<td width=\"80\">7.105.69<\/td>\n<\/tr>\n<tr>\n<td>aiguille aveugle<\/td>\n<td width=\"89\">1<\/td>\n<td width=\"80\">bleu<\/td>\n<td width=\"80\">7.105.70<\/td>\n<\/tr>\n<tr>\n<td>aiguille aveugle<\/td>\n<td width=\"89\">2<\/td>\n<td width=\"80\">rouge<\/td>\n<td width=\"80\">7.105.86<\/td>\n<\/tr>\n<tr>\n<td>aiguille aveugle<\/td>\n<td width=\"89\">2<\/td>\n<td width=\"80\">noir<\/td>\n<td width=\"80\">7.105.87<\/td>\n<\/tr>\n<tr>\n<td>aiguille aveugle<\/td>\n<td width=\"89\">3<\/td>\n<td width=\"80\">rouge<\/td>\n<td width=\"80\">7.105.93<\/td>\n<\/tr>\n<tr>\n<td>aiguille aveugle<\/td>\n<td width=\"89\">3<\/td>\n<td width=\"80\">noir<\/td>\n<td width=\"80\">7.105.97<\/td>\n<\/tr>\n<\/tbody>\n<\/table>\n","protected":false},"featured_media":2979,"comment_status":"closed","ping_status":"closed","template":"","meta":[],"product_brand":[],"product_cat":[157],"product_tag":[],"class_list":{"0":"post-4395","1":"product","2":"type-product","3":"status-publish","4":"has-post-thumbnail","6":"product_cat-outils","8":"first","9":"instock","10":"taxable","11":"shipping-taxable","12":"product-type-variable"},"_links":{"self":[{"href":"https:\/\/www.karl-wetzel.com\/fr\/wp-json\/wp\/v2\/product\/4395","targetHints":{"allow":["GET"]}}],"collection":[{"href":"https:\/\/www.karl-wetzel.com\/fr\/wp-json\/wp\/v2\/product"}],"about":[{"href":"https:\/\/www.karl-wetzel.com\/fr\/wp-json\/wp\/v2\/types\/product"}],"replies":[{"embeddable":true,"href":"https:\/\/www.karl-wetzel.com\/fr\/wp-json\/wp\/v2\/comments?post=4395"}],"wp:featuredmedia":[{"embeddable":true,"href":"https:\/\/www.karl-wetzel.com\/fr\/wp-json\/wp\/v2\/media\/2979"}],"wp:attachment":[{"href":"https:\/\/www.karl-wetzel.com\/fr\/wp-json\/wp\/v2\/media?parent=4395"}],"wp:term":[{"taxonomy":"product_brand","embeddable":true,"href":"https:\/\/www.karl-wetzel.com\/fr\/wp-json\/wp\/v2\/product_brand?post=4395"},{"taxonomy":"product_cat","embeddable":true,"href":"https:\/\/www.karl-wetzel.com\/fr\/wp-json\/wp\/v2\/product_cat?post=4395"},{"taxonomy":"product_tag","embeddable":true,"href":"https:\/\/www.karl-wetzel.com\/fr\/wp-json\/wp\/v2\/product_tag?post=4395"}],"curies":[{"name":"wp","href":"https:\/\/api.w.org\/{rel}","templated":true}]}}