{"id":4336,"date":"2021-12-26T10:58:35","date_gmt":"2022-01-16T10:22:25","guid":{"rendered":"https:\/\/www.karl-wetzel.com\/produkt\/mortaiseuse-a-fente\/"},"modified":"2022-11-03T08:55:49","modified_gmt":"2022-11-03T07:55:49","slug":"mortaiseuse-a-noix","status":"publish","type":"product","link":"https:\/\/www.karl-wetzel.com\/fr\/produit\/mortaiseuse-a-noix\/","title":{"rendered":"mortaiseuse \u00e0 fente"},"content":{"rendered":"<p>Les mortaiseuses \u00e0 fente sont utilis\u00e9es pour piquer les fils dans les fentes des stators et des rotors. Il existe 14 tailles diff\u00e9rentes de 3 \u00e0 12 mm. Cette conception stable est frais\u00e9e \u00e0 partir d&rsquo;acier et galvanis\u00e9e.<\/p>\n","protected":false},"excerpt":{"rendered":"<table style=\"height: 813px;\" width=\"335\">\n<tbody>\n<tr>\n<td width=\"66\">Num\u00e9ro d&rsquo;article<\/td>\n<td width=\"210\">la description<\/td>\n<\/tr>\n<tr>\n<td width=\"66\">9.255.01<\/td>\n<td width=\"210\">Mortaiseuse \u00e0 \u00e9crou avec manche 3,0 mm<\/td>\n<\/tr>\n<tr>\n<td width=\"66\">9.255.02<\/td>\n<td width=\"210\">Mortaiseuse \u00e0 \u00e9crou avec manche 3,5 mm<\/td>\n<\/tr>\n<tr>\n<td width=\"66\">9.255.03<\/td>\n<td width=\"210\">Mortaiseuse \u00e0 \u00e9crou avec manche 4,0 mm<\/td>\n<\/tr>\n<tr>\n<td width=\"66\">9.255.04<\/td>\n<td width=\"210\">Mortaiseuse \u00e0 \u00e9crou avec manche 4,5 mm<\/td>\n<\/tr>\n<tr>\n<td width=\"66\">9.255.05<\/td>\n<td width=\"210\">Mortaiseuse \u00e0 \u00e9crou avec manche 5,0 mm<\/td>\n<\/tr>\n<tr>\n<td width=\"66\">9.255.06<\/td>\n<td width=\"210\">Mortaiseuse \u00e0 \u00e9crou avec manche 5,5 mm<\/td>\n<\/tr>\n<tr>\n<td width=\"66\">9.255.07<\/td>\n<td width=\"210\">Mortaiseuse \u00e0 \u00e9crou avec manche 6,0 mm<\/td>\n<\/tr>\n<tr>\n<td width=\"66\">9.255.08<\/td>\n<td width=\"210\">Mortaiseuse \u00e0 \u00e9crou avec manche 6,5 mm<\/td>\n<\/tr>\n<tr>\n<td width=\"66\">9.255.09<\/td>\n<td width=\"210\">Mortaiseuse \u00e0 \u00e9crou avec manche 7,5 mm<\/td>\n<\/tr>\n<tr>\n<td width=\"66\">9.255.10<\/td>\n<td width=\"210\">Mortaiseuse \u00e0 \u00e9crou avec manche 8,5 mm<\/td>\n<\/tr>\n<tr>\n<td width=\"66\">9.255.11<\/td>\n<td width=\"210\">Mortaiseuse \u00e0 \u00e9crou avec manche 9,5 mm<\/td>\n<\/tr>\n<tr>\n<td width=\"66\">9.255.12<\/td>\n<td width=\"210\">Mortaiseuse \u00e0 \u00e9crou avec poign\u00e9e 10,0 mm<\/td>\n<\/tr>\n<tr>\n<td width=\"66\">9.255.13<\/td>\n<td width=\"210\">Mortaiseuse \u00e0 \u00e9crou avec manche 11,0 mm<\/td>\n<\/tr>\n<tr>\n<td width=\"66\">9.255.14<\/td>\n<td width=\"210\">Mortaiseuse \u00e0 \u00e9crou avec manche 12,0 mm<\/td>\n<\/tr>\n<\/tbody>\n<\/table>\n","protected":false},"featured_media":10706,"comment_status":"closed","ping_status":"closed","template":"","meta":[],"product_brand":[],"product_cat":[157],"product_tag":[],"class_list":{"0":"post-4336","1":"product","2":"type-product","3":"status-publish","4":"has-post-thumbnail","6":"product_cat-outils","8":"first","9":"instock","10":"taxable","11":"shipping-taxable","12":"product-type-variable"},"_links":{"self":[{"href":"https:\/\/www.karl-wetzel.com\/fr\/wp-json\/wp\/v2\/product\/4336","targetHints":{"allow":["GET"]}}],"collection":[{"href":"https:\/\/www.karl-wetzel.com\/fr\/wp-json\/wp\/v2\/product"}],"about":[{"href":"https:\/\/www.karl-wetzel.com\/fr\/wp-json\/wp\/v2\/types\/product"}],"replies":[{"embeddable":true,"href":"https:\/\/www.karl-wetzel.com\/fr\/wp-json\/wp\/v2\/comments?post=4336"}],"wp:featuredmedia":[{"embeddable":true,"href":"https:\/\/www.karl-wetzel.com\/fr\/wp-json\/wp\/v2\/media\/10706"}],"wp:attachment":[{"href":"https:\/\/www.karl-wetzel.com\/fr\/wp-json\/wp\/v2\/media?parent=4336"}],"wp:term":[{"taxonomy":"product_brand","embeddable":true,"href":"https:\/\/www.karl-wetzel.com\/fr\/wp-json\/wp\/v2\/product_brand?post=4336"},{"taxonomy":"product_cat","embeddable":true,"href":"https:\/\/www.karl-wetzel.com\/fr\/wp-json\/wp\/v2\/product_cat?post=4336"},{"taxonomy":"product_tag","embeddable":true,"href":"https:\/\/www.karl-wetzel.com\/fr\/wp-json\/wp\/v2\/product_tag?post=4336"}],"curies":[{"name":"wp","href":"https:\/\/api.w.org\/{rel}","templated":true}]}}