{"id":4303,"date":"2021-12-26T10:59:25","date_gmt":"2022-01-16T10:20:52","guid":{"rendered":"https:\/\/www.karl-wetzel.com\/produkt\/unite-destampage-des-bandes-isolantes-dpz\/"},"modified":"2023-05-06T15:52:54","modified_gmt":"2023-05-06T13:52:54","slug":"unite-de-poinconnage-dpz-bandes-isolantes","status":"publish","type":"product","link":"https:\/\/www.karl-wetzel.com\/fr\/produit\/unite-de-poinconnage-dpz-bandes-isolantes\/","title":{"rendered":"Unit\u00e9 d&rsquo;estampage Isolation de phase DPZ"},"content":{"rendered":"<p>Avec cette unit\u00e9 de poin\u00e7onnage contr\u00f4l\u00e9e, vous pouvez poin\u00e7onner l&rsquo;isolation de phase rapidement et efficacement, fid\u00e8le \u00e0 la forme. La machine est disponible en 3 tailles, chacune indiquant la hauteur et la largeur du papier isolant.<\/p>\n<p><span style=\"color: #000080;\">Information:<\/span><br \/>\n<span style=\"color: #000080;\">Les s\u00e9parateurs de phases sont des pi\u00e8ces moul\u00e9es isolantes qui sont poin\u00e7onn\u00e9es dans diff\u00e9rentes formes et tailles. Ils ont g\u00e9n\u00e9ralement des formes arrondies. Il est utilis\u00e9 \u00e0 l&rsquo;extr\u00e9mit\u00e9 de l&rsquo;enroulement pour isoler les phases individuelles des enroulements les unes des autres. Les moteurs \u00e9tant alors coul\u00e9s, les isolants absorbants sont particuli\u00e8rement adapt\u00e9s.<\/span><\/p>\n","protected":false},"excerpt":{"rendered":"<h2>Sp\u00e9cifications techniques:<\/h2>\n<table>\n<tbody>\n<tr>\n<td>Taille:<\/td>\n<td width=\"120\">DPZ 150<\/td>\n<td width=\"120\">DPZ 300<\/td>\n<td width=\"120\">DPZ 450<\/td>\n<\/tr>\n<tr>\n<td>largeur de poin\u00e7onnage<\/td>\n<td width=\"120\">150mm<\/td>\n<td width=\"120\">300mm<\/td>\n<td width=\"120\">450mm<\/td>\n<\/tr>\n<tr>\n<td>longueur du poin\u00e7on<\/td>\n<td width=\"120\">150mm<\/td>\n<td width=\"120\">300mm<\/td>\n<td width=\"120\">450mm<\/td>\n<\/tr>\n<tr>\n<td>Moyeu:<\/td>\n<td width=\"120\">50mm<\/td>\n<td width=\"120\">50mm<\/td>\n<td width=\"120\">50mm<\/td>\n<\/tr>\n<tr>\n<td>Dimension:<\/td>\n<td width=\"120\">80x120x150cm<\/td>\n<td width=\"120\">80x120x150cm<\/td>\n<td width=\"120\">80x120x150cm<\/td>\n<\/tr>\n<tr>\n<td>Poids:<\/td>\n<td width=\"120\">150 kg<\/td>\n<td width=\"120\">210 kg<\/td>\n<td width=\"120\">320KG<\/td>\n<\/tr>\n<tr>\n<td>Num\u00e9ro d&rsquo;article&nbsp;:<\/td>\n<td width=\"120\">3.172.00<\/td>\n<td width=\"120\">3.172.10<\/td>\n<td width=\"120\">3.172.20<\/td>\n<\/tr>\n<\/tbody>\n<\/table>\n<p>&nbsp;<\/p>\n","protected":false},"featured_media":2997,"comment_status":"closed","ping_status":"closed","template":"","meta":[],"product_brand":[],"product_cat":[312],"product_tag":[],"class_list":{"0":"post-4303","1":"product","2":"type-product","3":"status-publish","4":"has-post-thumbnail","6":"product_cat-couper","8":"first","9":"instock","10":"taxable","11":"shipping-taxable","12":"product-type-variable"},"_links":{"self":[{"href":"https:\/\/www.karl-wetzel.com\/fr\/wp-json\/wp\/v2\/product\/4303","targetHints":{"allow":["GET"]}}],"collection":[{"href":"https:\/\/www.karl-wetzel.com\/fr\/wp-json\/wp\/v2\/product"}],"about":[{"href":"https:\/\/www.karl-wetzel.com\/fr\/wp-json\/wp\/v2\/types\/product"}],"replies":[{"embeddable":true,"href":"https:\/\/www.karl-wetzel.com\/fr\/wp-json\/wp\/v2\/comments?post=4303"}],"wp:featuredmedia":[{"embeddable":true,"href":"https:\/\/www.karl-wetzel.com\/fr\/wp-json\/wp\/v2\/media\/2997"}],"wp:attachment":[{"href":"https:\/\/www.karl-wetzel.com\/fr\/wp-json\/wp\/v2\/media?parent=4303"}],"wp:term":[{"taxonomy":"product_brand","embeddable":true,"href":"https:\/\/www.karl-wetzel.com\/fr\/wp-json\/wp\/v2\/product_brand?post=4303"},{"taxonomy":"product_cat","embeddable":true,"href":"https:\/\/www.karl-wetzel.com\/fr\/wp-json\/wp\/v2\/product_cat?post=4303"},{"taxonomy":"product_tag","embeddable":true,"href":"https:\/\/www.karl-wetzel.com\/fr\/wp-json\/wp\/v2\/product_tag?post=4303"}],"curies":[{"name":"wp","href":"https:\/\/api.w.org\/{rel}","templated":true}]}}