{"id":4298,"date":"2021-12-26T10:59:54","date_gmt":"2021-12-26T09:59:54","guid":{"rendered":"https:\/\/www.karl-wetzel.com\/produkt\/appareil-de-controle-pi-5000\/"},"modified":"2025-10-27T12:29:13","modified_gmt":"2025-10-27T11:29:13","slug":"testeur-pi-5000","status":"publish","type":"product","link":"https:\/\/www.karl-wetzel.com\/fr\/produit\/testeur-pi-5000\/","title":{"rendered":"Appareil de contr\u00f4le PI 5000"},"content":{"rendered":"<p>Testeur pour haute tension et induction :<\/p>\n<p>Le PI 5000 est un appareil pratique et facile \u00e0 utiliser pour les tests haute tension des \u00e9quipements \u00e9lectriques. Sa capacit\u00e9 \u00e0 effectuer une mesure de comparaison d&rsquo;inductance est unique.<\/p>\n<p>Une particularit\u00e9 du PI 5000, en plus du test d&rsquo;inductance, est le test non destructif ou la mesure avec des tensions jusqu&rsquo;\u00e0 4750 V DC. Le test haute tension offre des avantages syst\u00e9matiques dans le test de r\u00e9sistance d&rsquo;isolement, car il d\u00e9tecte \u00e9galement des effets qui ne se produisent parfois pas avec une tension de test inf\u00e9rieure. Une mesure directe de la r\u00e9sistance d&rsquo;isolement est possible dans la plage de 250 k\u03a9 \u00e0 200 M\u03a9. Les r\u00e9sistances d&rsquo;isolement en dehors de ces plages peuvent \u00e9galement \u00eatre d\u00e9tect\u00e9es par des r\u00e9glages de tension appropri\u00e9s.<\/p>\n<p>Le PI 5000 correspond aux normes les plus r\u00e9centes, est homologu\u00e9 T\u00dcV et peut \u00eatre fourni avec un certificat d&rsquo;\u00e9talonnage sur demande.<\/p>\n","protected":false},"excerpt":{"rendered":"<p>Testeur pour haute tension et induction : Le PI 5000 est un appareil pratique et facile \u00e0 utiliser pour les tests haute tension des \u00e9quipements \u00e9lectriques. Sa capacit\u00e9 \u00e0 effectuer une mesure de comparaison d&rsquo;inductance est unique. Une particularit\u00e9 du PI 5000, en plus du test d&rsquo;inductance, est le test non destructif ou la mesure &#8230; <a title=\"Appareil de contr\u00f4le PI 5000\" class=\"read-more\" href=\"https:\/\/www.karl-wetzel.com\/fr\/produit\/testeur-pi-5000\/\" aria-label=\"En savoir plus sur Appareil de contr\u00f4le PI 5000\">Lire la suite<\/a><\/p>\n","protected":false},"featured_media":12931,"comment_status":"open","ping_status":"closed","template":"","meta":[],"product_brand":[],"product_cat":[152],"product_tag":[],"class_list":{"0":"post-4298","1":"product","2":"type-product","3":"status-publish","4":"has-post-thumbnail","6":"product_cat-cheque","8":"first","9":"instock","10":"taxable","11":"shipping-taxable","12":"product-type-simple"},"_links":{"self":[{"href":"https:\/\/www.karl-wetzel.com\/fr\/wp-json\/wp\/v2\/product\/4298","targetHints":{"allow":["GET"]}}],"collection":[{"href":"https:\/\/www.karl-wetzel.com\/fr\/wp-json\/wp\/v2\/product"}],"about":[{"href":"https:\/\/www.karl-wetzel.com\/fr\/wp-json\/wp\/v2\/types\/product"}],"replies":[{"embeddable":true,"href":"https:\/\/www.karl-wetzel.com\/fr\/wp-json\/wp\/v2\/comments?post=4298"}],"wp:featuredmedia":[{"embeddable":true,"href":"https:\/\/www.karl-wetzel.com\/fr\/wp-json\/wp\/v2\/media\/12931"}],"wp:attachment":[{"href":"https:\/\/www.karl-wetzel.com\/fr\/wp-json\/wp\/v2\/media?parent=4298"}],"wp:term":[{"taxonomy":"product_brand","embeddable":true,"href":"https:\/\/www.karl-wetzel.com\/fr\/wp-json\/wp\/v2\/product_brand?post=4298"},{"taxonomy":"product_cat","embeddable":true,"href":"https:\/\/www.karl-wetzel.com\/fr\/wp-json\/wp\/v2\/product_cat?post=4298"},{"taxonomy":"product_tag","embeddable":true,"href":"https:\/\/www.karl-wetzel.com\/fr\/wp-json\/wp\/v2\/product_tag?post=4298"}],"curies":[{"name":"wp","href":"https:\/\/api.w.org\/{rel}","templated":true}]}}