{"id":4291,"date":"2021-12-26T10:59:54","date_gmt":"2022-01-16T10:19:51","guid":{"rendered":"https:\/\/www.karl-wetzel.com\/produkt\/anneau-de-verrouillage-type-b\/"},"modified":"2024-09-20T10:10:24","modified_gmt":"2024-09-20T08:10:24","slug":"bague-de-serrage-type-b","status":"publish","type":"product","link":"https:\/\/www.karl-wetzel.com\/fr\/produit\/bague-de-serrage-type-b\/","title":{"rendered":"ANNEAU DE VERROUILLAGE TYPE B"},"content":{"rendered":"<h2>\u00c9quipement:<\/h2>\n<table style=\"height: 311px;\" width=\"500\">\n<tbody>\n<tr>\n<td width=\"186\">Jeu de ciseaux de serrage (3 pi\u00e8ces)<\/td>\n<td width=\"167\">Diam\u00e8tre de serrage<\/td>\n<td width=\"103\">R\u00e9f.<\/td>\n<\/tr>\n<tr>\n<td width=\"186\">pour anneau \u00ab\u00a0200\u00a0\u00bb \u00e0 un \u00e9tage<\/td>\n<td width=\"167\">env. 55 &#8211; 140 mm<\/td>\n<td width=\"103\">7.051.10<\/td>\n<\/tr>\n<tr>\n<td width=\"186\">pour anneau \u00ab\u00a0350\u00a0\u00bb \u00e0 un \u00e9tage<\/td>\n<td width=\"167\">env. 75 &#8211; 275 mm<\/td>\n<td width=\"103\">7.051.20<\/td>\n<\/tr>\n<tr>\n<td width=\"186\">pour anneau \u00ab\u00a0500\u00a0\u00bb \u00e0 un \u00e9tage<\/td>\n<td width=\"167\">env. 275 &#8211; 380 mm<\/td>\n<td width=\"103\">7.051.30<\/td>\n<\/tr>\n<tr>\n<td width=\"186\">pour anneau \u00ab\u00a0200\u00a0\u00bb \u00e0 deux \u00e9tages<\/td>\n<td width=\"167\">env. 15 &#8211; 100 mm<\/td>\n<td width=\"103\">7.051.40<\/td>\n<\/tr>\n<tr>\n<td width=\"186\">pour anneau \u00ab\u00a0350\u00a0\u00bb \u00e0 deux \u00e9tages<\/td>\n<td width=\"167\">env. 25 &#8211; 225 mm<\/td>\n<td width=\"103\">7.051.50<\/td>\n<\/tr>\n<tr>\n<td width=\"186\">pour anneau \u00ab\u00a0500\u00a0\u00bb \u00e0 deux \u00e9tages<\/td>\n<td width=\"167\">env. 95 &#8211; 320 mm<\/td>\n<td width=\"103\">7.051.60<\/td>\n<\/tr>\n<\/tbody>\n<\/table>\n","protected":false},"excerpt":{"rendered":"<p>La bague de serrage \u00ab\u00a0B\u00a0\u00bb peut \u00eatre tourn\u00e9e dans n&rsquo;importe quelle position inclin\u00e9e ou horizontale. Cet avantage est particuli\u00e8rement souhaitable lorsque l&rsquo;instillation, la commutation et le bandage sont effectu\u00e9s sur un m\u00eame lieu de travail. L&rsquo;anneau peut pivoter librement en 3 dimensions et est accessible de tous les c\u00f4t\u00e9s, ce qui permet d&rsquo;obtenir les meilleures conditions de travail. La zone du ring est \u00e9quip\u00e9e d&rsquo;un \u00e9clairage et d&rsquo;un r\u00e9glage \u00e9lectrique de la hauteur via un appareil de commande manuel.  <strong>Sp\u00e9cifications techniques:<\/strong><\/p>\n<div id=\"Tabelle10LYR\">\n<div id=\"Tabelle6LYR\">\n<table style=\"height: 196px;\" width=\"581\">\n<tbody>\n<tr>\n<td width=\"186\">Bague de serrage :<\/td>\n<td width=\"101\">B-200<\/td>\n<td width=\"101\">B-350<\/td>\n<td width=\"101\">B-500<\/td>\n<\/tr>\n<tr>\n<td width=\"186\">diam\u00e8tre de serrage :<\/td>\n<td width=\"101\">Max. D 160mm<\/td>\n<td width=\"101\">Max. D 310mm<\/td>\n<td width=\"101\">Max. D 450mm<\/td>\n<\/tr>\n<tr>\n<td width=\"186\">Poids de serrage :<\/td>\n<td width=\"101\">jusqu&rsquo;\u00e0 env. 30 kg<\/td>\n<td width=\"101\">, jusqu&rsquo;\u00e0 env. 70 kg,<\/td>\n<td width=\"101\">jusqu&rsquo;\u00e0 env.<\/td>\n<\/tr>\n<tr>\n<td width=\"186\">Poids :<\/td>\n<td width=\"101\">26 kg<\/td>\n<td width=\"101\">61 kg<\/td>\n<td width=\"101\">122 kg<\/td>\n<\/tr>\n<tr>\n<td width=\"186\">N\u00b0 d&rsquo;article :<\/td>\n<td width=\"101\">4.077.10<\/td>\n<td width=\"101\">4.077.20<\/td>\n<td width=\"101\">4.077.30<\/td>\n<\/tr>\n<\/tbody>\n<\/table>\n<\/div>\n<\/div>\n<p><span style=\"color: #ff0000;\"><a style=\"color: #ff0000;\" href=\"https:\/\/www.karl-wetzel.com\/wp-content\/uploads\/2023\/05\/B-Ringplatz-Video.avi\" target=\"_blank\" rel=\"noopener\">Vid\u00e9o sur la console \u00e9l\u00e9vatrice<\/a><\/span> Voici notre flyer produit : <span style=\"color: #ff0000;\"><a style=\"color: #ff0000;\" href=\"https:\/\/www.karl-wetzel.com\/wp-content\/uploads\/2023\/06\/Einspannringe-Seite-1.pdf\" target=\"_blank\" rel=\"noopener\">Page 1<\/a><\/span> | <span style=\"color: #ff0000;\"><a style=\"color: #ff0000;\" href=\"https:\/\/www.karl-wetzel.com\/wp-content\/uploads\/2023\/06\/Einspannringe-Seite-2.pdf\" target=\"_blank\" rel=\"noopener\">Page 2<\/a><\/span><\/p>\n","protected":false},"featured_media":3012,"comment_status":"closed","ping_status":"closed","template":"","meta":[],"product_brand":[],"product_cat":[324],"product_tag":[],"class_list":{"0":"post-4291","1":"product","2":"type-product","3":"status-publish","4":"has-post-thumbnail","6":"product_cat-bague-de-serrage","8":"first","9":"instock","10":"taxable","11":"shipping-taxable","12":"product-type-variable"},"_links":{"self":[{"href":"https:\/\/www.karl-wetzel.com\/fr\/wp-json\/wp\/v2\/product\/4291","targetHints":{"allow":["GET"]}}],"collection":[{"href":"https:\/\/www.karl-wetzel.com\/fr\/wp-json\/wp\/v2\/product"}],"about":[{"href":"https:\/\/www.karl-wetzel.com\/fr\/wp-json\/wp\/v2\/types\/product"}],"replies":[{"embeddable":true,"href":"https:\/\/www.karl-wetzel.com\/fr\/wp-json\/wp\/v2\/comments?post=4291"}],"wp:featuredmedia":[{"embeddable":true,"href":"https:\/\/www.karl-wetzel.com\/fr\/wp-json\/wp\/v2\/media\/3012"}],"wp:attachment":[{"href":"https:\/\/www.karl-wetzel.com\/fr\/wp-json\/wp\/v2\/media?parent=4291"}],"wp:term":[{"taxonomy":"product_brand","embeddable":true,"href":"https:\/\/www.karl-wetzel.com\/fr\/wp-json\/wp\/v2\/product_brand?post=4291"},{"taxonomy":"product_cat","embeddable":true,"href":"https:\/\/www.karl-wetzel.com\/fr\/wp-json\/wp\/v2\/product_cat?post=4291"},{"taxonomy":"product_tag","embeddable":true,"href":"https:\/\/www.karl-wetzel.com\/fr\/wp-json\/wp\/v2\/product_tag?post=4291"}],"curies":[{"name":"wp","href":"https:\/\/api.w.org\/{rel}","templated":true}]}}