{"id":4270,"date":"2021-12-26T11:00:22","date_gmt":"2022-01-16T10:19:40","guid":{"rendered":"https:\/\/www.karl-wetzel.com\/produkt\/tete-de-bobinage-uni-type-0-2\/"},"modified":"2024-05-07T12:21:18","modified_gmt":"2024-05-07T10:21:18","slug":"tete-de-bobinage-uni-type-0-2","status":"publish","type":"product","link":"https:\/\/www.karl-wetzel.com\/fr\/produit\/tete-de-bobinage-uni-type-0-2\/","title":{"rendered":"T\u00eate de bobinage \u00ab\u00a0Type 0-2\u00a0\u00bb"},"content":{"rendered":"<table width=\"888\">\n<tbody>\n<tr>\n<td width=\"80\">Num\u00e9ro d&rsquo;article<\/td>\n<td width=\"50\">Taper<\/td>\n<td width=\"56\">Mise en sc\u00e8ne<\/td>\n<td width=\"62\">Degr\u00e9<\/td>\n<td width=\"80\">large<\/td>\n<td width=\"80\">gentil<\/td>\n<td width=\"80\">Largeur 1<\/td>\n<td width=\"80\">Largeur 2<\/td>\n<td width=\"80\">Largeur 3<\/td>\n<td width=\"80\">Largeur 4<\/td>\n<td width=\"80\">Largeur 5<\/td>\n<td width=\"80\">Largeur 6<\/td>\n<\/tr>\n<tr>\n<td>2.022.10<\/td>\n<td>0<\/td>\n<td>4<\/td>\n<td>90<\/td>\n<td>10mm<\/td>\n<td>in\u00e9gal<\/td>\n<td>21mm<\/td>\n<td>28mm<\/td>\n<td>35mm<\/td>\n<td>43mm<\/td>\n<td>  &#8211;<\/td>\n<td>  &#8211;<\/td>\n<\/tr>\n<tr>\n<td>2.022.20<\/td>\n<td>1<\/td>\n<td>4<\/td>\n<td>180<\/td>\n<td>10mm<\/td>\n<td>m\u00eame<\/td>\n<td>45mm<\/td>\n<td>45mm<\/td>\n<td>45mm<\/td>\n<td>45mm<\/td>\n<td>&#8211;<\/td>\n<td>  &#8211;<\/td>\n<\/tr>\n<tr>\n<td>2.022.30<\/td>\n<td>2<\/td>\n<td>4<\/td>\n<td>180<\/td>\n<td>10mm<\/td>\n<td>in\u00e9gal<\/td>\n<td>35mm<\/td>\n<td>45mm<\/td>\n<td>55mm<\/td>\n<td>66mm<\/td>\n<td>  &#8211;<\/td>\n<td>  &#8211;<\/td>\n<\/tr>\n<tr>\n<td>2.022.40<\/td>\n<td>0<\/td>\n<td>6<\/td>\n<td>90<\/td>\n<td>10mm<\/td>\n<td>in\u00e9gal<\/td>\n<td>21mm<\/td>\n<td>28mm<\/td>\n<td>35mm<\/td>\n<td>43mm<\/td>\n<td>50mm<\/td>\n<td>58mm<\/td>\n<\/tr>\n<tr>\n<td>2.022.50<\/td>\n<td>1<\/td>\n<td>6<\/td>\n<td>180<\/td>\n<td>10mm<\/td>\n<td>m\u00eame<\/td>\n<td>45mm<\/td>\n<td>45mm<\/td>\n<td>45mm<\/td>\n<td>45mm<\/td>\n<td>45mm<\/td>\n<td>45mm<\/td>\n<\/tr>\n<tr>\n<td>2.022.60<\/td>\n<td>2<\/td>\n<td>6<\/td>\n<td>180<\/td>\n<td>10mm<\/td>\n<td>in\u00e9gal<\/td>\n<td>35mm<\/td>\n<td>45mm<\/td>\n<td>55mm<\/td>\n<td>66mm<\/td>\n<td>78mm<\/td>\n<td>90mm<\/td>\n<\/tr>\n<\/tbody>\n<\/table>\n","protected":false},"excerpt":{"rendered":"<p>Les t\u00eates de bobinage des tailles 0 \u00e0 2 s&rsquo;adaptent \u00e0 tous nos dispositifs de bobinage.<\/p>\n<ul>\n<li style=\"list-style-type: none;\">\n<ul>\n<li style=\"list-style-type: none;\">\n<ul>\n<li>Mat\u00e9riau : acier\/plastique<\/li>\n<li>Pas de pr\u00e9tention<\/li>\n<li>enregistrement stable<\/li>\n<li>peut \u00eatre utilis\u00e9 avec pr\u00e9cision<\/li>\n<\/ul>\n<\/li>\n<\/ul>\n<\/li>\n<\/ul>\n","protected":false},"featured_media":3024,"comment_status":"closed","ping_status":"closed","template":"","meta":[],"product_brand":[],"product_cat":[139],"product_tag":[],"class_list":{"0":"post-4270","1":"product","2":"type-product","3":"status-publish","4":"has-post-thumbnail","6":"product_cat-tetes","8":"first","9":"instock","10":"taxable","11":"shipping-taxable","12":"product-type-variable"},"_links":{"self":[{"href":"https:\/\/www.karl-wetzel.com\/fr\/wp-json\/wp\/v2\/product\/4270","targetHints":{"allow":["GET"]}}],"collection":[{"href":"https:\/\/www.karl-wetzel.com\/fr\/wp-json\/wp\/v2\/product"}],"about":[{"href":"https:\/\/www.karl-wetzel.com\/fr\/wp-json\/wp\/v2\/types\/product"}],"replies":[{"embeddable":true,"href":"https:\/\/www.karl-wetzel.com\/fr\/wp-json\/wp\/v2\/comments?post=4270"}],"wp:featuredmedia":[{"embeddable":true,"href":"https:\/\/www.karl-wetzel.com\/fr\/wp-json\/wp\/v2\/media\/3024"}],"wp:attachment":[{"href":"https:\/\/www.karl-wetzel.com\/fr\/wp-json\/wp\/v2\/media?parent=4270"}],"wp:term":[{"taxonomy":"product_brand","embeddable":true,"href":"https:\/\/www.karl-wetzel.com\/fr\/wp-json\/wp\/v2\/product_brand?post=4270"},{"taxonomy":"product_cat","embeddable":true,"href":"https:\/\/www.karl-wetzel.com\/fr\/wp-json\/wp\/v2\/product_cat?post=4270"},{"taxonomy":"product_tag","embeddable":true,"href":"https:\/\/www.karl-wetzel.com\/fr\/wp-json\/wp\/v2\/product_tag?post=4270"}],"curies":[{"name":"wp","href":"https:\/\/api.w.org\/{rel}","templated":true}]}}