{"id":4243,"date":"2021-12-26T11:00:24","date_gmt":"2022-01-16T10:17:48","guid":{"rendered":"https:\/\/www.karl-wetzel.com\/produkt\/separateur-seca-hydro\/"},"modified":"2025-04-07T09:14:40","modified_gmt":"2025-04-07T07:14:40","slug":"separateur-seca-hydro","status":"publish","type":"product","link":"https:\/\/www.karl-wetzel.com\/fr\/produit\/separateur-seca-hydro\/","title":{"rendered":"S\u00e9parateur hydro\u00e9lectrique SECA"},"content":{"rendered":"<h2>\u00c9quipement:<\/h2>\n<div id=\"Text55LYR\" class=\"TextObject\">\n<ul>\n<li>3 pi\u00e8ces de guidage<\/li>\n<li>3 tirants longueur 490 mm<\/li>\n<li>3 tirants longueur 950 mm<\/li>\n<li>3 griffes de maintien de 100 mm de long<\/li>\n<li>3 griffes de maintien de 200 mm de long<\/li>\n<li>3 rondelles de serrage pour griffes de maintien<\/li>\n<li>3 m\u00e2choires de serrage hauteur 100 mm<\/li>\n<li>3 m\u00e2choires de serrage hauteur 200 mm<\/li>\n<li>Pince de pr\u00e9hension et de levage 380x290x50 mm Commander. N\u00b0 : 6.091.50<\/li>\n<li>Pince de levage sp\u00e9ciale 420x40x140 mm Commander. N\u00b0 : 6.091.54<\/li>\n<\/ul>\n<div id=\"Text56LYR\" class=\"TextObject\">\n<h2>Accessoires sp\u00e9ciaux :<\/h2>\n<\/div>\n<div id=\"Tabelle3LYR\">\n<table id=\"Tabelle3\" border=\"1\">\n<tbody>\n<tr>\n<td id=\"Zelle22\">Palan \u00e9lectrique \u00e0 cha\u00eene 1000 kg<\/td>\n<td id=\"Zelle23\">9.201.26<\/td>\n<\/tr>\n<tr>\n<td id=\"Zelle22\">Option USA\/CD 600V\/60Hz<\/td>\n<td id=\"Zelle23\">9.201.28<\/td>\n<\/tr>\n<tr>\n<td id=\"Zelle24\">Dispositif de serrage d&rsquo;ancrage<\/td>\n<td id=\"Zelle25\">9.201.24<\/td>\n<\/tr>\n<\/tbody>\n<\/table>\n<h2>Options d&rsquo;\u00e9quipement:<\/h2>\n<p>Pince de pr\u00e9hension et de levage 460 x 340 x 75<br \/>\nPince de levage sp\u00e9ciale 460 x 60 x 170<\/p>\n<p>Pince de levage pour enroulements plus profonds 500 mm<br \/>\n Pince de levage pour enroulements plus profonds 660 mm<\/p>\n<p>Lames de scie pour enroulements fixes<br \/>\n Lames de scie pour enroulements libres<\/p>\n<\/div>\n<\/div>\n","protected":false},"excerpt":{"rendered":"<p><span style=\"font-family: georgia, palatino, serif;\"><span style=\"font-size: 12pt;\">Avec le dispositif d&rsquo;extraction hydraulique, les enroulements peuvent \u00eatre extraits rapidement et sans grand effort. Comme le dispositif de serrage se trouve sous la table, vous avez une vue d&rsquo;ensemble compl\u00e8te pendant le travail. Un interrupteur au pied vous permet de travailler avec pr\u00e9cision. La t\u00eate d&rsquo;enroulement peut \u00eatre s\u00e9par\u00e9e sur le m\u00eame appareil avec le dispositif de d\u00e9tachement de t\u00eate d&rsquo;enroulement (option).<\/span><\/span><\/p>\n<h2>Construction modulaire :<\/h2>\n<p><span style=\"font-family: georgia, palatino, serif;\"><span style=\"font-size: 12pt;\">1.) Plaque chauffante int\u00e9gr\u00e9e SECA CAL<br \/>\n<\/span><\/span> <span style=\"font-family: georgia, palatino, serif;\"><span style=\"font-size: 12pt;\">2.) S\u00e9parateur int\u00e9gr\u00e9 SECA EX<br \/>\n 3.) Extracteur hydraulique SECA Hydro<br \/>\n<\/span><\/span><\/p>\n<h2>Sp\u00e9cifications techniques:<\/h2>\n<table>\n<tbody>\n<tr>\n<td width=\"137\">maquette<\/td>\n<td width=\"123\">\u00d8 maxi stator<\/td>\n<td width=\"151\">hauteur machine<\/td>\n<td width=\"153\">Meilleur. Non.<\/td>\n<\/tr>\n<tr>\n<td width=\"137\">SECA Hydro 350<\/td>\n<td width=\"123\">Jusqu&rsquo;\u00e0 environ 350 mm<\/td>\n<td width=\"151\">1,90 m<\/td>\n<td width=\"153\">6 265,00 $<\/td>\n<\/tr>\n<tr>\n<td width=\"137\">SECA Hydro 600<\/td>\n<td width=\"123\">jusqu&rsquo;\u00e0 environ 600 mm<\/td>\n<td width=\"151\">2,35 m<\/td>\n<td width=\"153\">6.265.10<\/td>\n<\/tr>\n<tr>\n<td width=\"137\">SECA Hydro 900<\/td>\n<td width=\"123\">jusqu&rsquo;\u00e0 environ 900 mm<\/td>\n<td width=\"151\">2,80 m<\/td>\n<td width=\"153\">6 265 20<\/td>\n<\/tr>\n<tr>\n<td width=\"137\">SECA Hydro 1200<\/td>\n<td width=\"123\">jusqu&rsquo;\u00e0 environ 1200 mm<\/td>\n<td width=\"151\">3,30 m<\/td>\n<td width=\"153\">6 265,30<\/td>\n<\/tr>\n<tr>\n<td width=\"137\">SECA Hydro 1500<\/td>\n<td width=\"123\">jusqu&rsquo;\u00e0 environ 1500 mm<\/td>\n<td width=\"151\">3,50 m<\/td>\n<td width=\"153\">6 265,40<\/td>\n<\/tr>\n<tr>\n<td width=\"137\">SECA Hydro 1800<\/td>\n<td width=\"123\">jusqu&rsquo;\u00e0 environ 1800 mm<\/td>\n<td width=\"151\">4,60 m<\/td>\n<td width=\"153\">6 265,50<\/td>\n<\/tr>\n<\/tbody>\n<\/table>\n","protected":false},"featured_media":3045,"comment_status":"closed","ping_status":"closed","template":"","meta":[],"product_brand":[],"product_cat":[149],"product_tag":[],"class_list":{"0":"post-4243","1":"product","2":"type-product","3":"status-publish","4":"has-post-thumbnail","6":"product_cat-demonter","8":"first","9":"instock","10":"taxable","11":"shipping-taxable","12":"product-type-variable"},"_links":{"self":[{"href":"https:\/\/www.karl-wetzel.com\/fr\/wp-json\/wp\/v2\/product\/4243","targetHints":{"allow":["GET"]}}],"collection":[{"href":"https:\/\/www.karl-wetzel.com\/fr\/wp-json\/wp\/v2\/product"}],"about":[{"href":"https:\/\/www.karl-wetzel.com\/fr\/wp-json\/wp\/v2\/types\/product"}],"replies":[{"embeddable":true,"href":"https:\/\/www.karl-wetzel.com\/fr\/wp-json\/wp\/v2\/comments?post=4243"}],"wp:featuredmedia":[{"embeddable":true,"href":"https:\/\/www.karl-wetzel.com\/fr\/wp-json\/wp\/v2\/media\/3045"}],"wp:attachment":[{"href":"https:\/\/www.karl-wetzel.com\/fr\/wp-json\/wp\/v2\/media?parent=4243"}],"wp:term":[{"taxonomy":"product_brand","embeddable":true,"href":"https:\/\/www.karl-wetzel.com\/fr\/wp-json\/wp\/v2\/product_brand?post=4243"},{"taxonomy":"product_cat","embeddable":true,"href":"https:\/\/www.karl-wetzel.com\/fr\/wp-json\/wp\/v2\/product_cat?post=4243"},{"taxonomy":"product_tag","embeddable":true,"href":"https:\/\/www.karl-wetzel.com\/fr\/wp-json\/wp\/v2\/product_tag?post=4243"}],"curies":[{"name":"wp","href":"https:\/\/api.w.org\/{rel}","templated":true}]}}