{"id":4218,"date":"2021-12-26T11:00:28","date_gmt":"2021-12-26T10:00:28","guid":{"rendered":"https:\/\/www.karl-wetzel.com\/produkt\/tete-de-bobinage-uni-type-ad\/"},"modified":"2025-07-22T11:08:07","modified_gmt":"2025-07-22T09:08:07","slug":"tete-de-bobinage-uni-type-ad","status":"publish","type":"product","link":"https:\/\/www.karl-wetzel.com\/fr\/produit\/tete-de-bobinage-uni-type-ad\/","title":{"rendered":"T\u00eate de bobinage \u00ab\u00a0Type AD\u00a0\u00bb"},"content":{"rendered":"<table width=\"895\">\n<tbody>\n<tr>\n<td width=\"80\">Num\u00e9ro d&rsquo;article<\/td>\n<td width=\"59\">Taper<\/td>\n<td width=\"66\">Mise en sc\u00e8ne<\/td>\n<td width=\"60\">Degr\u00e9<\/td>\n<td width=\"70\">large<\/td>\n<td width=\"80\">gentil<\/td>\n<td width=\"80\">Largeur 1<\/td>\n<td width=\"80\">Largeur 2<\/td>\n<td width=\"80\">Largeur 3<\/td>\n<td width=\"80\">Largeur 4<\/td>\n<td width=\"80\">Largeur 5<\/td>\n<td width=\"80\">Largeur 6<\/td>\n<\/tr>\n<tr>\n<td>2.024.10<\/td>\n<td>UNE<\/td>\n<td>4<\/td>\n<td>90<\/td>\n<td>15mm<\/td>\n<td>m\u00eame<\/td>\n<td>55<\/td>\n<td><\/td>\n<td><\/td>\n<td><\/td>\n<td><\/td>\n<td><\/td>\n<\/tr>\n<tr>\n<td>2.024.20<\/td>\n<td>B.<\/td>\n<td>4<\/td>\n<td>90<\/td>\n<td>24mm<\/td>\n<td>m\u00eame<\/td>\n<td>90<\/td>\n<td><\/td>\n<td><\/td>\n<td><\/td>\n<td><\/td>\n<td><\/td>\n<\/tr>\n<tr>\n<td>2.024.30<\/td>\n<td>C.<\/td>\n<td>4<\/td>\n<td>90<\/td>\n<td>15mm<\/td>\n<td>in\u00e9gal<\/td>\n<td>55<\/td>\n<td>70<\/td>\n<td>90<\/td>\n<td>115<\/td>\n<td>  &#8211;<\/td>\n<td>  &#8211;<\/td>\n<\/tr>\n<tr>\n<td>2.024.40<\/td>\n<td>R\u00c9.<\/td>\n<td>4<\/td>\n<td>90<\/td>\n<td>24mm<\/td>\n<td>in\u00e9gal<\/td>\n<td>70<\/td>\n<td>90<\/td>\n<td>120<\/td>\n<td>150<\/td>\n<td>  &#8211;<\/td>\n<td>  &#8211;<\/td>\n<\/tr>\n<tr>\n<td>2.024.50<\/td>\n<td>UNE<\/td>\n<td>6<\/td>\n<td>90<\/td>\n<td>15mm<\/td>\n<td>m\u00eame<\/td>\n<td>55<\/td>\n<td><\/td>\n<td><\/td>\n<td><\/td>\n<td><\/td>\n<td><\/td>\n<\/tr>\n<tr>\n<td>2.024.60<\/td>\n<td>B.<\/td>\n<td>6<\/td>\n<td>90<\/td>\n<td>24mm<\/td>\n<td>m\u00eame<\/td>\n<td>90<\/td>\n<td><\/td>\n<td><\/td>\n<td><\/td>\n<td><\/td>\n<td><\/td>\n<\/tr>\n<tr>\n<td>2.024.70<\/td>\n<td>C.<\/td>\n<td>6<\/td>\n<td>90<\/td>\n<td>15mm<\/td>\n<td>in\u00e9gal<\/td>\n<td>55<\/td>\n<td>70<\/td>\n<td>90<\/td>\n<td>115<\/td>\n<td>140<\/td>\n<td>160<\/td>\n<\/tr>\n<tr>\n<td>2.024.80<\/td>\n<td>R\u00c9.<\/td>\n<td>6<\/td>\n<td>90<\/td>\n<td>24mm<\/td>\n<td>in\u00e9gal<\/td>\n<td>70<\/td>\n<td>90<\/td>\n<td>120<\/td>\n<td>150<\/td>\n<td>180<\/td>\n<td>210<\/td>\n<\/tr>\n<\/tbody>\n<\/table>\n","protected":false},"excerpt":{"rendered":"<p>Les t\u00eates de bobinage des tailles A \u00e0 D s&rsquo;adaptent \u00e0 tous nos dispositifs de bobinage.<\/p>\n<ul>\n<li style=\"list-style-type: none;\">\n<ul>\n<li style=\"list-style-type: none;\">\n<ul>\n<li>Mat\u00e9riau : acier\/plastique<\/li>\n<li>Pas de pr\u00e9tention<\/li>\n<li>enregistrement stable<\/li>\n<li>peut \u00eatre utilis\u00e9 avec pr\u00e9cision<\/li>\n<\/ul>\n<\/li>\n<\/ul>\n<\/li>\n<\/ul>\n","protected":false},"featured_media":3069,"comment_status":"closed","ping_status":"closed","template":"","meta":[],"product_brand":[],"product_cat":[139],"product_tag":[],"class_list":{"0":"post-4218","1":"product","2":"type-product","3":"status-publish","4":"has-post-thumbnail","6":"product_cat-tetes","8":"first","9":"instock","10":"taxable","11":"shipping-taxable","12":"product-type-variable"},"_links":{"self":[{"href":"https:\/\/www.karl-wetzel.com\/fr\/wp-json\/wp\/v2\/product\/4218","targetHints":{"allow":["GET"]}}],"collection":[{"href":"https:\/\/www.karl-wetzel.com\/fr\/wp-json\/wp\/v2\/product"}],"about":[{"href":"https:\/\/www.karl-wetzel.com\/fr\/wp-json\/wp\/v2\/types\/product"}],"replies":[{"embeddable":true,"href":"https:\/\/www.karl-wetzel.com\/fr\/wp-json\/wp\/v2\/comments?post=4218"}],"wp:featuredmedia":[{"embeddable":true,"href":"https:\/\/www.karl-wetzel.com\/fr\/wp-json\/wp\/v2\/media\/3069"}],"wp:attachment":[{"href":"https:\/\/www.karl-wetzel.com\/fr\/wp-json\/wp\/v2\/media?parent=4218"}],"wp:term":[{"taxonomy":"product_brand","embeddable":true,"href":"https:\/\/www.karl-wetzel.com\/fr\/wp-json\/wp\/v2\/product_brand?post=4218"},{"taxonomy":"product_cat","embeddable":true,"href":"https:\/\/www.karl-wetzel.com\/fr\/wp-json\/wp\/v2\/product_cat?post=4218"},{"taxonomy":"product_tag","embeddable":true,"href":"https:\/\/www.karl-wetzel.com\/fr\/wp-json\/wp\/v2\/product_tag?post=4218"}],"curies":[{"name":"wp","href":"https:\/\/api.w.org\/{rel}","templated":true}]}}