{"id":4189,"date":"2021-12-26T11:01:01","date_gmt":"2022-01-16T10:06:00","guid":{"rendered":"https:\/\/www.karl-wetzel.com\/produkt\/tete-de-bobinage-pro-type-bi-di\/"},"modified":"2025-02-20T09:13:51","modified_gmt":"2025-02-20T08:13:51","slug":"tete-de-bobinage-par-type-bi-di","status":"publish","type":"product","link":"https:\/\/www.karl-wetzel.com\/fr\/produit\/tete-de-bobinage-par-type-bi-di\/","title":{"rendered":"T\u00eate de bobinage \u00ab\u00a0Type BI \/ CI \/ DI\u00a0\u00bb"},"content":{"rendered":"<p>&nbsp;<\/p>\n<table style=\"height: 370px;\" width=\"1123\">\n<tbody>\n<tr>\n<td width=\"74\">Num\u00e9ro d&rsquo;article.<\/td>\n<td width=\"40\">Taper<\/td>\n<td width=\"58\">Mise en sc\u00e8ne<\/td>\n<td width=\"52\">Degr\u00e9<\/td>\n<td width=\"59\">large<\/td>\n<td width=\"67\">gentil<\/td>\n<td width=\"66\">Largeur 1<\/td>\n<td width=\"66\">Largeur 2<\/td>\n<td width=\"66\">Largeur 3<\/td>\n<td width=\"66\">Largeur 4<\/td>\n<td width=\"66\">Largeur 5<\/td>\n<td width=\"66\">Largeur 6<\/td>\n<\/tr>\n<tr>\n<td>2.039.10<\/td>\n<td>BI<\/td>\n<td>4 niveaux<\/td>\n<td>90<\/td>\n<td>30mm<\/td>\n<td>m\u00eame<\/td>\n<td>90-325<\/td>\n<td>90-325<\/td>\n<td>90-325<\/td>\n<td>90-325<\/td>\n<td><\/td>\n<td><\/td>\n<\/tr>\n<tr>\n<td>2.039.20<\/td>\n<td>CI<\/td>\n<td>4 niveaux<\/td>\n<td>90<\/td>\n<td>20mm<\/td>\n<td>in\u00e9gal<\/td>\n<td>55-295<\/td>\n<td>80-310<\/td>\n<td>90-330<\/td>\n<td>110-350<\/td>\n<td>&#8211;<\/td>\n<td>&#8211;<\/td>\n<\/tr>\n<tr>\n<td>2.039.30<\/td>\n<td>DI<\/td>\n<td>4 niveaux<\/td>\n<td>90<\/td>\n<td>30mm<\/td>\n<td>in\u00e9gal<\/td>\n<td>70-300<\/td>\n<td>95-325<\/td>\n<td>120-350<\/td>\n<td>150-380<\/td>\n<td>&#8211;<\/td>\n<td>&#8211;<\/td>\n<\/tr>\n<tr>\n<td>2.039.40<\/td>\n<td>BI<\/td>\n<td>6 niveaux<\/td>\n<td>90<\/td>\n<td>30mm<\/td>\n<td>m\u00eame<\/td>\n<td>90-325<\/td>\n<td>90-325<\/td>\n<td>90-325<\/td>\n<td>90-325<\/td>\n<td>90-325<\/td>\n<td>90-325<\/td>\n<\/tr>\n<tr>\n<td>2.039.50<\/td>\n<td>CI<\/td>\n<td>6 niveaux<\/td>\n<td>90<\/td>\n<td>20mm<\/td>\n<td>in\u00e9gal<\/td>\n<td>55-295<\/td>\n<td>80-310<\/td>\n<td>90-330<\/td>\n<td>110-350<\/td>\n<td>130-370<\/td>\n<td>145-390<\/td>\n<\/tr>\n<tr>\n<td>2.039.60<\/td>\n<td>DI<\/td>\n<td>6 niveaux<\/td>\n<td>90<\/td>\n<td>30mm<\/td>\n<td>in\u00e9gal<\/td>\n<td>70-300<\/td>\n<td>95-325<\/td>\n<td>120-350<\/td>\n<td>150-380<\/td>\n<td>175-405<\/td>\n<td>200-430<\/td>\n<\/tr>\n<\/tbody>\n<\/table>\n","protected":false},"excerpt":{"rendered":"<p>Les t\u00eates de bobinage de taille BI \/ CI \/ DI conviennent \u00e0 tous les dispositifs de bobinage Progress.<\/p>\n<ul>\n<li style=\"list-style-type: none;\">\n<ul>\n<li style=\"list-style-type: none;\">\n<ul>\n<li>Mat\u00e9riau : acier\/plastique<\/li>\n<li>Pas de pr\u00e9tention<\/li>\n<li>enregistrement stable<\/li>\n<li>peut \u00eatre utilis\u00e9 avec pr\u00e9cision<\/li>\n<\/ul>\n<\/li>\n<\/ul>\n<\/li>\n<\/ul>\n","protected":false},"featured_media":11396,"comment_status":"closed","ping_status":"closed","template":"","meta":[],"product_brand":[],"product_cat":[139],"product_tag":[],"class_list":{"0":"post-4189","1":"product","2":"type-product","3":"status-publish","4":"has-post-thumbnail","6":"product_cat-tetes","8":"first","9":"instock","10":"taxable","11":"shipping-taxable","12":"product-type-variable"},"_links":{"self":[{"href":"https:\/\/www.karl-wetzel.com\/fr\/wp-json\/wp\/v2\/product\/4189","targetHints":{"allow":["GET"]}}],"collection":[{"href":"https:\/\/www.karl-wetzel.com\/fr\/wp-json\/wp\/v2\/product"}],"about":[{"href":"https:\/\/www.karl-wetzel.com\/fr\/wp-json\/wp\/v2\/types\/product"}],"replies":[{"embeddable":true,"href":"https:\/\/www.karl-wetzel.com\/fr\/wp-json\/wp\/v2\/comments?post=4189"}],"wp:featuredmedia":[{"embeddable":true,"href":"https:\/\/www.karl-wetzel.com\/fr\/wp-json\/wp\/v2\/media\/11396"}],"wp:attachment":[{"href":"https:\/\/www.karl-wetzel.com\/fr\/wp-json\/wp\/v2\/media?parent=4189"}],"wp:term":[{"taxonomy":"product_brand","embeddable":true,"href":"https:\/\/www.karl-wetzel.com\/fr\/wp-json\/wp\/v2\/product_brand?post=4189"},{"taxonomy":"product_cat","embeddable":true,"href":"https:\/\/www.karl-wetzel.com\/fr\/wp-json\/wp\/v2\/product_cat?post=4189"},{"taxonomy":"product_tag","embeddable":true,"href":"https:\/\/www.karl-wetzel.com\/fr\/wp-json\/wp\/v2\/product_tag?post=4189"}],"curies":[{"name":"wp","href":"https:\/\/api.w.org\/{rel}","templated":true}]}}