{"id":14517,"date":"2026-02-13T16:57:20","date_gmt":"2026-02-13T15:57:20","guid":{"rendered":"https:\/\/www.karl-wetzel.com\/produkt\/bassin-de-recuperation\/"},"modified":"2026-02-13T17:24:30","modified_gmt":"2026-02-13T16:24:30","slug":"bassin-de-recuperation","status":"publish","type":"product","link":"https:\/\/www.karl-wetzel.com\/fr\/produit\/bassin-de-recuperation\/","title":{"rendered":"Dr\u00e4ufelfix"},"content":{"rendered":"<p>Notre bassin de r\u00e9cup\u00e9ration est disponible en diff\u00e9rentes tailles (diam\u00e8tres). Il allie une technologie simple \u00e0 une ing\u00e9nierie sophistiqu\u00e9e et \u00e0 un excellent rapport qualit\u00e9-prix. <\/p>\n","protected":false},"excerpt":{"rendered":"<p>Notre bassin de r\u00e9cup\u00e9ration est disponible en diff\u00e9rentes tailles (diam\u00e8tres). Il allie une technologie simple \u00e0 une ing\u00e9nierie sophistiqu\u00e9e et \u00e0 un excellent rapport qualit\u00e9-prix.<\/p>\n","protected":false},"featured_media":14520,"comment_status":"closed","ping_status":"closed","template":"","meta":[],"product_brand":[],"product_cat":[309],"product_tag":[],"class_list":{"0":"post-14517","1":"product","2":"type-product","3":"status-publish","4":"has-post-thumbnail","6":"product_cat-tremper","8":"first","9":"instock","10":"taxable","11":"shipping-taxable","12":"product-type-variable","13":"has-default-attributes"},"_links":{"self":[{"href":"https:\/\/www.karl-wetzel.com\/fr\/wp-json\/wp\/v2\/product\/14517","targetHints":{"allow":["GET"]}}],"collection":[{"href":"https:\/\/www.karl-wetzel.com\/fr\/wp-json\/wp\/v2\/product"}],"about":[{"href":"https:\/\/www.karl-wetzel.com\/fr\/wp-json\/wp\/v2\/types\/product"}],"replies":[{"embeddable":true,"href":"https:\/\/www.karl-wetzel.com\/fr\/wp-json\/wp\/v2\/comments?post=14517"}],"wp:featuredmedia":[{"embeddable":true,"href":"https:\/\/www.karl-wetzel.com\/fr\/wp-json\/wp\/v2\/media\/14520"}],"wp:attachment":[{"href":"https:\/\/www.karl-wetzel.com\/fr\/wp-json\/wp\/v2\/media?parent=14517"}],"wp:term":[{"taxonomy":"product_brand","embeddable":true,"href":"https:\/\/www.karl-wetzel.com\/fr\/wp-json\/wp\/v2\/product_brand?post=14517"},{"taxonomy":"product_cat","embeddable":true,"href":"https:\/\/www.karl-wetzel.com\/fr\/wp-json\/wp\/v2\/product_cat?post=14517"},{"taxonomy":"product_tag","embeddable":true,"href":"https:\/\/www.karl-wetzel.com\/fr\/wp-json\/wp\/v2\/product_tag?post=14517"}],"curies":[{"name":"wp","href":"https:\/\/api.w.org\/{rel}","templated":true}]}}