{"id":10841,"date":"2023-07-06T11:26:50","date_gmt":"2023-07-06T09:30:04","guid":{"rendered":"https:\/\/www.karl-wetzel.com\/produkt\/tensiometre-electronique-dts-modele-de-base\/"},"modified":"2025-04-07T09:15:31","modified_gmt":"2025-04-07T07:15:31","slug":"tensiometre-electronique-dts-modele-de-base","status":"publish","type":"product","link":"https:\/\/www.karl-wetzel.com\/fr\/produit\/tensiometre-electronique-dts-modele-de-base\/","title":{"rendered":"Tensiom\u00e8tre \u00e9lectronique DTS mod\u00e8le de base"},"content":{"rendered":"<p>Tensiom\u00e8tre \u00e9lectronique avec de nombreuses fonctions d&rsquo;\u00e9valuation<\/p>\n<p>12 \u00e9tendues de mesure de 1 &#8211; 200 cN \u00e0 0,6 &#8211; 60 daN<\/p>\n<p>Les particularit\u00e9s:<\/p>\n<p>&#8211; Grand \u00e9cran LCD r\u00e9tro\u00e9clair\u00e9 avec 3 options d&rsquo;affichage diff\u00e9rentes : num\u00e9rique,<br \/>\nnum\u00e9rique avec graphique \u00e0 barres (affichage de la tendance), num\u00e9rique avec graphique (diagramme temps-contrainte de traction)<br \/>\n&#8211; pour une meilleure lecture des valeurs mesur\u00e9es, l&rsquo;affichage pivote automatiquement par pas de 90\u00b0 (page C9)<br \/>\n&#8211; nouveau syst\u00e8me d&rsquo;enfilage unique \u00e0 force r\u00e9duite<br \/>\n&#8211; Compensation de l&rsquo;\u00e9paisseur du mat\u00e9riau : Pour obtenir une pr\u00e9cision maximale, le diam\u00e8tre du mat\u00e9riau peut \u00eatre ajust\u00e9 \u00e0 l&rsquo;aide d&rsquo;une molette de r\u00e9glage<br \/>\net affich\u00e9 \u00e0 l&rsquo;\u00e9cran (non disponible pour tous les types)<br \/>\n&#8211; R\u00e9glage automatique du point z\u00e9ro dans chaque position de mesure gr\u00e2ce \u00e0 une technologie de capteur sp\u00e9ciale<br \/>\n&#8211; acquisition tr\u00e8s rapide des donn\u00e9es de mesure et stockage de MIN, MAX, derni\u00e8re valeur de mesure, PEAKS, valeur moyenne et \u00e9cart type &#8211; fr\u00e9quence de mesure interne 8 kHz<br \/>\n&#8211; limites MIN, MAX r\u00e9glables ; si la limite est d\u00e9pass\u00e9e, l&rsquo;op\u00e9rateur est inform\u00e9 via l&rsquo;affichage<br \/>\n&#8211; Espace de stockage pour les r\u00e9glages client : 4 (DTS), 9 (DTX)<br \/>\n&#8211; R\u00e9glage fin : Adaptation des courbes de r\u00e9glage enregistr\u00e9es si le mat\u00e9riau \u00e0 mesurer s&rsquo;\u00e9carte du mat\u00e9riau \u00e0 r\u00e9gler<br \/>\n&#8211; Options de r\u00e9glage polyvalentes pour le r\u00e9glage pour l&rsquo;op\u00e9rateur<br \/>\n&#8211; Navigation d\u00e9taill\u00e9e dans les menus pour la configuration en allemand ou en anglais<br \/>\n&#8211; Unit\u00e9s de force s\u00e9lectionnables : cN, daN, g, kg, N, lb<br \/>\n&#8211; La poign\u00e9e caoutchout\u00e9e permet une prise s\u00fbre dans la main de l&rsquo;op\u00e9rateur<\/p>\n","protected":false},"excerpt":{"rendered":"<table style=\"height: 705px;\" width=\"937\">\n<tbody>\n<tr>\n<td width=\"118\">Taper<\/td>\n<td width=\"108\">Plage de mesure cN<\/td>\n<td width=\"121\">mesure de la largeur de la t\u00eate<\/td>\n<td width=\"135\">ajustement<\/td>\n<td width=\"104\">fil<\/td>\n<td width=\"99\">Num\u00e9ro d&rsquo;article<\/td>\n<\/tr>\n<tr>\n<td>DTS-200<\/td>\n<td>1 &#8211; 200<\/td>\n<td>66<\/td>\n<td>0,12 mm de diam\u00e8tre<\/td>\n<td>Max. 0,15 mm de diam\u00e8tre<\/td>\n<td>9.153.301<\/td>\n<\/tr>\n<tr>\n<td>DTS-500<\/td>\n<td>1 &#8211; 500<\/td>\n<td>66<\/td>\n<td>0,12 + 0,20 mm de diam\u00e8tre<\/td>\n<td>0,05 &#8211; 0,25 mm de diam\u00e8tre<\/td>\n<td>9.153.302<\/td>\n<\/tr>\n<tr>\n<td>DTS-1000<\/td>\n<td>10 &#8211; 1000<\/td>\n<td>66<\/td>\n<td>0,20 + 0,40 mm de diam\u00e8tre<\/td>\n<td>0,10 &#8211; 0,40 mm de diam\u00e8tre<\/td>\n<td>9.153.303<\/td>\n<\/tr>\n<tr>\n<td>DTS-2000<\/td>\n<td>20 &#8211; 2000<\/td>\n<td>66<\/td>\n<td>0,40 + 0,70 mm de diam\u00e8tre<\/td>\n<td>0,30 &#8211; 0,60 mm de diam\u00e8tre<\/td>\n<td>9.153.304<\/td>\n<\/tr>\n<tr>\n<td>DTS-2500<\/td>\n<td>25 &#8211; 2500<\/td>\n<td>116<\/td>\n<td>0,40 + 0,70 mm de diam\u00e8tre<\/td>\n<td>0,30 &#8211; 0,70 mm de diam\u00e8tre<\/td>\n<td>9.153.305<\/td>\n<\/tr>\n<tr>\n<td>DTS-4000<\/td>\n<td>40 &#8211; 4000<\/td>\n<td>66<\/td>\n<td>0,50 + 0,90 mm de diam\u00e8tre<\/td>\n<td>0,35 &#8211; 0,90 mm de diam\u00e8tre<\/td>\n<td>9.153.306<\/td>\n<\/tr>\n<tr>\n<td>DTS-5000<\/td>\n<td>50 &#8211; 5000<\/td>\n<td>116<\/td>\n<td>0,60 + 1,20 mm de diam\u00e8tre<\/td>\n<td>0,40 &#8211; 1,00 mm de diam\u00e8tre<\/td>\n<td>9.153.307<\/td>\n<\/tr>\n<tr>\n<td>DTS-10K<\/td>\n<td>0,1 &#8211; 10,00 daN<\/td>\n<td>116<\/td>\n<td>0,80 + 1,40 mm de diam\u00e8tre<\/td>\n<td>0,70 &#8211; 1,40 mm de diam\u00e8tre<\/td>\n<td>9.153.308<\/td>\n<\/tr>\n<tr>\n<td>DTS-20K<\/td>\n<td>0,2 &#8211; 20,00 daN<\/td>\n<td>166<\/td>\n<td>1,20 + 1,80 mm de diam\u00e8tre<\/td>\n<td>1,00 &#8211; 2,00 mm de diam\u00e8tre<\/td>\n<td>9.153.309<\/td>\n<\/tr>\n<tr>\n<td>DTS-30K<\/td>\n<td>0,3 &#8211; 30,00 daN<\/td>\n<td>216<\/td>\n<td>1,40 + 2,20 mm de diam\u00e8tre<\/td>\n<td>1,20 &#8211; 2,50 mm de diam\u00e8tre<\/td>\n<td>9.153.310<\/td>\n<\/tr>\n<tr>\n<td>DTS-50K<\/td>\n<td>0,5 &#8211; 50,00 daN<\/td>\n<td>216<\/td>\n<td>C\u00e2ble en acier de 1,5 mm de diam\u00e8tre<\/td>\n<td>1,40 &#8211; 3,00 mm de diam\u00e8tre<\/td>\n<td>9.153.311<\/td>\n<\/tr>\n<tr>\n<td>DTS-60K-V1<\/td>\n<td>0,6 &#8211; 60,00 daN<\/td>\n<td>280<\/td>\n<td>C\u00e2ble en acier de 2,0&nbsp;mm de diam\u00e8tre<\/td>\n<td>1,80 &#8211; 3,50 mm de diam\u00e8tre<\/td>\n<td>9.153.312<\/td>\n<\/tr>\n<\/tbody>\n<\/table>\n","protected":false},"featured_media":10826,"comment_status":"open","ping_status":"closed","template":"","meta":[],"product_brand":[],"product_cat":[152],"product_tag":[],"class_list":{"0":"post-10841","1":"product","2":"type-product","3":"status-publish","4":"has-post-thumbnail","6":"product_cat-cheque","8":"first","9":"instock","10":"taxable","11":"shipping-taxable","12":"product-type-variable"},"_links":{"self":[{"href":"https:\/\/www.karl-wetzel.com\/fr\/wp-json\/wp\/v2\/product\/10841","targetHints":{"allow":["GET"]}}],"collection":[{"href":"https:\/\/www.karl-wetzel.com\/fr\/wp-json\/wp\/v2\/product"}],"about":[{"href":"https:\/\/www.karl-wetzel.com\/fr\/wp-json\/wp\/v2\/types\/product"}],"replies":[{"embeddable":true,"href":"https:\/\/www.karl-wetzel.com\/fr\/wp-json\/wp\/v2\/comments?post=10841"}],"wp:featuredmedia":[{"embeddable":true,"href":"https:\/\/www.karl-wetzel.com\/fr\/wp-json\/wp\/v2\/media\/10826"}],"wp:attachment":[{"href":"https:\/\/www.karl-wetzel.com\/fr\/wp-json\/wp\/v2\/media?parent=10841"}],"wp:term":[{"taxonomy":"product_brand","embeddable":true,"href":"https:\/\/www.karl-wetzel.com\/fr\/wp-json\/wp\/v2\/product_brand?post=10841"},{"taxonomy":"product_cat","embeddable":true,"href":"https:\/\/www.karl-wetzel.com\/fr\/wp-json\/wp\/v2\/product_cat?post=10841"},{"taxonomy":"product_tag","embeddable":true,"href":"https:\/\/www.karl-wetzel.com\/fr\/wp-json\/wp\/v2\/product_tag?post=10841"}],"curies":[{"name":"wp","href":"https:\/\/api.w.org\/{rel}","templated":true}]}}