{"id":10583,"date":"2023-04-10T19:47:33","date_gmt":"2023-04-10T17:47:38","guid":{"rendered":"https:\/\/www.karl-wetzel.com\/?post_type=product&#038;p=10583"},"modified":"2025-04-07T09:25:39","modified_gmt":"2025-04-07T07:25:39","slug":"plieuse-rotamax","status":"publish","type":"product","link":"https:\/\/www.karl-wetzel.com\/fr\/produit\/plieuse-rotamax\/","title":{"rendered":"Plieuse RotaMax"},"content":{"rendered":"<p>La machine de pliage et de d\u00e9coupe automatique \u00ab\u00a0Rotamat\u00a0\u00bb est utilis\u00e9e pour produire l&rsquo;isolation des fentes \u00e0 partir de tous les mat\u00e9riaux isolants courants. Les rouleaux de ruban sont mis en forme doucement sans chauffage. La machine est divis\u00e9e en modules qui peuvent \u00eatre \u00e9tendus ind\u00e9pendamment.<\/p>\n<p>Commande : Siemens S7\/1200<\/p>\n<div id=\"Tabelle10LYR\">\n<div><strong>Modules RotaMax\u00a0:<\/strong><\/div>\n<div><\/div>\n<div>\n<table id=\"Tabelle10\" border=\"1\">\n<tbody>\n<tr>\n<td id=\"Zelle204\">Pliez la base dans le sens de la longueur<\/td>\n<td id=\"Zelle205\">3.121.10<\/td>\n<\/tr>\n<tr>\n<td id=\"Zelle206\">Module repliable<\/td>\n<td id=\"Zelle207\">3.122.10<\/td>\n<\/tr>\n<tr>\n<td id=\"Zelle208\">module de coupe<\/td>\n<td id=\"Zelle209\">3.123.10<\/td>\n<\/tr>\n<\/tbody>\n<\/table>\n<div><\/div>\n<\/div>\n<\/div>\n","protected":false},"excerpt":{"rendered":"<h2>Sp\u00e9cifications techniques:<\/h2>\n<table>\n<tbody>\n<tr>\n<td width=\"193\">type de machine<\/td>\n<td width=\"83\">bande passante<br \/>\n150mm<\/td>\n<td width=\"100\">bande passante<br \/>\n220mm<\/td>\n<\/tr>\n<tr>\n<td>Pli r\u00e9glable :<\/td>\n<td width=\"83\">3 \u00e0 130mm<\/td>\n<td width=\"100\">3 \u00e0 200mm<\/td>\n<\/tr>\n<tr>\n<td>force d&rsquo;isolation<br \/>\n(avec tranchants):<\/td>\n<td colspan=\"2\">0,08 &#8211; 0,38 mm<\/td>\n<\/tr>\n<tr>\n<td>taux d&rsquo;alimentation\u00a0:<\/td>\n<td colspan=\"2\">6m\/min<\/td>\n<\/tr>\n<tr>\n<td>la longueur de coupe:<\/td>\n<td colspan=\"2\">illimit\u00e9<\/td>\n<\/tr>\n<tr>\n<td>capacit\u00e9 de coupe :<\/td>\n<td colspan=\"2\">\u00e0 50 mm 5000 pcs\/h<\/td>\n<\/tr>\n<tr>\n<td>Connexion \u00e9lectrique:<\/td>\n<td colspan=\"2\">400V, 50Hz<\/td>\n<\/tr>\n<tr>\n<td>Finition standard :<\/td>\n<td colspan=\"2\">Bleu jaune<\/td>\n<\/tr>\n<\/tbody>\n<\/table>\n<p><span style=\"color: #ff0000;\"><a style=\"color: #ff0000;\" href=\"https:\/\/www.karl-wetzel.com\/wp-content\/uploads\/2023\/05\/RotaMax-Seite-1.pdf\" target=\"_blank\" rel=\"noopener\">t\u00e9l\u00e9charger 1<\/a><\/span><br \/>\n<span style=\"color: #ff0000;\"><a style=\"color: #ff0000;\" href=\"https:\/\/www.karl-wetzel.com\/wp-content\/uploads\/2023\/05\/RotaMax-Seite-2.pdf\" target=\"_blank\" rel=\"noopener\">t\u00e9l\u00e9charger 2<\/a><\/span><\/p>\n<p><span style=\"color: #ff0000;\"><a style=\"color: #ff0000;\" href=\"https:\/\/youtu.be\/47pjRX7Rnx0\" target=\"_blank\" rel=\"noopener\">Vid\u00e9o 1<\/a><\/span><br \/>\n<span style=\"color: #ff0000;\"><a style=\"color: #ff0000;\" href=\"https:\/\/youtu.be\/Ro_SfF1yMKE\" target=\"_blank\" rel=\"noopener\">Vid\u00e9o 2<\/a><\/span><\/p>\n","protected":false},"featured_media":10539,"comment_status":"closed","ping_status":"closed","template":"","meta":[],"product_brand":[],"product_cat":[142],"product_tag":[],"class_list":{"0":"post-10583","1":"product","2":"type-product","3":"status-publish","4":"has-post-thumbnail","6":"product_cat-pliant","8":"first","9":"instock","10":"taxable","11":"shipping-taxable","12":"product-type-variable"},"_links":{"self":[{"href":"https:\/\/www.karl-wetzel.com\/fr\/wp-json\/wp\/v2\/product\/10583","targetHints":{"allow":["GET"]}}],"collection":[{"href":"https:\/\/www.karl-wetzel.com\/fr\/wp-json\/wp\/v2\/product"}],"about":[{"href":"https:\/\/www.karl-wetzel.com\/fr\/wp-json\/wp\/v2\/types\/product"}],"replies":[{"embeddable":true,"href":"https:\/\/www.karl-wetzel.com\/fr\/wp-json\/wp\/v2\/comments?post=10583"}],"wp:featuredmedia":[{"embeddable":true,"href":"https:\/\/www.karl-wetzel.com\/fr\/wp-json\/wp\/v2\/media\/10539"}],"wp:attachment":[{"href":"https:\/\/www.karl-wetzel.com\/fr\/wp-json\/wp\/v2\/media?parent=10583"}],"wp:term":[{"taxonomy":"product_brand","embeddable":true,"href":"https:\/\/www.karl-wetzel.com\/fr\/wp-json\/wp\/v2\/product_brand?post=10583"},{"taxonomy":"product_cat","embeddable":true,"href":"https:\/\/www.karl-wetzel.com\/fr\/wp-json\/wp\/v2\/product_cat?post=10583"},{"taxonomy":"product_tag","embeddable":true,"href":"https:\/\/www.karl-wetzel.com\/fr\/wp-json\/wp\/v2\/product_tag?post=10583"}],"curies":[{"name":"wp","href":"https:\/\/api.w.org\/{rel}","templated":true}]}}