{"id":10270,"date":"2022-10-02T15:45:37","date_gmt":"2022-10-02T13:45:49","guid":{"rendered":"https:\/\/www.karl-wetzel.com\/?post_type=product&#038;p=10270"},"modified":"2025-01-08T10:17:35","modified_gmt":"2025-01-08T09:17:35","slug":"dispositif-de-cintrage-en-epingle-a-cheveux","status":"publish","type":"product","link":"https:\/\/www.karl-wetzel.com\/fr\/produit\/dispositif-de-cintrage-en-epingle-a-cheveux\/","title":{"rendered":"Dispositif de cintrage en \u00e9pingle \u00e0 cheveux"},"content":{"rendered":"<p>Afin de pouvoir produire des bobines de forme ouverte, 5 \u00e9tapes de travail diff\u00e9rentes sont n\u00e9cessaires. Nous avons mis en place ces s\u00e9quences de travail dans 5 machines ou appareils. Ceux-ci doivent \u00eatre r\u00e9gl\u00e9s individuellement afin que seuls ces appareils soient n\u00e9cessaires.<\/p>\n<p>Un haut niveau d&rsquo;efficacit\u00e9 \u00e9conomique de l&rsquo;appareil est garanti, car les dimensions et les dimensions des bobines de forme ouverte peuvent \u00eatre ajust\u00e9es de mani\u00e8re variable. De plus, les enroulements ondul\u00e9s et les enroulements en boucle peuvent \u00eatre pli\u00e9s.<\/p>\n<p>Les temps de montage sont compris entre 15 et 25 minutes.<\/p>\n<p>Nous avons r\u00e9parti les principales op\u00e9rations comme suit.<\/p>\n<ul>\n<li>Redresser et couper le fil plat<\/li>\n<li>D\u00e9nuder les extr\u00e9mit\u00e9s des fils<\/li>\n<li>Plier l&rsquo;\u00e9pingle \u00e0 cheveux<\/li>\n<li>D\u00e9viation de la bobine (enroulement ondul\u00e9 ou en boucle)<\/li>\n<li>virage en d\u00e9veloppante<\/li>\n<\/ul>\n","protected":false},"excerpt":{"rendered":"<h2>dispositif de cintrage en \u00e9pingle \u00e0 cheveux<\/h2>\n<p>Un haut niveau d&rsquo;efficacit\u00e9 \u00e9conomique de l&rsquo;appareil est garanti, car les dimensions et les dimensions des bobines de forme ouverte peuvent \u00eatre ajust\u00e9es de mani\u00e8re variable. De plus, les enroulements ondul\u00e9s et les enroulements en boucle peuvent \u00eatre pli\u00e9s.<\/p>\n<p>Selon les dimensions, plusieurs fils profil\u00e9s peuvent \u00eatre pli\u00e9s les uns sur les autres.<\/p>\n<p>Le rayon (l&rsquo;\u0153il de la bobine en \u00e9pingle \u00e0 cheveux) est interchangeable et donc librement s\u00e9lectionnable. Le diam\u00e8tre minimal de cintrage est de 4 mm. La longueur de la bobine en \u00e9pingle \u00e0 cheveux et la largeur du fil sont r\u00e9glables.<\/p>\n<p>Le cintrage s&rsquo;effectue via un levier \u00e0 main sur un \u00e9l\u00e9ment de cintrage fixe.<\/p>\n","protected":false},"featured_media":2754,"comment_status":"closed","ping_status":"closed","template":"","meta":[],"product_brand":[],"product_cat":[203],"product_tag":[],"class_list":{"0":"post-10270","1":"product","2":"type-product","3":"status-publish","4":"has-post-thumbnail","6":"product_cat-formbobines","8":"first","9":"instock","10":"taxable","11":"shipping-taxable","12":"product-type-variable"},"_links":{"self":[{"href":"https:\/\/www.karl-wetzel.com\/fr\/wp-json\/wp\/v2\/product\/10270","targetHints":{"allow":["GET"]}}],"collection":[{"href":"https:\/\/www.karl-wetzel.com\/fr\/wp-json\/wp\/v2\/product"}],"about":[{"href":"https:\/\/www.karl-wetzel.com\/fr\/wp-json\/wp\/v2\/types\/product"}],"replies":[{"embeddable":true,"href":"https:\/\/www.karl-wetzel.com\/fr\/wp-json\/wp\/v2\/comments?post=10270"}],"wp:featuredmedia":[{"embeddable":true,"href":"https:\/\/www.karl-wetzel.com\/fr\/wp-json\/wp\/v2\/media\/2754"}],"wp:attachment":[{"href":"https:\/\/www.karl-wetzel.com\/fr\/wp-json\/wp\/v2\/media?parent=10270"}],"wp:term":[{"taxonomy":"product_brand","embeddable":true,"href":"https:\/\/www.karl-wetzel.com\/fr\/wp-json\/wp\/v2\/product_brand?post=10270"},{"taxonomy":"product_cat","embeddable":true,"href":"https:\/\/www.karl-wetzel.com\/fr\/wp-json\/wp\/v2\/product_cat?post=10270"},{"taxonomy":"product_tag","embeddable":true,"href":"https:\/\/www.karl-wetzel.com\/fr\/wp-json\/wp\/v2\/product_tag?post=10270"}],"curies":[{"name":"wp","href":"https:\/\/api.w.org\/{rel}","templated":true}]}}