{"id":3622,"date":"2022-01-06T11:08:17","date_gmt":"2022-01-06T10:08:17","guid":{"rendered":"https:\/\/www.karl-wetzel.com\/loi-protection-des-donnees\/"},"modified":"2025-04-03T17:37:14","modified_gmt":"2025-04-03T15:37:14","slug":"loi-protection-des-donnees","status":"publish","type":"page","link":"https:\/\/www.karl-wetzel.com\/fr\/loi-protection-des-donnees\/","title":{"rendered":"Loi &#8211; protection des donn\u00e9es"},"content":{"rendered":"\n<h2 class=\"wp-block-heading\">qui nous sommes<\/h2>\n\n<p>Nous sommes des syst\u00e8mes de fabrication ELEKTRO | Roggentalstrasse 2 | DE-73312 Geislingen. L&rsquo;adresse de notre site Web est : https:\/\/www.karl-wetzel.com.<\/p>\n\n<h2 class=\"wp-block-heading\">commentaires<\/h2>\n\n<p>Lorsque les visiteurs \u00e9crivent des commentaires sur le site Web, nous collectons les donn\u00e9es affich\u00e9es dans le formulaire de commentaire, ainsi que l&rsquo;adresse IP du visiteur et la cha\u00eene de l&rsquo;agent utilisateur (utilis\u00e9e pour identifier le navigateur) pour prendre en charge la d\u00e9tection de spam.<\/p>\n\n<p>Une cha\u00eene de caract\u00e8res anonymis\u00e9e (\u00e9galement appel\u00e9e hachage) peut \u00eatre cr\u00e9\u00e9e \u00e0 partir de votre adresse e-mail et envoy\u00e9e au service Gravatar pour v\u00e9rifier si vous l&rsquo;utilisez. Vous pouvez trouver la d\u00e9claration de protection des donn\u00e9es du service Gravatar ici : https:\/\/automattic.com\/privacy\/. Apr\u00e8s validation de votre commentaire, votre photo de profil est visible publiquement \u00e0 cot\u00e9 de votre commentaire.<\/p>\n\n<h2 class=\"wp-block-heading\">m\u00e9dias<\/h2>\n\n<p>Si vous \u00eates un utilisateur enregistr\u00e9 et que vous t\u00e9l\u00e9chargez des photos sur ce site Web, vous devez \u00e9viter de t\u00e9l\u00e9charger des photos avec un emplacement GPS EXIF. Les visiteurs de ce site Web peuvent t\u00e9l\u00e9charger des photos stock\u00e9es sur ce site Web et extraire leurs informations de localisation.<\/p>\n\n<h2 class=\"wp-block-heading\">Biscuits<\/h2>\n\n<p>Si vous \u00e9crivez un commentaire sur notre site Web, cela peut \u00eatre un consentement pour enregistrer votre nom, votre adresse e-mail et votre site Web dans des cookies. Il s&rsquo;agit d&rsquo;une fonction pratique afin que vous n&rsquo;ayez pas \u00e0 ressaisir toutes ces donn\u00e9es si vous r\u00e9digez un autre commentaire. Ces cookies sont conserv\u00e9s pendant un an.<\/p>\n\n<p>Si vous avez un compte et que vous vous connectez \u00e0 ce site Web, nous d\u00e9finirons un cookie temporaire pour d\u00e9terminer si votre navigateur accepte les cookies. Ce cookie ne contient aucune donn\u00e9e personnelle et est supprim\u00e9 lorsque vous fermez votre navigateur.<\/p>\n\n<p>Lorsque vous vous connectez, nous allons mettre en place des cookies pour enregistrer vos informations de connexion et les options d&rsquo;affichage. Les cookies de connexion expirent apr\u00e8s deux jours et les cookies pour les options d&rsquo;affichage apr\u00e8s un an. Si vous s\u00e9lectionnez \u00abRester connect\u00e9\u00bb lors de votre inscription, votre inscription sera maintenue pendant deux semaines. Lorsque vous vous d\u00e9connectez de votre compte, les cookies de connexion sont supprim\u00e9s.<\/p>\n\n<p>Lorsque vous modifiez ou publiez un article, un cookie suppl\u00e9mentaire est enregistr\u00e9 dans votre navigateur. Ce cookie ne contient aucune donn\u00e9e personnelle et se r\u00e9f\u00e8re uniquement \u00e0 l&rsquo;ID de publication de l&rsquo;article que vous venez de modifier. Le cookie expire au bout d&rsquo;un jour.<\/p>\n\n<h2 class=\"wp-block-heading\">Contenu int\u00e9gr\u00e9 provenant d&rsquo;autres sites Web<\/h2>\n\n<p>Les articles de ce site Web peuvent contenir du contenu int\u00e9gr\u00e9 (par exemple des vid\u00e9os, des images, des articles, etc.). Le contenu int\u00e9gr\u00e9 d&rsquo;autres sites Web se comporte exactement comme si le visiteur avait visit\u00e9 l&rsquo;autre site Web.<\/p>\n\n<p>Ces sites Web peuvent collecter des donn\u00e9es vous concernant, utiliser des cookies, int\u00e9grer des services de suivi suppl\u00e9mentaires de tiers et enregistrer votre interaction avec ce contenu int\u00e9gr\u00e9, y compris votre interaction avec le contenu int\u00e9gr\u00e9, si vous avez un compte et \u00eates connect\u00e9 \u00e0 ce site Web.<\/p>\n\n<h2 class=\"wp-block-heading\">Avec qui partageons-nous vos donn\u00e9es<\/h2>\n\n<p>Si vous demandez une r\u00e9initialisation de mot de passe, votre adresse IP sera incluse dans l&rsquo;e-mail de r\u00e9initialisation.<\/p>\n\n<h2 class=\"wp-block-heading\">Combien de temps conservons-nous vos donn\u00e9es<\/h2>\n\n<p>Si vous \u00e9crivez un commentaire, il sera enregistr\u00e9 ind\u00e9finiment, y compris les m\u00e9tadonn\u00e9es. De cette fa\u00e7on, nous pouvons automatiquement reconna\u00eetre et approuver les commentaires de suivi au lieu de les conserver dans une file d&rsquo;attente de mod\u00e9ration.<\/p>\n\n<p>Pour les utilisateurs qui s&rsquo;inscrivent sur notre site Web, nous enregistrons \u00e9galement les informations personnelles qu&rsquo;ils fournissent dans leurs profils d&rsquo;utilisateurs. Tous les utilisateurs peuvent consulter, modifier ou supprimer leurs informations personnelles \u00e0 tout moment (le nom d&rsquo;utilisateur ne peut pas \u00eatre modifi\u00e9). Les administrateurs du site Web peuvent \u00e9galement afficher et modifier ces informations.<\/p>\n\n<h2 class=\"wp-block-heading\">Quels droits vous avez sur vos donn\u00e9es<\/h2>\n\n<p>Si vous avez un compte sur ce site ou avez des commentaires \u00e9crits, vous pouvez nous demander une exportation de vos donn\u00e9es personnelles, y compris toutes les donn\u00e9es que vous nous avez fournies. En outre, vous pouvez demander la suppression de toutes les donn\u00e9es personnelles que nous avons stock\u00e9es \u00e0 votre sujet. Cela n&rsquo;inclut pas les donn\u00e9es que nous devons conserver pour des raisons administratives, juridiques ou de s\u00e9curit\u00e9.<\/p>\n\n<h2 class=\"wp-block-heading\">O\u00f9 envoyons-nous vos donn\u00e9es<\/h2>\n\n<p>Les commentaires des visiteurs pourraient \u00eatre v\u00e9rifi\u00e9s par un service automatis\u00e9 de d\u00e9tection de spam.<\/p>\n","protected":false},"excerpt":{"rendered":"<p>qui nous sommes Nous sommes des syst\u00e8mes de fabrication ELEKTRO | Roggentalstrasse 2 | DE-73312 Geislingen. L&rsquo;adresse de notre site Web est : https:\/\/www.karl-wetzel.com. commentaires Lorsque les visiteurs \u00e9crivent des commentaires sur le site Web, nous collectons les donn\u00e9es affich\u00e9es dans le formulaire de commentaire, ainsi que l&rsquo;adresse IP du visiteur et la cha\u00eene de &#8230; <a title=\"Loi &#8211; protection des donn\u00e9es\" class=\"read-more\" href=\"https:\/\/www.karl-wetzel.com\/fr\/loi-protection-des-donnees\/\" aria-label=\"En savoir plus sur Loi &#8211; protection des donn\u00e9es\">Lire la suite<\/a><\/p>\n","protected":false},"author":1,"featured_media":0,"parent":0,"menu_order":0,"comment_status":"closed","ping_status":"closed","template":"","meta":{"footnotes":""},"class_list":["post-3622","page","type-page","status-publish"],"_links":{"self":[{"href":"https:\/\/www.karl-wetzel.com\/fr\/wp-json\/wp\/v2\/pages\/3622","targetHints":{"allow":["GET"]}}],"collection":[{"href":"https:\/\/www.karl-wetzel.com\/fr\/wp-json\/wp\/v2\/pages"}],"about":[{"href":"https:\/\/www.karl-wetzel.com\/fr\/wp-json\/wp\/v2\/types\/page"}],"author":[{"embeddable":true,"href":"https:\/\/www.karl-wetzel.com\/fr\/wp-json\/wp\/v2\/users\/1"}],"replies":[{"embeddable":true,"href":"https:\/\/www.karl-wetzel.com\/fr\/wp-json\/wp\/v2\/comments?post=3622"}],"version-history":[{"count":2,"href":"https:\/\/www.karl-wetzel.com\/fr\/wp-json\/wp\/v2\/pages\/3622\/revisions"}],"predecessor-version":[{"id":11639,"href":"https:\/\/www.karl-wetzel.com\/fr\/wp-json\/wp\/v2\/pages\/3622\/revisions\/11639"}],"wp:attachment":[{"href":"https:\/\/www.karl-wetzel.com\/fr\/wp-json\/wp\/v2\/media?parent=3622"}],"curies":[{"name":"wp","href":"https:\/\/api.w.org\/{rel}","templated":true}]}}