{"id":3614,"date":"2022-01-06T11:06:23","date_gmt":"2022-01-06T10:06:23","guid":{"rendered":"https:\/\/www.karl-wetzel.com\/entreprises\/code-de-conduite\/"},"modified":"2025-12-27T13:04:14","modified_gmt":"2025-12-27T12:04:14","slug":"code-de-conduite","status":"publish","type":"page","link":"https:\/\/www.karl-wetzel.com\/fr\/entreprises\/code-de-conduite\/","title":{"rendered":"Code de conduite"},"content":{"rendered":"\n<div class=\"wp-block-cover alignfull has-custom-content-position is-position-top-left\"><img loading=\"lazy\" decoding=\"async\" width=\"1600\" height=\"390\" class=\"wp-block-cover__image-background wp-image-13669 size-full\" alt=\"\" src=\"https:\/\/www.karl-wetzel.com\/wp-content\/uploads\/2025\/12\/kodex-1.jpeg\" data-object-fit=\"cover\" srcset=\"https:\/\/www.karl-wetzel.com\/wp-content\/uploads\/2025\/12\/kodex-1.jpeg 1600w, https:\/\/www.karl-wetzel.com\/wp-content\/uploads\/2025\/12\/kodex-1-300x73.jpeg 300w, https:\/\/www.karl-wetzel.com\/wp-content\/uploads\/2025\/12\/kodex-1-1024x250.jpeg 1024w, https:\/\/www.karl-wetzel.com\/wp-content\/uploads\/2025\/12\/kodex-1-768x187.jpeg 768w, https:\/\/www.karl-wetzel.com\/wp-content\/uploads\/2025\/12\/kodex-1-1536x374.jpeg 1536w, https:\/\/www.karl-wetzel.com\/wp-content\/uploads\/2025\/12\/kodex-1-600x146.jpeg 600w\" sizes=\"auto, (max-width: 1600px) 100vw, 1600px\" \/><span aria-hidden=\"true\" class=\"wp-block-cover__background has-background-dim-0 has-background-dim\" style=\"background-color:#161320\"><\/span><div class=\"wp-block-cover__inner-container is-layout-flow wp-block-cover-is-layout-flow\">\n<p class=\"has-medium-font-size\">Code de conduite de l&rsquo;entreprise<\/p>\n<\/div><\/div>\n\n<div style=\"height:50px\" aria-hidden=\"true\" class=\"wp-block-spacer\"><\/div>\n\n<h2 class=\"wp-block-heading\">Principes du marchand honorable<\/h2>\n\n<p>En tant qu&rsquo;entreprise ayant une responsabilit\u00e9 sociale et une obligation envers ses clients, ses fournisseurs et ses employ\u00e9s, il est important de trouver des points de r\u00e9f\u00e9rence dans un monde en constante et rapide \u00e9volution.<\/p>\n\n<p>Par cons\u00e9quent, nous avons d\u00e9cid\u00e9 d&rsquo;\u00e9tablir et d&rsquo;appliquer un code de conduite conforme aux lois, normes et r\u00e8gles \u00e9thiques applicables.  <\/p>\n\n<p>Ces principes, \u00e0 la mani\u00e8re d&rsquo;un marchand honorable, d\u00e9terminent nos actions, nos d\u00e9cisions et nos strat\u00e9gies pour mener \u00e0 bien notre travail.<\/p>\n\n<h2 class=\"wp-block-heading\">Des principes<\/h2>\n\n<p>Nous voulons respecter nos obligations morales et sociales envers les personnes et les pays avec lesquels nous travaillons. Nous poursuivons des pratiques commerciales propres et reconnues et une concurrence loyale. La corruption et les pots-de-vin tels que d\u00e9finis dans la Convention pertinente des Nations Unies\u00b9 ainsi que l&rsquo;enrichissement personnel indu obtenu par l&rsquo;exploitation de sa position au sein de l&rsquo;entreprise sont hors de question pour nous.<\/p>\n\n<h2 class=\"wp-block-heading\">Environnement et durabilit\u00e9<\/h2>\n\n<p>Nous sommes conscients de la responsabilit\u00e9 que nous avons en tant qu&rsquo;entreprise industrielle manufacturi\u00e8re vis-\u00e0-vis de notre environnement. C&rsquo;est pourquoi nous accorderons toujours une attention particuli\u00e8re \u00e0 la protection de la nature et de l&rsquo;environnement lors du d\u00e9veloppement, de la fabrication et de l&rsquo;\u00e9limination de nos produits et favoriserons une manipulation \u00e9conome en ressources. La protection du travail, de la sant\u00e9 et de l&rsquo;environnement est une obligation pour nous.<\/p>\n\n<h2 class=\"wp-block-heading\">La Communication<\/h2>\n\n<p>Nous nous effor\u00e7ons d&rsquo;\u00e9tablir une communication ouverte et coop\u00e9rative avec tous les interlocuteurs tels que les employ\u00e9s, les sup\u00e9rieurs, les clients, les fournisseurs ou les autorit\u00e9s publiques.<\/p>\n\n<h2 class=\"wp-block-heading\">protection des donn\u00e9es<\/h2>\n\n<p>Les informations et les exp\u00e9riences utilis\u00e9es dans l&rsquo;entreprise ne sont pas utilis\u00e9es de mani\u00e8re pr\u00e9judiciable. Nous maintenons une stricte confidentialit\u00e9 sur les secrets commerciaux et les informations commerciales. Les documents et les donn\u00e9es sont correctement stock\u00e9s.<\/p>\n\n<h2 class=\"wp-block-heading\">des employ\u00e9s<\/h2>\n\n<p>Nous respectons les droits et la dignit\u00e9 de chaque individu. Ici, les droits de l&rsquo;homme et la s\u00e9curit\u00e9 nous engagent conform\u00e9ment \u00e0 la charte des droits de l&rsquo;homme de l&rsquo;ONU. Des employ\u00e9s motiv\u00e9s, satisfaits et bien form\u00e9s sont la base de produits \u00e0 succ\u00e8s.<\/p>\n\n<h2 class=\"wp-block-heading\">Fournisseurs<\/h2>\n\n<p>Nos actions s&rsquo;appuient sur des aspects \u00e9conomiques de co\u00fbts afin de rester comp\u00e9titifs sur le long terme, o\u00f9 des productions et des services bon march\u00e9 sont applicables dans le cadre de nos r\u00e8gles.<\/p>\n\n<h2 class=\"wp-block-heading\">Clients<\/h2>\n\n<p>Le client nous permet d&rsquo;agir \u00e9conomiquement par ses d\u00e9cisions d&rsquo;achat. Nous ne pouvons survivre avec nos produits et services que tant que nous r\u00e9pondons \u00e0 leurs besoins. Nous reconnaissons la satisfaction de nos clients comme l&rsquo;un de nos crit\u00e8res de qualit\u00e9 les plus importants en travaillant dans ce sens.<\/p>\n\n<h2 class=\"wp-block-heading\">Qualit\u00e9<\/h2>\n\n<p>Notre entreprise est synonyme de qualit\u00e9. Nous voulons tous faire notre travail de la meilleure fa\u00e7on possible. Nos produits et processus de travail doivent toujours refl\u00e9ter l&rsquo;\u00e9tat de l&rsquo;art actuel, de sorte que le concept de qualit\u00e9 soit int\u00e9gr\u00e9 de la cr\u00e9ation \u00e0 la mise en \u0153uvre jusqu&rsquo;\u00e0 la livraison.<\/p>\n\n<h2 class=\"wp-block-heading\">Des questions ?<\/h2>\n\n<p>Vous avez des questions ou des suggestions sur nos produits ou services ?<\/p>\n\n<p>Alors s&rsquo;il vous pla\u00eet contactez-nous, nous sommes heureux d&rsquo;\u00eatre l\u00e0 pour vous!<\/p>\n","protected":false},"excerpt":{"rendered":"<p>Principes du marchand honorable En tant qu&rsquo;entreprise ayant une responsabilit\u00e9 sociale et une obligation envers ses clients, ses fournisseurs et ses employ\u00e9s, il est important de trouver des points de r\u00e9f\u00e9rence dans un monde en constante et rapide \u00e9volution. Par cons\u00e9quent, nous avons d\u00e9cid\u00e9 d&rsquo;\u00e9tablir et d&rsquo;appliquer un code de conduite conforme aux lois, normes &#8230; <a title=\"Code de conduite\" class=\"read-more\" href=\"https:\/\/www.karl-wetzel.com\/fr\/entreprises\/code-de-conduite\/\" aria-label=\"En savoir plus sur Code de conduite\">Lire la suite<\/a><\/p>\n","protected":false},"author":1,"featured_media":0,"parent":3510,"menu_order":0,"comment_status":"closed","ping_status":"closed","template":"","meta":{"footnotes":""},"class_list":["post-3614","page","type-page","status-publish"],"_links":{"self":[{"href":"https:\/\/www.karl-wetzel.com\/fr\/wp-json\/wp\/v2\/pages\/3614","targetHints":{"allow":["GET"]}}],"collection":[{"href":"https:\/\/www.karl-wetzel.com\/fr\/wp-json\/wp\/v2\/pages"}],"about":[{"href":"https:\/\/www.karl-wetzel.com\/fr\/wp-json\/wp\/v2\/types\/page"}],"author":[{"embeddable":true,"href":"https:\/\/www.karl-wetzel.com\/fr\/wp-json\/wp\/v2\/users\/1"}],"replies":[{"embeddable":true,"href":"https:\/\/www.karl-wetzel.com\/fr\/wp-json\/wp\/v2\/comments?post=3614"}],"version-history":[{"count":5,"href":"https:\/\/www.karl-wetzel.com\/fr\/wp-json\/wp\/v2\/pages\/3614\/revisions"}],"predecessor-version":[{"id":13688,"href":"https:\/\/www.karl-wetzel.com\/fr\/wp-json\/wp\/v2\/pages\/3614\/revisions\/13688"}],"up":[{"embeddable":true,"href":"https:\/\/www.karl-wetzel.com\/fr\/wp-json\/wp\/v2\/pages\/3510"}],"wp:attachment":[{"href":"https:\/\/www.karl-wetzel.com\/fr\/wp-json\/wp\/v2\/media?parent=3614"}],"curies":[{"name":"wp","href":"https:\/\/api.w.org\/{rel}","templated":true}]}}