{"id":3510,"date":"2022-01-05T19:35:03","date_gmt":"2022-01-05T18:35:03","guid":{"rendered":"https:\/\/www.karl-wetzel.com\/entreprises\/"},"modified":"2025-12-28T13:07:35","modified_gmt":"2025-12-28T12:07:35","slug":"entreprises","status":"publish","type":"page","link":"https:\/\/www.karl-wetzel.com\/fr\/entreprises\/","title":{"rendered":"Entreprises"},"content":{"rendered":"\n<div class=\"wp-block-cover alignfull has-custom-content-position is-position-top-left\"><img loading=\"lazy\" decoding=\"async\" width=\"1600\" height=\"390\" class=\"wp-block-cover__image-background wp-image-13855\" alt=\"\" src=\"https:\/\/www.karl-wetzel.com\/wp-content\/uploads\/2025\/12\/Unternehmen.jpeg\" data-object-fit=\"cover\" srcset=\"https:\/\/www.karl-wetzel.com\/wp-content\/uploads\/2025\/12\/Unternehmen.jpeg 1600w, https:\/\/www.karl-wetzel.com\/wp-content\/uploads\/2025\/12\/Unternehmen-300x73.jpeg 300w, https:\/\/www.karl-wetzel.com\/wp-content\/uploads\/2025\/12\/Unternehmen-1024x250.jpeg 1024w, https:\/\/www.karl-wetzel.com\/wp-content\/uploads\/2025\/12\/Unternehmen-768x187.jpeg 768w, https:\/\/www.karl-wetzel.com\/wp-content\/uploads\/2025\/12\/Unternehmen-1536x374.jpeg 1536w, https:\/\/www.karl-wetzel.com\/wp-content\/uploads\/2025\/12\/Unternehmen-600x146.jpeg 600w\" sizes=\"auto, (max-width: 1600px) 100vw, 1600px\" \/><span aria-hidden=\"true\" class=\"wp-block-cover__background has-background-dim-0 has-background-dim\"><\/span><div class=\"wp-block-cover__inner-container is-layout-flow wp-block-cover-is-layout-flow\">\n<div class=\"wp-block-columns is-layout-flex wp-container-core-columns-is-layout-9d6595d7 wp-block-columns-is-layout-flex\">\n<div class=\"wp-block-column is-layout-flow wp-block-column-is-layout-flow\" style=\"flex-basis:100%\">\n<p class=\"has-text-align-center has-medium-font-size\">Entreprises<\/p>\n<\/div>\n<\/div>\n<\/div><\/div>\n\n<div style=\"height:50px\" aria-hidden=\"true\" class=\"wp-block-spacer\"><\/div>\n\n<p class=\"has-accent-color has-text-color has-link-color has-medium-font-size wp-elements-e91ea7714ffba479ea87a48bbb57a4d9\"><strong>L&rsquo;entreprise<\/strong><\/p>\n\n<p>Le fondateur Karl Wetzel a ouvert son entreprise en 1946. Au d\u00e9part, il s&rsquo;est concentr\u00e9 sur le d\u00e9veloppement de la machine \u00e0 plier \u00ab Rotafix \u00bb et d&rsquo;outils pour la fabrication et la r\u00e9paration de moteurs \u00e9lectriques.<\/p>\n\n<p>Les premi\u00e8res machines de fabrication de bandes isolantes furent bient\u00f4t construites et livr\u00e9es \u00e0 Bremerhaven et en Suisse.<\/p>\n\n<p>Comme en moins de temps auparavant, le monde et nos march\u00e9s mondiaux sont en mouvement. Afin de pouvoir contrer cela, nous avons form\u00e9 des \u00e9quipes de projet pour l&rsquo;am\u00e9lioration continue de nos produits et l&rsquo;orientation strat\u00e9gique future.<\/p>\n\n<p class=\"has-accent-color has-text-color has-link-color has-medium-font-size wp-elements-8ccc740de2d812b869552f7c6f913b89\"><strong>Qui est KARL WETZEL ?  <\/strong><\/p>\n\n<p>L&rsquo;esprit brillant et fondateur de l&rsquo;entreprise a con\u00e7u, peu apr\u00e8s la Seconde Guerre mondiale, des dispositifs et des machines permettant de fabriquer, de modifier et de r\u00e9parer des moteurs \u00e9lectriques.<\/p>\n\n<p class=\"has-accent-color has-text-color has-link-color has-medium-font-size wp-elements-0eed5ba008efdc24e46afd94fc1937dc\"><strong>Connaissez-vous les syst\u00e8mes de fabrication DUDEK\u00a0?  <\/strong><\/p>\n\n<div style=\"height:25px\" aria-hidden=\"true\" class=\"wp-block-spacer\"><\/div>\n\n<p>Dans les ann\u00e9es 1970, sa fille et son mari Peter Dudek ont \u200b\u200brepris l&rsquo;entreprise et des ajouts tels que le Rotamat, des anneaux de serrage, des syst\u00e8mes d&rsquo;abreuvement et des postes de travail d&#8217;emballage ont \u00e9t\u00e9 r\u00e9alis\u00e9s.  <\/p>\n\n<p class=\"has-accent-color has-text-color has-link-color has-medium-font-size wp-elements-832624276e4c2d58299bcb10f3f1909e\"><strong>Et pourquoi les syst\u00e8mes de fabrication \u00e9lectrique maintenant ?<\/strong><\/p>\n\n<div style=\"height:25px\" aria-hidden=\"true\" class=\"wp-block-spacer\"><\/div>\n\n<p>D\u00e9but 2020, Uwe Bidlingmaier a repris l&rsquo;entreprise et l&rsquo;a transf\u00e9r\u00e9e avec son \u00e9quipe d&rsquo;Offenburg \u00e0 Geislingen\/Steige. Depuis, la gamme de produits a \u00e9t\u00e9 modernis\u00e9e, compl\u00e9t\u00e9e et continuellement \u00e9largie.<\/p>\n","protected":false},"excerpt":{"rendered":"<p>L&rsquo;entreprise Le fondateur Karl Wetzel a ouvert son entreprise en 1946. Au d\u00e9part, il s&rsquo;est concentr\u00e9 sur le d\u00e9veloppement de la machine \u00e0 plier \u00ab Rotafix \u00bb et d&rsquo;outils pour la fabrication et la r\u00e9paration de moteurs \u00e9lectriques. Les premi\u00e8res machines de fabrication de bandes isolantes furent bient\u00f4t construites et livr\u00e9es \u00e0 Bremerhaven et en &#8230; <a title=\"Entreprises\" class=\"read-more\" href=\"https:\/\/www.karl-wetzel.com\/fr\/entreprises\/\" aria-label=\"En savoir plus sur Entreprises\">Lire la suite<\/a><\/p>\n","protected":false},"author":1,"featured_media":0,"parent":0,"menu_order":0,"comment_status":"closed","ping_status":"closed","template":"","meta":{"footnotes":""},"class_list":["post-3510","page","type-page","status-publish"],"_links":{"self":[{"href":"https:\/\/www.karl-wetzel.com\/fr\/wp-json\/wp\/v2\/pages\/3510","targetHints":{"allow":["GET"]}}],"collection":[{"href":"https:\/\/www.karl-wetzel.com\/fr\/wp-json\/wp\/v2\/pages"}],"about":[{"href":"https:\/\/www.karl-wetzel.com\/fr\/wp-json\/wp\/v2\/types\/page"}],"author":[{"embeddable":true,"href":"https:\/\/www.karl-wetzel.com\/fr\/wp-json\/wp\/v2\/users\/1"}],"replies":[{"embeddable":true,"href":"https:\/\/www.karl-wetzel.com\/fr\/wp-json\/wp\/v2\/comments?post=3510"}],"version-history":[{"count":5,"href":"https:\/\/www.karl-wetzel.com\/fr\/wp-json\/wp\/v2\/pages\/3510\/revisions"}],"predecessor-version":[{"id":14325,"href":"https:\/\/www.karl-wetzel.com\/fr\/wp-json\/wp\/v2\/pages\/3510\/revisions\/14325"}],"wp:attachment":[{"href":"https:\/\/www.karl-wetzel.com\/fr\/wp-json\/wp\/v2\/media?parent=3510"}],"curies":[{"name":"wp","href":"https:\/\/api.w.org\/{rel}","templated":true}]}}