{"id":3501,"date":"2022-01-05T17:46:19","date_gmt":"2022-01-05T16:46:19","guid":{"rendered":"https:\/\/www.karl-wetzel.com\/droit-mentions-legales\/"},"modified":"2025-01-13T11:11:17","modified_gmt":"2025-01-13T10:11:17","slug":"droit-mentions-legales","status":"publish","type":"page","link":"https:\/\/www.karl-wetzel.com\/fr\/droit-mentions-legales\/","title":{"rendered":"Droit &#8211; Mentions l\u00e9gales"},"content":{"rendered":"\n<h2 class=\"wp-block-heading\">Informations selon \u00a75 TMG<\/h2>\n\n<p>ELEKTRO Manufacturing Systems eK<br\/> Propri\u00e9taire Uwe Bidlingmaier<br\/> Roggentalstrasse 2<br\/> 73312 Geislingen<br\/> Allemagne<br\/> Europe<\/p>\n\n<h2 class=\"wp-block-heading\">Contact<\/h2>\n\n<p>T\u00e9l\u00e9phone : +49 (0)7162 970 775<br\/> E-mail\u00a0:\u00a0imprint@karl-wetzel.com<\/p>\n\n<h2 class=\"wp-block-heading\">Droit fiscal<\/h2>\n\n<p>Num\u00e9ro fiscal 62211\/55821<br\/> Num\u00e9ro d&rsquo;identification fiscale : DE 186 79 44 73<br\/> Tribunal d&rsquo;enregistrement d&rsquo;Ulm HRA 728 158<br\/> IHK G\u00f6ppingen 175 57 24 26<\/p>\n","protected":false},"excerpt":{"rendered":"<p>Informations selon \u00a75 TMG ELEKTRO Manufacturing Systems eK Propri\u00e9taire Uwe Bidlingmaier Roggentalstrasse 2 73312 Geislingen Allemagne Europe Contact T\u00e9l\u00e9phone : +49 (0)7162 970 775 E-mail\u00a0:\u00a0imprint@karl-wetzel.com Droit fiscal Num\u00e9ro fiscal 62211\/55821 Num\u00e9ro d&rsquo;identification fiscale : DE 186 79 44 73 Tribunal d&rsquo;enregistrement d&rsquo;Ulm HRA 728 158 IHK G\u00f6ppingen 175 57 24 26<\/p>\n","protected":false},"author":1,"featured_media":0,"parent":0,"menu_order":0,"comment_status":"closed","ping_status":"closed","template":"","meta":{"footnotes":""},"class_list":["post-3501","page","type-page","status-publish"],"_links":{"self":[{"href":"https:\/\/www.karl-wetzel.com\/fr\/wp-json\/wp\/v2\/pages\/3501","targetHints":{"allow":["GET"]}}],"collection":[{"href":"https:\/\/www.karl-wetzel.com\/fr\/wp-json\/wp\/v2\/pages"}],"about":[{"href":"https:\/\/www.karl-wetzel.com\/fr\/wp-json\/wp\/v2\/types\/page"}],"author":[{"embeddable":true,"href":"https:\/\/www.karl-wetzel.com\/fr\/wp-json\/wp\/v2\/users\/1"}],"replies":[{"embeddable":true,"href":"https:\/\/www.karl-wetzel.com\/fr\/wp-json\/wp\/v2\/comments?post=3501"}],"version-history":[{"count":5,"href":"https:\/\/www.karl-wetzel.com\/fr\/wp-json\/wp\/v2\/pages\/3501\/revisions"}],"predecessor-version":[{"id":11550,"href":"https:\/\/www.karl-wetzel.com\/fr\/wp-json\/wp\/v2\/pages\/3501\/revisions\/11550"}],"wp:attachment":[{"href":"https:\/\/www.karl-wetzel.com\/fr\/wp-json\/wp\/v2\/media?parent=3501"}],"curies":[{"name":"wp","href":"https:\/\/api.w.org\/{rel}","templated":true}]}}