{"id":3455,"date":"2022-01-05T16:51:00","date_gmt":"2022-01-05T15:51:00","guid":{"rendered":"https:\/\/www.karl-wetzel.com\/accueil\/"},"modified":"2026-03-28T13:24:12","modified_gmt":"2026-03-28T12:24:12","slug":"accueil","status":"publish","type":"page","link":"https:\/\/www.karl-wetzel.com\/fr\/","title":{"rendered":"Accueil"},"content":{"rendered":"\n<div class=\"wp-block-cover alignfull has-custom-content-position is-position-top-left\"><img loading=\"lazy\" decoding=\"async\" width=\"1600\" height=\"558\" class=\"wp-block-cover__image-background wp-image-13424 size-full\" alt=\"\" src=\"https:\/\/www.karl-wetzel.com\/wp-content\/uploads\/2025\/12\/WhatsApp-Image-2025-12-27-at-11.49.59.jpeg\" data-object-fit=\"cover\" srcset=\"https:\/\/www.karl-wetzel.com\/wp-content\/uploads\/2025\/12\/WhatsApp-Image-2025-12-27-at-11.49.59.jpeg 1600w, https:\/\/www.karl-wetzel.com\/wp-content\/uploads\/2025\/12\/WhatsApp-Image-2025-12-27-at-11.49.59-300x105.jpeg 300w, https:\/\/www.karl-wetzel.com\/wp-content\/uploads\/2025\/12\/WhatsApp-Image-2025-12-27-at-11.49.59-1024x357.jpeg 1024w, https:\/\/www.karl-wetzel.com\/wp-content\/uploads\/2025\/12\/WhatsApp-Image-2025-12-27-at-11.49.59-768x268.jpeg 768w, https:\/\/www.karl-wetzel.com\/wp-content\/uploads\/2025\/12\/WhatsApp-Image-2025-12-27-at-11.49.59-1536x536.jpeg 1536w, https:\/\/www.karl-wetzel.com\/wp-content\/uploads\/2025\/12\/WhatsApp-Image-2025-12-27-at-11.49.59-600x209.jpeg 600w\" sizes=\"auto, (max-width: 1600px) 100vw, 1600px\" \/><span aria-hidden=\"true\" class=\"wp-block-cover__background has-background-dim-0 has-background-dim\"><\/span><div class=\"wp-block-cover__inner-container is-layout-flow wp-block-cover-is-layout-flow\">\n<div class=\"wp-block-columns is-layout-flex wp-container-core-columns-is-layout-9d6595d7 wp-block-columns-is-layout-flex\">\n<div class=\"wp-block-column is-layout-flow wp-block-column-is-layout-flow\" style=\"flex-basis:100%\">\n<div class=\"wp-block-columns are-vertically-aligned-top is-layout-flex wp-container-core-columns-is-layout-9d6595d7 wp-block-columns-is-layout-flex\">\n<div class=\"wp-block-column is-vertically-aligned-top is-layout-flow wp-block-column-is-layout-flow\" style=\"flex-basis:100%\">\n<h2 class=\"wp-block-heading has-text-align-left\">  Machines | \u00c9quipements | Outils<\/h2>\n<\/div>\n<\/div>\n<\/div>\n<\/div>\n\n\n\n<p>Solutions pour la fabrication, l&rsquo;exploitation et la r\u00e9paration de<br\/> Moteurs \u00e9lectriques &#8211; transformateurs &#8211; g\u00e9n\u00e9rateurs<\/p>\n\n\n\n<p><\/p>\n\n\n\n<p><\/p>\n\n\n\n<p><\/p>\n<\/div><\/div>\n\n<div style=\"height:50px\" aria-hidden=\"true\" class=\"wp-block-spacer\"><\/div>\n\n<div class=\"wp-block-group alignfull is-content-justification-center\" style=\"margin-top:0;margin-bottom:0;padding-top:calc( 0.5 * var(--wp--style--root--padding-right, var(--wp--custom--gap--horizontal)));padding-right:var(--wp--style--root--padding-right, var(--wp--custom--gap--horizontal));padding-bottom:calc( 0.5 * var(--wp--style--root--padding-right, var(--wp--custom--gap--horizontal)));padding-left:var(--wp--style--root--padding-left, var(--wp--custom--gap--horizontal))\"><div class=\"wp-block-group__inner-container is-layout-constrained wp-container-core-group-is-layout-b073b61b wp-block-group-is-layout-constrained\">\n<div style=\"height:calc( 0.25 * var(--wp--style--root--padding-right, var(--wp--custom--gap--horizontal)))\" aria-hidden=\"true\" class=\"wp-block-spacer\"><\/div>\n\n\n\n<div class=\"wp-block-columns alignfull are-vertically-aligned-top is-layout-flex wp-container-core-columns-is-layout-41e3e26a wp-block-columns-is-layout-flex\">\n<div class=\"wp-block-column is-vertically-aligned-top is-layout-flow wp-block-column-is-layout-flow\">\n<figure class=\"wp-block-image size-full\"><img loading=\"lazy\" decoding=\"async\" width=\"1920\" height=\"1090\" src=\"https:\/\/www.karl-wetzel.com\/wp-content\/uploads\/2025\/12\/Header-Elektromaschinenbau.jpg\" alt=\"\" class=\"wp-image-13121\" style=\"aspect-ratio:1;object-fit:cover\" srcset=\"https:\/\/www.karl-wetzel.com\/wp-content\/uploads\/2025\/12\/Header-Elektromaschinenbau.jpg 1920w, https:\/\/www.karl-wetzel.com\/wp-content\/uploads\/2025\/12\/Header-Elektromaschinenbau-300x170.jpg 300w, https:\/\/www.karl-wetzel.com\/wp-content\/uploads\/2025\/12\/Header-Elektromaschinenbau-1024x581.jpg 1024w, https:\/\/www.karl-wetzel.com\/wp-content\/uploads\/2025\/12\/Header-Elektromaschinenbau-768x436.jpg 768w, https:\/\/www.karl-wetzel.com\/wp-content\/uploads\/2025\/12\/Header-Elektromaschinenbau-1536x872.jpg 1536w, https:\/\/www.karl-wetzel.com\/wp-content\/uploads\/2025\/12\/Header-Elektromaschinenbau-600x341.jpg 600w\" sizes=\"auto, (max-width: 1920px) 100vw, 1920px\" \/><\/figure>\n\n\n\n<div style=\"height:4px\" aria-hidden=\"true\" class=\"wp-block-spacer\"><\/div>\n\n\n\n<div class=\"wp-block-group\"><div class=\"wp-block-group__inner-container is-layout-flow wp-block-group-is-layout-flow\">\n<h3 class=\"wp-block-heading has-text-align-center is-service-name has-medium-font-size\" style=\"font-style:normal;font-weight:700\">Production | Op\u00e9rations<\/h3>\n<\/div><\/div>\n\n\n\n<p class=\"has-text-align-center is-service-description\">Nous disposons des machines, \u00e9quipements et outils n\u00e9cessaires \u00e0 vos projets\u00a0: machines pour le bobinage et le tr\u00e9filage, la d\u00e9coupe, le d\u00e9nudage et l\u2019impr\u00e9gnation. Et pour garantir la qualit\u00e9, nous poss\u00e9dons les \u00e9quipements de test appropri\u00e9s.  <\/p>\n<\/div>\n\n\n\n<div class=\"wp-block-column is-vertically-aligned-top is-layout-flow wp-block-column-is-layout-flow\">\n<figure class=\"wp-block-image size-full is-style-default\"><img loading=\"lazy\" decoding=\"async\" width=\"1641\" height=\"1124\" src=\"https:\/\/www.karl-wetzel.com\/wp-content\/uploads\/2026\/03\/Messedank.jpeg\" alt=\"\" class=\"wp-image-14543\" style=\"aspect-ratio:1;object-fit:cover\" srcset=\"https:\/\/www.karl-wetzel.com\/wp-content\/uploads\/2026\/03\/Messedank.jpeg 1641w, https:\/\/www.karl-wetzel.com\/wp-content\/uploads\/2026\/03\/Messedank-300x205.jpeg 300w, https:\/\/www.karl-wetzel.com\/wp-content\/uploads\/2026\/03\/Messedank-1024x701.jpeg 1024w, https:\/\/www.karl-wetzel.com\/wp-content\/uploads\/2026\/03\/Messedank-768x526.jpeg 768w, https:\/\/www.karl-wetzel.com\/wp-content\/uploads\/2026\/03\/Messedank-1536x1052.jpeg 1536w, https:\/\/www.karl-wetzel.com\/wp-content\/uploads\/2026\/03\/Messedank-600x411.jpeg 600w\" sizes=\"auto, (max-width: 1641px) 100vw, 1641px\" \/><\/figure>\n\n\n\n<div style=\"height:4px\" aria-hidden=\"true\" class=\"wp-block-spacer\"><\/div>\n\n\n\n<div class=\"wp-block-group\"><div class=\"wp-block-group__inner-container is-layout-flow wp-block-group-is-layout-flow\">\n<h3 class=\"wp-block-heading has-text-align-center is-service-name has-medium-font-size\" style=\"font-style:normal;font-weight:700\">Information | Service<\/h3>\n<\/div><\/div>\n\n\n\n<p class=\"has-text-align-center is-service-description\">Vous pourrez nous retrouver en tant qu&rsquo;exposant au salon annuel Coiltech \u00e0 Augsbourg (Allemagne) et en tant que visiteur \u00e0 Pordenone (Italie). Nous tenons \u00e0 remercier tous les visiteurs pour leurs discussions instructives lors de Coiltech 2026.<\/p>\n<\/div>\n\n\n\n<div class=\"wp-block-column is-vertically-aligned-top is-layout-flow wp-block-column-is-layout-flow\">\n<figure class=\"wp-block-image size-full is-style-default\"><img loading=\"lazy\" decoding=\"async\" width=\"1920\" height=\"1277\" src=\"https:\/\/www.karl-wetzel.com\/wp-content\/uploads\/2021\/12\/404.jpg\" alt=\"\" class=\"wp-image-18\" style=\"aspect-ratio:1;object-fit:cover\" srcset=\"https:\/\/www.karl-wetzel.com\/wp-content\/uploads\/2021\/12\/404.jpg 1920w, https:\/\/www.karl-wetzel.com\/wp-content\/uploads\/2021\/12\/404-600x399.jpg 600w, https:\/\/www.karl-wetzel.com\/wp-content\/uploads\/2021\/12\/404-300x200.jpg 300w, https:\/\/www.karl-wetzel.com\/wp-content\/uploads\/2021\/12\/404-1024x681.jpg 1024w, https:\/\/www.karl-wetzel.com\/wp-content\/uploads\/2021\/12\/404-768x511.jpg 768w, https:\/\/www.karl-wetzel.com\/wp-content\/uploads\/2021\/12\/404-1536x1022.jpg 1536w\" sizes=\"auto, (max-width: 1920px) 100vw, 1920px\" \/><\/figure>\n\n\n\n<div style=\"height:4px\" aria-hidden=\"true\" class=\"wp-block-spacer\"><\/div>\n\n\n\n<div class=\"wp-block-group\"><div class=\"wp-block-group__inner-container is-layout-flow wp-block-group-is-layout-flow\">\n<h3 class=\"wp-block-heading has-text-align-center is-service-name has-medium-font-size\" style=\"font-style:normal;font-weight:700\">R\u00e9parations | Pi\u00e8ces d\u00e9tach\u00e9es<\/h3>\n<\/div><\/div>\n\n\n\n<p class=\"has-text-align-center is-service-description\">La durabilit\u00e9 et la rentabilit\u00e9 incluent \u00e9galement la r\u00e9paration des moteurs \u00e9lectriques, des g\u00e9n\u00e9rateurs et des transformateurs. Avec notre gamme RetroFit, nous proposons des machines remises \u00e0 neuf conformes aux normes technologiques actuelles. <\/p>\n<\/div>\n<\/div>\n\n\n\n<div style=\"height:calc( 0.25 * var(--wp--style--root--padding-right, var(--wp--custom--gap--horizontal)))\" aria-hidden=\"true\" class=\"wp-block-spacer\"><\/div>\n<\/div><\/div>\n\n<div class=\"wp-block-group alignfull is-content-justification-center\" style=\"margin-top:0;margin-bottom:0;padding-top:calc( 0.5 * var(--wp--style--root--padding-right, var(--wp--custom--gap--horizontal)));padding-right:var(--wp--style--root--padding-right, var(--wp--custom--gap--horizontal));padding-bottom:calc( 0.5 * var(--wp--style--root--padding-right, var(--wp--custom--gap--horizontal)));padding-left:var(--wp--style--root--padding-left, var(--wp--custom--gap--horizontal))\"><div class=\"wp-block-group__inner-container is-layout-constrained wp-container-core-group-is-layout-b073b61b wp-block-group-is-layout-constrained\">\n<div style=\"height:calc( 0.25 * var(--wp--style--root--padding-right, var(--wp--custom--gap--horizontal)))\" aria-hidden=\"true\" class=\"wp-block-spacer\"><\/div>\n\n\n\n<h2 class=\"wp-block-heading has-text-align-center\">Nos 3 offres sp\u00e9ciales<\/h2>\n\n\n\n<div style=\"height:25px;width:0px\" aria-hidden=\"true\" class=\"wp-block-spacer\"><\/div>\n\n\n\n<div class=\"wp-block-columns alignwide is-layout-flex wp-container-core-columns-is-layout-9d6595d7 wp-block-columns-is-layout-flex\">\n<div class=\"wp-block-column has-border-color has-primary-border-color has-base-2-background-color has-background is-layout-constrained wp-container-core-column-is-layout-f1df7242 wp-block-column-is-layout-constrained\" style=\"border-width:1px;padding-top:var(--wp--preset--spacing--30);padding-right:var(--wp--preset--spacing--40);padding-bottom:var(--wp--preset--spacing--50);padding-left:var(--wp--preset--spacing--40)\">\n<p class=\"has-text-align-center has-accent-color has-text-color has-link-color has-medium-font-size wp-elements-a23d7a37749ddcd62eacb844ece53d62\">Scie \u00e0 main de collection | Lames de scie<\/p>\n\n\n\n<h2 class=\"wp-block-heading is-style-default\">Pour les r\u00e9parations<\/h2>\n\n\n\n<div class=\"wp-block-group is-vertical is-content-justification-stretch is-layout-flex wp-container-core-group-is-layout-b16ad781 wp-block-group-is-layout-flex\">\n<div class=\"wp-block-group has-accent-color has-text-color has-link-color wp-elements-b94abb2f18d9fe9bf24626532634b847 is-nowrap is-layout-flex wp-container-core-group-is-layout-ad2f72ca wp-block-group-is-layout-flex\">\n<p class=\"has-text-align-left has-contrast-2-color has-text-color has-link-color wp-elements-7564f50a4169ebc24d615207983f01b1\"><strong>\u2726<\/strong><\/p>\n\n\n\n<p class=\"has-text-align-left has-contrast-color has-text-color has-link-color wp-elements-40b51bc1a99161869b942cd2cec08add\">Division dentaire parfaite<\/p>\n<\/div>\n\n\n\n<div class=\"wp-block-group has-accent-color has-text-color has-link-color wp-elements-30b38c837a77a53bcb2622078eeaad87 is-nowrap is-layout-flex wp-container-core-group-is-layout-ad2f72ca wp-block-group-is-layout-flex\">\n<p class=\"has-text-align-left has-contrast-2-color has-text-color has-link-color wp-elements-7564f50a4169ebc24d615207983f01b1\"><strong>\u2726<\/strong><\/p>\n\n\n\n<p class=\"has-text-align-left has-contrast-color has-text-color has-link-color wp-elements-33a68b18673d2ab3ee5e02f7736aa93d\">Changement de feuilles facile<\/p>\n<\/div>\n\n\n\n<div class=\"wp-block-group is-nowrap is-layout-flex wp-container-core-group-is-layout-ad2f72ca wp-block-group-is-layout-flex\">\n<p class=\"has-text-align-left has-contrast-2-color has-text-color has-link-color wp-elements-7564f50a4169ebc24d615207983f01b1\"><strong>\u2726<\/strong><\/p>\n\n\n\n<p class=\"has-text-align-left has-contrast-color has-text-color has-link-color wp-elements-329332b65620568b81b148844a4f367b\">15&#215;28 | 25&#215;28 | 25&#215;130 mm<\/p>\n<\/div>\n\n\n\n<div class=\"wp-block-group has-accent-color has-text-color has-link-color wp-elements-2623c0c60e92b361fc75b7310f2b89fa is-nowrap is-layout-flex wp-container-core-group-is-layout-ad2f72ca wp-block-group-is-layout-flex\">\n<p class=\"has-text-align-left has-contrast-2-color has-text-color has-link-color wp-elements-7564f50a4169ebc24d615207983f01b1\"><strong>\u2726<\/strong><\/p>\n\n\n\n<p class=\"has-text-align-left has-contrast-color has-text-color has-link-color wp-elements-ba18e546c056e1c4826a2fb12a1bb40b\">Maniabilit\u00e9 de premi\u00e8re classe<\/p>\n<\/div>\n<\/div>\n\n\n\n<div style=\"height:16px\" aria-hidden=\"true\" class=\"wp-block-spacer\"><\/div>\n\n\n\n<div class=\"wp-block-buttons is-content-justification-center is-layout-flex wp-container-core-buttons-is-layout-16018d1d wp-block-buttons-is-layout-flex\">\n<div class=\"wp-block-button has-custom-width wp-block-button__width-100 is-style-fill\"><a class=\"wp-block-button__link wp-element-button\" href=\"http:\/\/store.karl-wetzel.com\" target=\"_blank\" rel=\"noreferrer noopener\">Dans notre boutique en ligne<\/a><\/div>\n<\/div>\n<\/div>\n\n\n\n<div class=\"wp-block-column has-border-color has-primary-border-color has-base-2-background-color has-background is-layout-constrained wp-container-core-column-is-layout-f1df7242 wp-block-column-is-layout-constrained\" style=\"border-width:1px;padding-top:var(--wp--preset--spacing--30);padding-right:var(--wp--preset--spacing--40);padding-bottom:var(--wp--preset--spacing--50);padding-left:var(--wp--preset--spacing--40)\">\n<p class=\"has-text-align-center has-accent-color has-text-color has-link-color has-medium-font-size wp-elements-ec7b0a57395bc5e4a5f1555eb799590b\">Plieuse RotaFlex | Rota Max<\/p>\n\n\n\n<h2 class=\"wp-block-heading is-style-default\">Pour le pliage<\/h2>\n\n\n\n<div class=\"wp-block-group is-vertical is-content-justification-stretch is-layout-flex wp-container-core-group-is-layout-b16ad781 wp-block-group-is-layout-flex\">\n<div class=\"wp-block-group has-accent-color has-text-color has-link-color wp-elements-e75087c17831c4bc64dcc3cda41f687a is-nowrap is-layout-flex wp-container-core-group-is-layout-ad2f72ca wp-block-group-is-layout-flex\">\n<p class=\"has-text-align-left has-contrast-2-color has-text-color has-link-color wp-elements-7564f50a4169ebc24d615207983f01b1\"><strong>\u2726<\/strong><\/p>\n\n\n\n<p class=\"has-text-align-left has-contrast-color has-text-color has-link-color wp-elements-559cd1fec96145cc1d8e110b8e6d65ce\">Mise en place de 2 plis ind\u00e9pendants  <\/p>\n<\/div>\n\n\n\n<div class=\"wp-block-group has-accent-color has-text-color has-link-color wp-elements-3622861334d7954f4a1eb61f2dc4cf9d is-nowrap is-layout-flex wp-container-core-group-is-layout-ad2f72ca wp-block-group-is-layout-flex\">\n<p class=\"has-text-align-left has-contrast-2-color has-text-color has-link-color wp-elements-7564f50a4169ebc24d615207983f01b1\"><strong>\u2726<\/strong><\/p>\n\n\n\n<p class=\"has-text-align-left has-contrast-color has-text-color has-link-color wp-elements-7d49cf5c3c939c7d1e43c41996d9313c\">Production de bandes pr\u00e9fabriqu\u00e9es<\/p>\n<\/div>\n\n\n\n<div class=\"wp-block-group is-nowrap is-layout-flex wp-container-core-group-is-layout-ad2f72ca wp-block-group-is-layout-flex\">\n<p class=\"has-text-align-left has-contrast-2-color has-text-color has-link-color wp-elements-7564f50a4169ebc24d615207983f01b1\"><strong>\u2726<\/strong><\/p>\n\n\n\n<p class=\"has-text-align-left has-contrast-color has-text-color has-link-color wp-elements-27683f516a329c1a33e31410122d7e35\">Qualit\u00e9 de pliage constante<\/p>\n<\/div>\n\n\n\n<div class=\"wp-block-group has-accent-color has-text-color has-link-color wp-elements-77fca873d07772f1cb2034035ea17725 is-nowrap is-layout-flex wp-container-core-group-is-layout-ad2f72ca wp-block-group-is-layout-flex\">\n<p class=\"has-text-align-left has-contrast-2-color has-text-color has-link-color wp-elements-7564f50a4169ebc24d615207983f01b1\"><strong>\u2726<\/strong><\/p>\n\n\n\n<p class=\"has-text-align-left has-contrast-color has-text-color has-link-color wp-elements-33e2da27fa2a28044eb877000a872e6e\">Contr\u00f4leur Siemens S7 avec \u00e9cran tactile<\/p>\n<\/div>\n<\/div>\n\n\n\n<div style=\"height:16px\" aria-hidden=\"true\" class=\"wp-block-spacer\"><\/div>\n\n\n\n<div class=\"wp-block-buttons is-content-justification-center is-layout-flex wp-container-core-buttons-is-layout-16018d1d wp-block-buttons-is-layout-flex\">\n<div class=\"wp-block-button has-custom-width wp-block-button__width-100 is-style-fill\"><a class=\"wp-block-button__link wp-element-button\" href=\"http:\/\/store.karl-wetzel.com\" target=\"_blank\" rel=\"noreferrer noopener\">Dans notre boutique en ligne<\/a><\/div>\n<\/div>\n<\/div>\n\n\n\n<div class=\"wp-block-column has-border-color has-primary-border-color has-base-2-background-color has-background is-layout-constrained wp-container-core-column-is-layout-f1df7242 wp-block-column-is-layout-constrained\" style=\"border-width:1px;padding-top:var(--wp--preset--spacing--30);padding-right:var(--wp--preset--spacing--40);padding-bottom:var(--wp--preset--spacing--50);padding-left:var(--wp--preset--spacing--40)\">\n<p class=\"has-text-align-center has-accent-color has-text-color has-link-color has-medium-font-size wp-elements-f7e443821f3bb06f0ff8dcaf3cd914cd\">B\u00e2tonnets d&#8217;emballage | Mortaiseuses \u00e0 rainures<\/p>\n\n\n\n<h2 class=\"wp-block-heading is-style-default\">Pour le traitement<\/h2>\n\n\n\n<div class=\"wp-block-group is-vertical is-content-justification-stretch is-layout-flex wp-container-core-group-is-layout-b16ad781 wp-block-group-is-layout-flex\">\n<div class=\"wp-block-group is-nowrap is-layout-flex wp-container-core-group-is-layout-ad2f72ca wp-block-group-is-layout-flex\">\n<p class=\"has-text-align-left has-contrast-2-color has-text-color has-link-color wp-elements-7564f50a4169ebc24d615207983f01b1\"><strong>\u2726<\/strong><\/p>\n\n\n\n<p class=\"has-text-align-left has-contrast-color has-text-color has-link-color wp-elements-149197d3aef8ba455ef17db5ca357d5f\">4 formes\/tailles diff\u00e9rentes<\/p>\n<\/div>\n\n\n\n<div class=\"wp-block-group is-nowrap is-layout-flex wp-container-core-group-is-layout-ad2f72ca wp-block-group-is-layout-flex\">\n<p class=\"has-text-align-left has-contrast-2-color has-text-color has-link-color wp-elements-7564f50a4169ebc24d615207983f01b1\"><strong>\u2726<\/strong><\/p>\n\n\n\n<p class=\"has-text-align-left has-contrast-color has-text-color has-link-color wp-elements-9f5955cf9b897f5b80804f4f5a2a5130\">Bandage et modelage<\/p>\n<\/div>\n\n\n\n<div class=\"wp-block-group is-nowrap is-layout-flex wp-container-core-group-is-layout-ad2f72ca wp-block-group-is-layout-flex\">\n<p class=\"has-text-align-left has-contrast-2-color has-text-color has-link-color wp-elements-7564f50a4169ebc24d615207983f01b1\"><strong>\u2726<\/strong><\/p>\n\n\n\n<p class=\"has-text-align-left has-contrast-color has-text-color has-link-color wp-elements-b2e4c16a26b15c5e842a07a7e7c7c2d4\">R\u00e9glage des t\u00eates d&rsquo;enroulement<\/p>\n<\/div>\n\n\n\n<div class=\"wp-block-group is-nowrap is-layout-flex wp-container-core-group-is-layout-ad2f72ca wp-block-group-is-layout-flex\">\n<p class=\"has-text-align-left has-contrast-2-color has-text-color has-link-color wp-elements-7564f50a4169ebc24d615207983f01b1\"><strong>\u2726<\/strong><\/p>\n\n\n\n<p class=\"has-text-align-left has-contrast-color has-text-color has-link-color wp-elements-99210a5bb9822e248cd4872b224ec281\">Mat\u00e9riau de base r\u00e9sistant \u00e0 l&rsquo;usure<\/p>\n<\/div>\n<\/div>\n\n\n\n<div style=\"height:16px\" aria-hidden=\"true\" class=\"wp-block-spacer\"><\/div>\n\n\n\n<div class=\"wp-block-buttons is-content-justification-center is-layout-flex wp-container-core-buttons-is-layout-16018d1d wp-block-buttons-is-layout-flex\">\n<div class=\"wp-block-button has-custom-width wp-block-button__width-100 is-style-fill\"><a class=\"wp-block-button__link wp-element-button\" href=\"http:\/\/store.karl-wetzel.com\" target=\"_blank\" rel=\"noreferrer noopener\">Dans notre boutique en ligne<\/a><\/div>\n<\/div>\n<\/div>\n<\/div>\n\n\n\n<div style=\"height:calc( 0.25 * var(--wp--style--root--padding-right, var(--wp--custom--gap--horizontal)))\" aria-hidden=\"true\" class=\"wp-block-spacer\"><\/div>\n<\/div><\/div>\n\n<div style=\"height:100px\" aria-hidden=\"true\" class=\"wp-block-spacer\"><\/div>\n","protected":false},"excerpt":{"rendered":"<p>Production | Op\u00e9rations Nous disposons des machines, \u00e9quipements et outils n\u00e9cessaires \u00e0 vos projets\u00a0: machines pour le bobinage et le tr\u00e9filage, la d\u00e9coupe, le d\u00e9nudage et l\u2019impr\u00e9gnation. Et pour garantir la qualit\u00e9, nous poss\u00e9dons les \u00e9quipements de test appropri\u00e9s. Information | Service Vous pourrez nous retrouver en tant qu&rsquo;exposant au salon annuel Coiltech \u00e0 Augsbourg &#8230; <a title=\"Accueil\" class=\"read-more\" href=\"https:\/\/www.karl-wetzel.com\/fr\/\" aria-label=\"En savoir plus sur Accueil\">Lire la suite<\/a><\/p>\n","protected":false},"author":1,"featured_media":0,"parent":0,"menu_order":0,"comment_status":"closed","ping_status":"closed","template":"","meta":{"footnotes":""},"class_list":["post-3455","page","type-page","status-publish"],"_links":{"self":[{"href":"https:\/\/www.karl-wetzel.com\/fr\/wp-json\/wp\/v2\/pages\/3455","targetHints":{"allow":["GET"]}}],"collection":[{"href":"https:\/\/www.karl-wetzel.com\/fr\/wp-json\/wp\/v2\/pages"}],"about":[{"href":"https:\/\/www.karl-wetzel.com\/fr\/wp-json\/wp\/v2\/types\/page"}],"author":[{"embeddable":true,"href":"https:\/\/www.karl-wetzel.com\/fr\/wp-json\/wp\/v2\/users\/1"}],"replies":[{"embeddable":true,"href":"https:\/\/www.karl-wetzel.com\/fr\/wp-json\/wp\/v2\/comments?post=3455"}],"version-history":[{"count":5,"href":"https:\/\/www.karl-wetzel.com\/fr\/wp-json\/wp\/v2\/pages\/3455\/revisions"}],"predecessor-version":[{"id":14629,"href":"https:\/\/www.karl-wetzel.com\/fr\/wp-json\/wp\/v2\/pages\/3455\/revisions\/14629"}],"wp:attachment":[{"href":"https:\/\/www.karl-wetzel.com\/fr\/wp-json\/wp\/v2\/media?parent=3455"}],"curies":[{"name":"wp","href":"https:\/\/api.w.org\/{rel}","templated":true}]}}