{"id":6122,"date":"2021-12-26T10:49:15","date_gmt":"2022-01-16T14:46:54","guid":{"rendered":"https:\/\/www.karl-wetzel.com\/produkt\/maquina-de-cuerda-manual-rapid\/"},"modified":"2022-11-03T09:27:52","modified_gmt":"2022-11-03T08:27:52","slug":"maquina-de-cuerda-manual-rapida","status":"publish","type":"product","link":"https:\/\/www.karl-wetzel.com\/es\/producto\/maquina-de-cuerda-manual-rapida\/","title":{"rendered":"M\u00e1quina manual Rapid"},"content":{"rendered":"<p>La m\u00e1quina de cuerda manual Rapid es especialmente adecuada para centros de formaci\u00f3n y escuelas de formaci\u00f3n profesional. En el eje de transmisi\u00f3n se encuentra un portabrocas, con el que se pueden acomodar mandriles de bobinado y pernos de sujeci\u00f3n con un di\u00e1metro de hasta 13 mm.<\/p>\n<p>El contador de bobinado de 5 d\u00edgitos est\u00e1 dise\u00f1ado para girar en el sentido de las agujas del reloj, pero tambi\u00e9n cuenta hacia atr\u00e1s y tiene una palanca de puesta a cero.<\/p>\n<p>Al ajustar la posici\u00f3n de la manivela, se pueden lograr relaciones de bobinado de 1:2 y 1:3,7.<\/p>\n","protected":false},"excerpt":{"rendered":"<div id=\"Text50LYR\" class=\"TextObject\">\n<h2><a href=\"https:\/\/www.karl-wetzel.com\/wp-content\/uploads\/2020\/04\/Rapid-DE.pdf\" target=\"_blank\" rel=\"noopener\">Descripci\u00f3n del producto DE\/GB\/FR\/ES<\/a><\/h2>\n<p>R\u00e1pido sin tope 1.015.00<br \/>\nR\u00e1pido con tope 1.015.05<\/p>\n<h2>Equipo:<\/h2>\n<\/div>\n<div id=\"Tabelle5LYR\">\n<table id=\"Tabelle5\" border=\"1\">\n<tbody>\n<tr>\n<td id=\"Zelle76\">designacion<\/td>\n<td id=\"Zelle77\">Art\u00edculo No.<\/td>\n<\/tr>\n<tr>\n<td id=\"Zelle78\">Mandril de bobinado M6 x 150<\/td>\n<td id=\"Zelle79\">1.015.10<\/td>\n<\/tr>\n<tr>\n<td id=\"Zelle80\">Mandril de bobinado M8 x 150<\/td>\n<td id=\"Zelle81\">1.015.13<\/td>\n<\/tr>\n<tr>\n<td id=\"Zelle82\">Mandril de bobinado M10 x 150<\/td>\n<td id=\"Zelle83\">1.015.16<\/td>\n<\/tr>\n<tr>\n<td id=\"Zelle84\">Mandril de bobinado M12 x 150<\/td>\n<td id=\"Zelle85\">1.015.17<\/td>\n<\/tr>\n<tr>\n<td id=\"Zelle86\">Placa de sujeci\u00f3n 150 x 150<\/td>\n<td id=\"Zelle87\">1.015.50<\/td>\n<\/tr>\n<tr>\n<td id=\"Zelle88\">Placa de sujeci\u00f3n 300 x 300<\/td>\n<td id=\"Zelle89\">1.015.60<\/td>\n<\/tr>\n<tr>\n<td id=\"Zelle90\">Manguito intermedio para \u00abuniversal\u00bb<\/td>\n<td id=\"Zelle91\">1.015.30<\/td>\n<\/tr>\n<tr>\n<td id=\"Zelle92\">Enrollador \u00abUniversal\u00bb<\/td>\n<td id=\"Zelle93\">2.018.10<\/td>\n<\/tr>\n<tr>\n<td id=\"Zelle94\">Caja intermedia para \u00abprogreso peque\u00f1o\u00bb<\/td>\n<td id=\"Zelle95\">1.015.35<\/td>\n<\/tr>\n<tr>\n<td id=\"Zelle96\">Enrollador \u00abProgreso Peque\u00f1o\u00bb<\/td>\n<td id=\"Zelle97\">2.042.00<\/td>\n<\/tr>\n<\/tbody>\n<\/table>\n<\/div>\n","protected":false},"featured_media":2512,"comment_status":"open","ping_status":"closed","template":"","meta":[],"product_brand":[],"product_cat":[134],"product_tag":[],"class_list":{"0":"post-6122","1":"product","2":"type-product","3":"status-publish","4":"has-post-thumbnail","6":"product_cat-wrap-es","8":"first","9":"instock","10":"taxable","11":"shipping-taxable","12":"product-type-variable"},"_links":{"self":[{"href":"https:\/\/www.karl-wetzel.com\/es\/wp-json\/wp\/v2\/product\/6122","targetHints":{"allow":["GET"]}}],"collection":[{"href":"https:\/\/www.karl-wetzel.com\/es\/wp-json\/wp\/v2\/product"}],"about":[{"href":"https:\/\/www.karl-wetzel.com\/es\/wp-json\/wp\/v2\/types\/product"}],"replies":[{"embeddable":true,"href":"https:\/\/www.karl-wetzel.com\/es\/wp-json\/wp\/v2\/comments?post=6122"}],"wp:featuredmedia":[{"embeddable":true,"href":"https:\/\/www.karl-wetzel.com\/es\/wp-json\/wp\/v2\/media\/2512"}],"wp:attachment":[{"href":"https:\/\/www.karl-wetzel.com\/es\/wp-json\/wp\/v2\/media?parent=6122"}],"wp:term":[{"taxonomy":"product_brand","embeddable":true,"href":"https:\/\/www.karl-wetzel.com\/es\/wp-json\/wp\/v2\/product_brand?post=6122"},{"taxonomy":"product_cat","embeddable":true,"href":"https:\/\/www.karl-wetzel.com\/es\/wp-json\/wp\/v2\/product_cat?post=6122"},{"taxonomy":"product_tag","embeddable":true,"href":"https:\/\/www.karl-wetzel.com\/es\/wp-json\/wp\/v2\/product_tag?post=6122"}],"curies":[{"name":"wp","href":"https:\/\/api.w.org\/{rel}","templated":true}]}}