{"id":6097,"date":"2021-12-26T10:49:15","date_gmt":"2022-01-16T14:46:23","guid":{"rendered":"https:\/\/www.karl-wetzel.com\/produkt\/placa-de-sujecion\/"},"modified":"2022-01-16T15:46:23","modified_gmt":"2022-01-16T14:46:23","slug":"placa-de-sujecion","status":"publish","type":"product","link":"https:\/\/www.karl-wetzel.com\/es\/producto\/placa-de-sujecion\/","title":{"rendered":"placa de sujeci\u00f3n"},"content":{"rendered":"<p>Las placas de sujeci\u00f3n se utilizan para los dispositivos de cuerda manual Rapid. Est\u00e1n disponibles en 150 x 150 y 300 x 300<\/p>\n","protected":false},"excerpt":{"rendered":"<table>\n<tbody>\n<tr>\n<td width=\"80\">Art\u00edculo No.<\/td>\n<td width=\"274\">designacion<\/td>\n<\/tr>\n<tr>\n<td width=\"80\">1.015.50<\/td>\n<td width=\"274\">Placa de sujeci\u00f3n 150 x 150<\/td>\n<\/tr>\n<tr>\n<td width=\"80\">1.015.60<\/td>\n<td width=\"274\">Placa de sujeci\u00f3n 300 x 300<\/td>\n<\/tr>\n<\/tbody>\n<\/table>\n","protected":false},"featured_media":2515,"comment_status":"closed","ping_status":"closed","template":"","meta":[],"product_brand":[],"product_cat":[138],"product_tag":[],"class_list":{"0":"post-6097","1":"product","2":"type-product","3":"status-publish","4":"has-post-thumbnail","6":"product_cat-cabezas","8":"first","9":"instock","10":"taxable","11":"shipping-taxable","12":"product-type-variable"},"_links":{"self":[{"href":"https:\/\/www.karl-wetzel.com\/es\/wp-json\/wp\/v2\/product\/6097","targetHints":{"allow":["GET"]}}],"collection":[{"href":"https:\/\/www.karl-wetzel.com\/es\/wp-json\/wp\/v2\/product"}],"about":[{"href":"https:\/\/www.karl-wetzel.com\/es\/wp-json\/wp\/v2\/types\/product"}],"replies":[{"embeddable":true,"href":"https:\/\/www.karl-wetzel.com\/es\/wp-json\/wp\/v2\/comments?post=6097"}],"wp:featuredmedia":[{"embeddable":true,"href":"https:\/\/www.karl-wetzel.com\/es\/wp-json\/wp\/v2\/media\/2515"}],"wp:attachment":[{"href":"https:\/\/www.karl-wetzel.com\/es\/wp-json\/wp\/v2\/media?parent=6097"}],"wp:term":[{"taxonomy":"product_brand","embeddable":true,"href":"https:\/\/www.karl-wetzel.com\/es\/wp-json\/wp\/v2\/product_brand?post=6097"},{"taxonomy":"product_cat","embeddable":true,"href":"https:\/\/www.karl-wetzel.com\/es\/wp-json\/wp\/v2\/product_cat?post=6097"},{"taxonomy":"product_tag","embeddable":true,"href":"https:\/\/www.karl-wetzel.com\/es\/wp-json\/wp\/v2\/product_tag?post=6097"}],"curies":[{"name":"wp","href":"https:\/\/api.w.org\/{rel}","templated":true}]}}