{"id":6034,"date":"2021-12-26T10:49:16","date_gmt":"2022-01-16T14:45:08","guid":{"rendered":"https:\/\/www.karl-wetzel.com\/produkt\/bobinadora-universal\/"},"modified":"2025-05-05T12:37:35","modified_gmt":"2025-05-05T10:37:35","slug":"dispositivo-de-bobinado-universal","status":"publish","type":"product","link":"https:\/\/www.karl-wetzel.com\/es\/producto\/dispositivo-de-bobinado-universal\/","title":{"rendered":"Bobinadora universal"},"content":{"rendered":"<p>&nbsp;<\/p>\n<table id=\"Tabelle9\" border=\"1\">\n<tbody>\n<tr>\n<td id=\"Zelle286\" rowspan=\"2\"><strong>Tama\u00f1o<\/strong><\/td>\n<td id=\"Zelle287\" rowspan=\"2\"><strong>N\u00famero de niveles<\/strong><\/td>\n<td id=\"Zelle288\" rowspan=\"2\"><strong>Pasos<\/strong><\/td>\n<td id=\"Zelle289\" rowspan=\"2\"><strong>Pasos<\/strong><\/td>\n<td id=\"Zelle290\" colspan=\"2\"><strong>Circunferencia [mm]<\/strong><\/td>\n<\/tr>\n<tr>\n<td id=\"Zelle297\"><strong>Barra 330<\/strong><\/td>\n<td id=\"Zelle298\"><strong>Haz 530<\/strong><\/td>\n<\/tr>\n<tr>\n<td id=\"Zelle300\" style=\"text-align: center;\">0<\/td>\n<td id=\"Zelle301\">4 desiguales<\/td>\n<td id=\"Zelle302\">10<\/td>\n<td id=\"Zelle303\">21, 28, 35, 43<br \/>\n firmemente<\/td>\n<td id=\"Zelle304\">130 &#8211; 500<\/td>\n<td id=\"Zelle305\">130 &#8211; 900<\/td>\n<\/tr>\n<tr>\n<td id=\"Zelle307\" style=\"text-align: center;\">1<\/td>\n<td id=\"Zelle308\">4 igualmente<\/td>\n<td id=\"Zelle309\">10<\/td>\n<td id=\"Zelle310\">45<br \/>\n firmemente<\/td>\n<td id=\"Zelle311\">225 &#8211; 620<\/td>\n<td id=\"Zelle312\">225 &#8211; 1000<\/td>\n<\/tr>\n<tr>\n<td id=\"Zelle314\" style=\"text-align: center;\">2<\/td>\n<td id=\"Zelle315\">6 desiguales<\/td>\n<td id=\"Zelle316\">10<\/td>\n<td id=\"Zelle317\">35, 45, 55, 66, 78, 90<br \/>\n firmemente<\/td>\n<td id=\"Zelle318\">200 &#8211; 850<\/td>\n<td id=\"Zelle319\">200 &#8211; 1210<\/td>\n<\/tr>\n<tr>\n<td id=\"Zelle321\" style=\"text-align: center;\">A<\/td>\n<td id=\"Zelle322\">4 igualmente<\/td>\n<td id=\"Zelle323\">15<\/td>\n<td id=\"Zelle324\">55 &#8211; 225<br \/>\n ajustable<\/td>\n<td id=\"Zelle325\">250 &#8211; 950<\/td>\n<td id=\"Zelle326\">250 &#8211; 1320<\/td>\n<\/tr>\n<tr>\n<td id=\"Zelle328\" style=\"text-align: center;\">B<\/td>\n<td id=\"Zelle329\">4 igualmente<\/td>\n<td id=\"Zelle330\">25<\/td>\n<td id=\"Zelle331\">90 &#8211; 340<br \/>\n ajustable<\/td>\n<td id=\"Zelle332\">400 &#8211; 1000<\/td>\n<td id=\"Zelle333\">400 &#8211; 1400<\/td>\n<\/tr>\n<tr>\n<td id=\"Zelle335\" style=\"text-align: center;\">C<\/td>\n<td id=\"Zelle336\">4 desiguales<\/td>\n<td id=\"Zelle337\">15<\/td>\n<td id=\"Zelle338\">Nivel 1: 55 &#8211; 215<br \/>\n Nivel 2: 70 &#8211; 230<br \/>\n Nivel 3: 90 &#8211; 250<br \/>\n Nivel 4: 115 &#8211; 275<\/td>\n<td id=\"Zelle339\">300 &#8211; 1200<\/td>\n<td id=\"Zelle340\">300 &#8211; 1560<\/td>\n<\/tr>\n<tr>\n<td id=\"Zelle342\" style=\"text-align: center;\">D<\/td>\n<td id=\"Zelle343\">4 desiguales<\/td>\n<td id=\"Zelle344\">25<\/td>\n<td id=\"Zelle345\">Nivel 1: 70 &#8211; 230<br \/>\n Nivel 2: 90 &#8211; 240<br \/>\n Nivel 3: 120 &#8211; 270<br \/>\n Nivel 4: 150 &#8211; 300<\/td>\n<td id=\"Zelle346\">360 &#8211; 1260<\/td>\n<td id=\"Zelle347\">360 &#8211; 1650<\/td>\n<\/tr>\n<tr>\n<td id=\"Zelle349\" style=\"text-align: center;\">0<\/td>\n<td id=\"Zelle350\">6 desiguales<\/td>\n<td id=\"Zelle351\">10<\/td>\n<td id=\"Zelle352\">21, 28, 35, 43, 50, 58<br \/>\n firmemente<\/td>\n<td id=\"Zelle353\">130 &#8211; 600<\/td>\n<td id=\"Zelle354\">130 &#8211; 1000<\/td>\n<\/tr>\n<tr>\n<td id=\"Zelle356\" style=\"text-align: center;\">1<\/td>\n<td id=\"Zelle357\">6 igualmente<\/td>\n<td id=\"Zelle358\">10<\/td>\n<td id=\"Zelle359\">45<br \/>\n firmemente<\/td>\n<td id=\"Zelle360\">225 &#8211; 620<\/td>\n<td id=\"Zelle361\">225 &#8211; 1000<\/td>\n<\/tr>\n<tr>\n<td id=\"Zelle363\" style=\"text-align: center;\">A<\/td>\n<td id=\"Zelle364\">6 igualmente<\/td>\n<td id=\"Zelle365\">15<\/td>\n<td id=\"Zelle366\">55 &#8211; 225<br \/>\n ajustable<\/td>\n<td id=\"Zelle367\">250 &#8211; 950<\/td>\n<td id=\"Zelle368\">250 &#8211; 1320<\/td>\n<\/tr>\n<tr>\n<td id=\"Zelle370\" style=\"text-align: center;\">B<\/td>\n<td id=\"Zelle371\">6 igualmente<\/td>\n<td id=\"Zelle372\">25<\/td>\n<td id=\"Zelle373\">90 &#8211; 340<br \/>\n ajustable<\/td>\n<td id=\"Zelle374\">400 &#8211; 1000<\/td>\n<td id=\"Zelle375\">400 &#8211; 1400<\/td>\n<\/tr>\n<tr>\n<td id=\"Zelle377\" style=\"text-align: center;\">C<\/td>\n<td id=\"Zelle378\">6 desiguales<\/td>\n<td id=\"Zelle379\">15<\/td>\n<td id=\"Zelle380\">Nivel 1: 55 &#8211; 215<br \/>\n Nivel 2: 70 &#8211; 230<br \/>\n Nivel 3: 90 &#8211; 250<br \/>\n Nivel 4: 115 &#8211; 275<br \/>\n Nivel 5: 140 &#8211; 300<br \/>\n Nivel 6: 160 &#8211; 325<\/td>\n<td id=\"Zelle381\">300 &#8211; 1400<\/td>\n<td id=\"Zelle382\">300 &#8211; 1750<\/td>\n<\/tr>\n<tr>\n<td id=\"Zelle384\" style=\"text-align: center;\">D<\/td>\n<td id=\"Zelle385\">6 desiguales<\/td>\n<td id=\"Zelle386\">25<\/td>\n<td id=\"Zelle387\">Nivel 1: 70 &#8211; 230<br \/>\n Nivel 2: 90 &#8211; 240<br \/>\n Nivel 3: 120 &#8211; 270<br \/>\n Nivel 4: 150 &#8211; 300<br \/>\n Nivel 5: 180 &#8211; 330<br \/>\n Nivel 6: 210 &#8211; 360<\/td>\n<td id=\"Zelle388\">360 &#8211; 1500<\/td>\n<td id=\"Zelle389\">360 &#8211; 1900<\/td>\n<\/tr>\n<\/tbody>\n<\/table>\n<p>El dispositivo de bobinado \u00abUniversal\u00bb es adecuado para la producci\u00f3n de bobinas de goteo de anchos iguales y desiguales para motores trif\u00e1sicos y de CA, as\u00ed como bobinas de inducido de CC sin compensaci\u00f3n. El dise\u00f1o se basa en d\u00e9cadas de experiencia pr\u00e1ctica en talleres.<\/p>\n<p>\u00a1Los dise\u00f1os especiales son posibles!<\/p>\n","protected":false},"excerpt":{"rendered":"<p>El dispositivo de bobinado \u00abUniversal\u00bb es adecuado para la producci\u00f3n de bobinas de goteo de anchos iguales y desiguales para motores trif\u00e1sicos y de CA, as\u00ed como bobinas de inducido de CC sin compensaci\u00f3n. El dise\u00f1o se basa en d\u00e9cadas de experiencia pr\u00e1ctica en talleres.<\/p>\n<table width=\"351\">\n<tbody>\n<tr>\n<td width=\"191\">Dispositivo de bobinado universal<\/td>\n<td width=\"80\">4 etapas<\/td>\n<td width=\"80\">6 etapas<\/td>\n<\/tr>\n<tr>\n<td>Dispositivo de bobinado completo:<\/td>\n<td>2.018.10<\/td>\n<td>2.018.20<\/td>\n<\/tr>\n<tr>\n<td>1 viga de sujeci\u00f3n de 330 mm<\/td>\n<td>2.019.10<\/td>\n<td>2.019.10<\/td>\n<\/tr>\n<tr>\n<td>1 viga de sujeci\u00f3n de 530 mm<\/td>\n<td>2.019.20<\/td>\n<td>2.019.20<\/td>\n<\/tr>\n<tr>\n<td>1 viga de sujeci\u00f3n de 730 mm<\/td>\n<td>2.019.30<\/td>\n<td>2.019.30<\/td>\n<\/tr>\n<tr>\n<td>1 par de vigas transversales de 270 mm<\/td>\n<td>2.020.10<\/td>\n<td>2.020.10<\/td>\n<\/tr>\n<tr>\n<td>1 par de vigas transversales de 400 mm<\/td>\n<td>2.020.20<\/td>\n<td>2.020.20<\/td>\n<\/tr>\n<tr>\n<td>1 plantilla de envoltura n.\u00ba 0<\/td>\n<td>2.022.10<\/td>\n<td>2.022,40<\/td>\n<\/tr>\n<tr>\n<td>1 plantilla de envoltura n.\u00ba 1<\/td>\n<td>2.022.20<\/td>\n<td>2.022,50<\/td>\n<\/tr>\n<tr>\n<td>1 plantilla de envoltura n.\u00ba 2<\/td>\n<td>2.022,30<\/td>\n<td>2.022,60<\/td>\n<\/tr>\n<tr>\n<td>1 plantilla de envoltura n.\u00b0 A<\/td>\n<td>2.024.10<\/td>\n<td>2.024,50<\/td>\n<\/tr>\n<tr>\n<td>1 plantilla de envoltura n.\u00ba B<\/td>\n<td>2.024,20<\/td>\n<td>2.024,60<\/td>\n<\/tr>\n<tr>\n<td>1 plantilla de envoltura n.\u00ba do<\/td>\n<td>2.024,30<\/td>\n<td>2.024,70<\/td>\n<\/tr>\n<tr>\n<td>1 plantilla de envoltura n.\u00ba D<\/td>\n<td>2.024.40<\/td>\n<td>2.024,80<\/td>\n<\/tr>\n<\/tbody>\n<\/table>\n<p><strong>Otras plantillas adecuadas:<\/strong><\/p>\n<table id=\"Tabelle8\" border=\"1\">\n<tbody>\n<tr>\n<td id=\"Zelle282\">1 plantilla de bobinado UW 12\/10\/2<\/td>\n<td id=\"Zelle283\">2.030,00<\/td>\n<\/tr>\n<tr>\n<td id=\"Zelle282\">1 plantilla de bobinado UW 10\/12\/2<\/td>\n<td id=\"Zelle283\">2.030.10<\/td>\n<\/tr>\n<tr>\n<td id=\"Zelle282\">1 plantilla de bobinado UW 08\/15\/2<\/td>\n<td id=\"Zelle283\">2.030.20<\/td>\n<\/tr>\n<tr>\n<td id=\"Zelle282\">1 plantilla de bobinado UW 06\/10\/2<\/td>\n<td id=\"Zelle283\">2.030.30<\/td>\n<\/tr>\n<tr>\n<td id=\"Zelle282\">1 plantilla de bobinado UW 06\/15\/2<\/td>\n<td id=\"Zelle283\">2.030.40<\/td>\n<\/tr>\n<tr>\n<td id=\"Zelle282\">1 plantilla de bobinado UW 06\/15\/4<\/td>\n<td id=\"Zelle283\">2.030.500<\/td>\n<\/tr>\n<tr>\n<td id=\"Zelle282\">1 plantilla de bobinado UW 04\/20\/4<\/td>\n<td id=\"Zelle283\">2.030.60<\/td>\n<\/tr>\n<\/tbody>\n<\/table>\n<p>&nbsp;<\/p>\n<p>Son posibles versiones especiales<\/p>\n<p>&nbsp;<\/p>\n","protected":false},"featured_media":2521,"comment_status":"closed","ping_status":"closed","template":"","meta":[],"product_brand":[],"product_cat":[138],"product_tag":[],"class_list":{"0":"post-6034","1":"product","2":"type-product","3":"status-publish","4":"has-post-thumbnail","6":"product_cat-cabezas","8":"first","9":"instock","10":"taxable","11":"shipping-taxable","12":"product-type-variable"},"_links":{"self":[{"href":"https:\/\/www.karl-wetzel.com\/es\/wp-json\/wp\/v2\/product\/6034","targetHints":{"allow":["GET"]}}],"collection":[{"href":"https:\/\/www.karl-wetzel.com\/es\/wp-json\/wp\/v2\/product"}],"about":[{"href":"https:\/\/www.karl-wetzel.com\/es\/wp-json\/wp\/v2\/types\/product"}],"replies":[{"embeddable":true,"href":"https:\/\/www.karl-wetzel.com\/es\/wp-json\/wp\/v2\/comments?post=6034"}],"wp:featuredmedia":[{"embeddable":true,"href":"https:\/\/www.karl-wetzel.com\/es\/wp-json\/wp\/v2\/media\/2521"}],"wp:attachment":[{"href":"https:\/\/www.karl-wetzel.com\/es\/wp-json\/wp\/v2\/media?parent=6034"}],"wp:term":[{"taxonomy":"product_brand","embeddable":true,"href":"https:\/\/www.karl-wetzel.com\/es\/wp-json\/wp\/v2\/product_brand?post=6034"},{"taxonomy":"product_cat","embeddable":true,"href":"https:\/\/www.karl-wetzel.com\/es\/wp-json\/wp\/v2\/product_cat?post=6034"},{"taxonomy":"product_tag","embeddable":true,"href":"https:\/\/www.karl-wetzel.com\/es\/wp-json\/wp\/v2\/product_tag?post=6034"}],"curies":[{"name":"wp","href":"https:\/\/api.w.org\/{rel}","templated":true}]}}