{"id":5982,"date":"2021-12-26T10:49:16","date_gmt":"2022-01-16T14:43:49","guid":{"rendered":"https:\/\/www.karl-wetzel.com\/produkt\/maquina-de-bobinado-de-armadura-especial-re\/"},"modified":"2022-11-03T09:23:59","modified_gmt":"2022-11-03T08:23:59","slug":"maquina-de-bobinado-de-armaduras-especial-re","status":"publish","type":"product","link":"https:\/\/www.karl-wetzel.com\/es\/producto\/maquina-de-bobinado-de-armaduras-especial-re\/","title":{"rendered":"M\u00e1quina de anclaje especial RE"},"content":{"rendered":"<p>Hemos revisado y redise\u00f1ado completamente esta m\u00e1quina. Tecnolog\u00eda de \u00faltima generaci\u00f3n con control <strong>SIEMENS S7-1200<\/strong> , sensor <strong>de rotura de hilo<\/strong> y <strong>servomotores<\/strong> de \u00faltima generaci\u00f3n.<\/p>\n<p>La bobinadora de inducidos \u00abSpecial R\u00bb es una m\u00e1quina universal para el bobinado de inducidos y bobinas de todo tipo. Debido a su f\u00e1cil manejo y r\u00e1pida adaptabilidad a diferentes tama\u00f1os de inducidos, la m\u00e1quina es adecuada tanto para el bobinado individual como para el bobinado en serie de inducidos.<\/p>\n<p>La gu\u00eda del hilo se ajusta f\u00e1cil y r\u00e1pidamente al di\u00e1metro del inducido y a la longitud del paquete del inducido, incluso en el caso de inducidos con ranuras inclinadas. Las placas de gu\u00eda del cable se encuentran en los bordes de la ranura del inducido con presi\u00f3n de resorte y mantienen el aislamiento de la ranura en su lugar. Las placas de gu\u00eda del cable se abren con un movimiento r\u00e1pido de la mu\u00f1eca y la armadura se gira a\u00fan m\u00e1s de una ranura a otra.<\/p>\n<p>El soporte del inducido en el contrasoporte de la m\u00e1quina est\u00e1 dise\u00f1ado para ajuste axial y radial. La capacidad de ajuste axial se obtiene mediante un ajuste fino, de modo que las placas de gu\u00eda del cable se pueden colocar exactamente en los bordes de la ranura del inducido. Las diferentes longitudes de los ejes de anclaje se ajustan entre las puntas del soporte de anclaje. Los anclajes pueden tomarse con o sin centrado de ejes.<\/p>\n<p>Un soporte deslizante cubre el colector de la armadura para evitar da\u00f1os en el aislamiento del cable al enrollar la armadura.<br \/>\nEl dispositivo de bobinado del inducido es f\u00e1cilmente desmontable. Las bobinas de estator, forma, im\u00e1n y transformador, etc. se pueden enrollar colocando varios dispositivos de bobinado, placas frontales, mandriles de bobinado y mandriles.<\/p>\n<p>El controlador es informado de la velocidad, devanados y sentido de giro que se quiere producir. Una vez alcanzado el n\u00famero de vueltas establecido, se apaga autom\u00e1ticamente.<\/p>\n<p>El contador es adecuado para girar a la izquierda y a la derecha y, por lo tanto, tambi\u00e9n es adecuado para zurdos. El control consigue un arranque y parada lentos del eje de bobinado y un n\u00famero exacto de vueltas. Una interrupci\u00f3n en el proceso de bobinado se puede reanudar en cualquier momento. El accionamiento lo proporciona la \u00faltima tecnolog\u00eda servo.<\/p>\n","protected":false},"excerpt":{"rendered":"<p>Hemos revisado y redise\u00f1ado completamente esta m\u00e1quina. Tecnolog\u00eda de \u00faltima generaci\u00f3n con control SIEMENS S7-1200 , sensor de rotura de hilo y servomotores de \u00faltima generaci\u00f3n. La bobinadora de inducidos \u00abSpecial R\u00bb es una m\u00e1quina universal para el bobinado de inducidos y bobinas de todo tipo. Debido a su f\u00e1cil manejo y r\u00e1pida adaptabilidad a &#8230; <a title=\"M\u00e1quina de anclaje especial RE\" class=\"read-more\" href=\"https:\/\/www.karl-wetzel.com\/es\/producto\/maquina-de-bobinado-de-armaduras-especial-re\/\" aria-label=\"Leer m\u00e1s sobre M\u00e1quina de anclaje especial RE\">Leer m\u00e1s<\/a><\/p>\n","protected":false},"featured_media":10383,"comment_status":"closed","ping_status":"closed","template":"","meta":[],"product_brand":[],"product_cat":[134],"product_tag":[],"class_list":{"0":"post-5982","1":"product","2":"type-product","3":"status-publish","4":"has-post-thumbnail","6":"product_cat-wrap-es","8":"first","9":"instock","10":"taxable","11":"shipping-taxable","12":"product-type-simple"},"_links":{"self":[{"href":"https:\/\/www.karl-wetzel.com\/es\/wp-json\/wp\/v2\/product\/5982","targetHints":{"allow":["GET"]}}],"collection":[{"href":"https:\/\/www.karl-wetzel.com\/es\/wp-json\/wp\/v2\/product"}],"about":[{"href":"https:\/\/www.karl-wetzel.com\/es\/wp-json\/wp\/v2\/types\/product"}],"replies":[{"embeddable":true,"href":"https:\/\/www.karl-wetzel.com\/es\/wp-json\/wp\/v2\/comments?post=5982"}],"wp:featuredmedia":[{"embeddable":true,"href":"https:\/\/www.karl-wetzel.com\/es\/wp-json\/wp\/v2\/media\/10383"}],"wp:attachment":[{"href":"https:\/\/www.karl-wetzel.com\/es\/wp-json\/wp\/v2\/media?parent=5982"}],"wp:term":[{"taxonomy":"product_brand","embeddable":true,"href":"https:\/\/www.karl-wetzel.com\/es\/wp-json\/wp\/v2\/product_brand?post=5982"},{"taxonomy":"product_cat","embeddable":true,"href":"https:\/\/www.karl-wetzel.com\/es\/wp-json\/wp\/v2\/product_cat?post=5982"},{"taxonomy":"product_tag","embeddable":true,"href":"https:\/\/www.karl-wetzel.com\/es\/wp-json\/wp\/v2\/product_tag?post=5982"}],"curies":[{"name":"wp","href":"https:\/\/api.w.org\/{rel}","templated":true}]}}