{"id":5945,"date":"2021-12-26T10:49:17","date_gmt":"2021-12-26T09:49:17","guid":{"rendered":"https:\/\/www.karl-wetzel.com\/produkt\/sistemas-de-riego\/"},"modified":"2026-01-09T15:48:56","modified_gmt":"2026-01-09T14:48:56","slug":"sistemas-de-riego","status":"publish","type":"product","link":"https:\/\/www.karl-wetzel.com\/es\/producto\/sistemas-de-riego\/","title":{"rendered":"Soluci\u00f3n de impregnaci\u00f3n"},"content":{"rendered":"<p>Revisamos nuestro sistema de remojo e impregnaci\u00f3n en 2021 y lo coordinamos en CAD 3D. Fue especialmente dise\u00f1ado para <strong>talleres de reparaci\u00f3n de m\u00e1quinas el\u00e9ctricas<\/strong> , talleres de <strong>capacitaci\u00f3n<\/strong> , <strong>escuelas vocacionales<\/strong> y para <strong>investigaci\u00f3n y desarrollo<\/strong> .<\/p>\n<p>Estos sistemas simples y robustos no requieren ning\u00fan mantenimiento. El espesamiento del agente de impregnaci\u00f3n se evita mediante una tapa de cierre herm\u00e9tico o una v\u00e1lvula de drenaje.<\/p>\n<p><strong>Beneficios:<\/strong><\/p>\n<ul>\n<li>Una placa perforada extra\u00edble evita que caigan piezas peque\u00f1as en el tanque de almacenamiento de pintura.<\/li>\n<li>Rejilla desmontable con puntales m\u00f3viles para la colocaci\u00f3n de las piezas a impregnar.<\/li>\n<li>V\u00e1lvula de cierre con \u00e1rea de almacenamiento y bebida separada herm\u00e9ticamente.<\/li>\n<li>Un rebosadero integrado evita que se agote el barniz de impregnaci\u00f3n<\/li>\n<li>La bomba se apaga autom\u00e1ticamente cuando se alcanza el nivel en el \u00e1rea de bebida.<\/li>\n<li>Indicador de nivel y acceso de mantenimiento.<\/li>\n<li>El espesamiento del agente de impregnaci\u00f3n se evita mediante una tapa herm\u00e9tica.<\/li>\n<li>Los sistemas son aptos para buceo, remojo y enjuague.<\/li>\n<\/ul>\n<p><strong>variantes:<\/strong><\/p>\n<ul>\n<li>Manual: Estos sistemas se accionan manualmente desde el nivel de llenado, son especialmente robustos y solo requieren la conexi\u00f3n el\u00e9ctrica de la bomba.<\/li>\n<li>Auto: Estos sistemas est\u00e1n equipados con una bomba el\u00e9ctrica con llenado autom\u00e1tico<\/li>\n<li>Nuestros sistemas est\u00e1n disponibles en forma cuadrada, rectangular, octogonal y redonda.<\/li>\n<li>Norma est\u00e1ndar altura 780 mm<\/li>\n<\/ul>\n<p><strong>Tama\u00f1os est\u00e1ndar:<\/strong><\/p>\n<p>350 litros \/ 600 x 800 mm \/ 780 mm de altura \/ manual \/ (altura de llenado est\u00e1ndar 200 mm)<\/p>\n<p>600 litros \/ 900 x 900 mm \/ 1170 mm de altura \/ autom\u00e1tico \/ (altura de llenado est\u00e1ndar 300 mm)<\/p>\n<p>1100 litros \/ 1200 x 1200 mm \/ 1170 mm de altura \/ autom\u00e1tico \/ (altura de llenado est\u00e1ndar 300 mm)<\/p>\n<p>1700 litros \/ 1500 x 1500 \/ 1170 mm de altura \/ autom\u00e1tico \/ (altura de llenado est\u00e1ndar 300 mm)<\/p>\n<p>\u00a1Diferentes tama\u00f1os en cualquier momento bajo pedido!<\/p>\n<p><strong>Gu\u00eda de inicio r\u00e1pido:<\/strong><\/p>\n<p>El espacio de trabajo se llena de forma manual o autom\u00e1tica con el agente impregnante. Ahora el barniz aislante se puede insertar, rociar o aplicar de otra manera. Para mayor seguridad se ha integrado un sistema de protecci\u00f3n antidesbordamiento para evitar que se escape el barniz impregnante. Despu\u00e9s del final del trabajo, la pintura se drena en la sala de almacenamiento cerrada o la tapa se cierra herm\u00e9ticamente.<\/p>\n<p><strong>Dise\u00f1o electrico:<\/strong><\/p>\n<p>Equipamiento est\u00e1ndar:<br \/>\n 3 x 400 V, 50 Hz<br \/>\n Rejilla galvanizada con arriostramiento<br \/>\n Esquema de pintura est\u00e1ndar: azul\/amarillo<\/p>\n","protected":false},"excerpt":{"rendered":"<p><strong>Sistemas de remojo &#8211; sistema de impregnaci\u00f3n:<\/strong><\/p>\n<table>\n<tbody>\n<tr>\n<td><\/td>\n<td><strong>6080M<\/strong><\/td>\n<td><strong>9090A<\/strong><\/td>\n<td><strong>1212A<\/strong><\/td>\n<td><strong>1515A<\/strong><\/td>\n<\/tr>\n<tr>\n<td>Dimensi\u00f3n:<\/td>\n<td>60 x 80 cent\u00edmetros<\/td>\n<td>90 x 90 cent\u00edmetros<\/td>\n<td>120 x 120 cm<\/td>\n<td>150 x 150 cm<\/td>\n<\/tr>\n<tr>\n<td>Cantidad de llenado:<\/td>\n<td>350 litros<\/td>\n<td>600 litros<\/td>\n<td>1100 litros<\/td>\n<td>1700 litros<\/td>\n<\/tr>\n<tr>\n<td>Capacidad de carga:<\/td>\n<td>1000 kilos<\/td>\n<td>1500 kilos<\/td>\n<td>2000 kilos<\/td>\n<td>2000 kilos<\/td>\n<\/tr>\n<tr>\n<td>Rendimiento:<\/td>\n<td>0,37 kW<\/td>\n<td>0,37 kW<\/td>\n<td>0,37 kW<\/td>\n<td>0,37 kW<\/td>\n<\/tr>\n<tr>\n<td>Art\u00edculo N\u00b0:<\/td>\n<td>6.094,10<\/td>\n<td>6.094,30<\/td>\n<td>6.094,40<\/td>\n<td>6.094,50<\/td>\n<\/tr>\n<\/tbody>\n<\/table>\n<p><span style=\"color: #ff0000;\"><a style=\"color: #ff0000;\" href=\"https:\/\/www.karl-wetzel.com\/wp-content\/uploads\/2023\/05\/impraegnieren-1-scaled.jpg\" target=\"_blank\" rel=\"noopener\">Folleto PDF Impregnaci\u00f3n P\u00e1gina 1<\/a><\/span> | <span style=\"color: #ff0000;\"><a style=\"color: #ff0000;\" href=\"https:\/\/www.karl-wetzel.com\/wp-content\/uploads\/2023\/05\/impraegnieren-2-scaled.jpg\" target=\"_blank\" rel=\"noopener\">Folleto PDF impregnaci\u00f3n p\u00e1gina 2<\/a><\/span><\/p>\n","protected":false},"featured_media":10328,"comment_status":"closed","ping_status":"closed","template":"","meta":[],"product_brand":[],"product_cat":[307],"product_tag":[],"class_list":{"0":"post-5945","1":"product","2":"type-product","3":"status-publish","4":"has-post-thumbnail","6":"product_cat-regar","8":"first","9":"instock","10":"taxable","11":"shipping-taxable","12":"product-type-variable"},"_links":{"self":[{"href":"https:\/\/www.karl-wetzel.com\/es\/wp-json\/wp\/v2\/product\/5945","targetHints":{"allow":["GET"]}}],"collection":[{"href":"https:\/\/www.karl-wetzel.com\/es\/wp-json\/wp\/v2\/product"}],"about":[{"href":"https:\/\/www.karl-wetzel.com\/es\/wp-json\/wp\/v2\/types\/product"}],"replies":[{"embeddable":true,"href":"https:\/\/www.karl-wetzel.com\/es\/wp-json\/wp\/v2\/comments?post=5945"}],"wp:featuredmedia":[{"embeddable":true,"href":"https:\/\/www.karl-wetzel.com\/es\/wp-json\/wp\/v2\/media\/10328"}],"wp:attachment":[{"href":"https:\/\/www.karl-wetzel.com\/es\/wp-json\/wp\/v2\/media?parent=5945"}],"wp:term":[{"taxonomy":"product_brand","embeddable":true,"href":"https:\/\/www.karl-wetzel.com\/es\/wp-json\/wp\/v2\/product_brand?post=5945"},{"taxonomy":"product_cat","embeddable":true,"href":"https:\/\/www.karl-wetzel.com\/es\/wp-json\/wp\/v2\/product_cat?post=5945"},{"taxonomy":"product_tag","embeddable":true,"href":"https:\/\/www.karl-wetzel.com\/es\/wp-json\/wp\/v2\/product_tag?post=5945"}],"curies":[{"name":"wp","href":"https:\/\/api.w.org\/{rel}","templated":true}]}}