{"id":5922,"date":"2021-12-26T10:49:18","date_gmt":"2022-01-16T14:41:15","guid":{"rendered":"https:\/\/www.karl-wetzel.com\/produkt\/maquina-de-cuello-tipo-h\/"},"modified":"2022-02-20T14:10:56","modified_gmt":"2022-02-20T13:10:56","slug":"rebordeadora-tipo-h","status":"publish","type":"product","link":"https:\/\/www.karl-wetzel.com\/es\/producto\/rebordeadora-tipo-h\/","title":{"rendered":"M\u00e1quina de cuello tipo H"},"content":{"rendered":"<p>Embutidora H-1000 para motores IEC 180-315 (con carcasa) y motores IEC 200-355 (sin carcasa). Los tama\u00f1os de m\u00e1quina H-1200\/ H-1400 \/ H-1800 se pueden personalizar bajo pedido.<\/p>\n<h2>Especificaciones t\u00e9cnicas:<\/h2>\n<table id=\"Tabelle9\" border=\"1\">\n<tbody>\n<tr>\n<td id=\"Zelle189\">Opciones de sujeci\u00f3n:<\/td>\n<td id=\"Zelle190\">Anillo de sujeci\u00f3n con 3 tijeras de sujeci\u00f3n<\/td>\n<td id=\"Zelle191\">X<\/td>\n<\/tr>\n<tr>\n<td id=\"Zelle192\"><\/td>\n<td id=\"Zelle193\">Anillo de sujeci\u00f3n con 4 tijeras de sujeci\u00f3n<\/td>\n<td id=\"Zelle194\">opci\u00f3n<\/td>\n<\/tr>\n<tr>\n<td id=\"Zelle195\"><\/td>\n<td id=\"Zelle196\">Anillo de sujeci\u00f3n con 1 tijera de sujeci\u00f3n y soportes de estator intercambiables<\/td>\n<td id=\"Zelle197\">opci\u00f3n<\/td>\n<\/tr>\n<tr>\n<td id=\"Zelle198\">para tama\u00f1os de motor:<\/td>\n<td id=\"Zelle199\">con carcasa (est\u00e1ndar IEC)<\/td>\n<td id=\"Zelle200\">180 &#8211; 315<\/td>\n<\/tr>\n<tr>\n<td id=\"Zelle201\"><\/td>\n<td id=\"Zelle202\">sin carcasa (est\u00e1ndar IEC)<\/td>\n<td id=\"Zelle203\">200 &#8211; 355<\/td>\n<\/tr>\n<tr>\n<td id=\"Zelle204\"><\/td>\n<td id=\"Zelle205\">Capacidad de sujeci\u00f3n con tijeras de sujeci\u00f3n de una etapa (est\u00e1ndar)<br \/>\npor lo menos di\u00e1metro<br \/>\nMax. di\u00e1metro<\/td>\n<td id=\"Zelle206\">300 mm<br \/>\n680 mm<\/td>\n<\/tr>\n<tr>\n<td id=\"Zelle207\"><\/td>\n<td id=\"Zelle208\">Capacidad de sujeci\u00f3n con tijeras de sujeci\u00f3n de 2 etapas (opci\u00f3n)<br \/>\npor lo menos di\u00e1metro<br \/>\nMax. di\u00e1metro<\/td>\n<td id=\"Zelle209\">250 mm<br \/>\n520 mm<\/td>\n<\/tr>\n<tr>\n<td id=\"Zelle210\"><\/td>\n<td id=\"Zelle211\">longitud del paquete m\u00e1x.<\/td>\n<td id=\"Zelle212\">800 mm<\/td>\n<\/tr>\n<tr>\n<td id=\"Zelle213\"><\/td>\n<td id=\"Zelle214\">carrera de tracci\u00f3n m\u00e1x.<\/td>\n<td id=\"Zelle215\">1150 mm<\/td>\n<\/tr>\n<tr>\n<td id=\"Zelle216\"><\/td>\n<td id=\"Zelle217\">fuerza de retracci\u00f3n<\/td>\n<td id=\"Zelle218\">5000N<\/td>\n<\/tr>\n<tr>\n<td id=\"Zelle219\">Posicionamiento:<\/td>\n<td id=\"Zelle220\">Anillo de sujeci\u00f3n giratorio el\u00e9ctricamente<\/td>\n<td id=\"Zelle221\">360\u00b0<\/td>\n<\/tr>\n<tr>\n<td id=\"Zelle222\"><\/td>\n<td id=\"Zelle223\">Anillo de sujeci\u00f3n giratorio el\u00e9ctricamente<\/td>\n<td id=\"Zelle224\">180\u00b0<\/td>\n<\/tr>\n<tr>\n<td id=\"Zelle225\">mecanismo de retracci\u00f3n:<\/td>\n<td id=\"Zelle226\">m\u00e9todo de trabajo<\/td>\n<td id=\"Zelle227\">tracci\u00f3n<\/td>\n<\/tr>\n<tr>\n<td id=\"Zelle228\"><\/td>\n<td id=\"Zelle229\">portaherramientas<\/td>\n<td id=\"Zelle230\">magn\u00e9tico<\/td>\n<\/tr>\n<tr>\n<td id=\"Zelle231\"><\/td>\n<td id=\"Zelle232\">valores de conexi\u00f3n<\/td>\n<td id=\"Zelle233\">3x400V 50Hz<\/td>\n<\/tr>\n<tr>\n<td id=\"Zelle234\">Dimensiones:<\/td>\n<td id=\"Zelle235\">longitud aprox.<\/td>\n<td id=\"Zelle236\">3900 mm<\/td>\n<\/tr>\n<tr>\n<td id=\"Zelle237\"><\/td>\n<td id=\"Zelle238\">ancho aprox.<\/td>\n<td id=\"Zelle239\">1500 mm<\/td>\n<\/tr>\n<tr>\n<td id=\"Zelle240\"><\/td>\n<td id=\"Zelle241\">altura aprox.<\/td>\n<td id=\"Zelle242\">2200 mm<\/td>\n<\/tr>\n<tr>\n<td id=\"Zelle243\"><\/td>\n<td id=\"Zelle244\">Peso aproximado.<\/td>\n<td id=\"Zelle245\">1300kg<\/td>\n<\/tr>\n<tr>\n<td id=\"Zelle246\"><\/td>\n<td id=\"Zelle247\">Art\u00edculo No.<\/td>\n<td id=\"Zelle248\">7.102.100<\/td>\n<\/tr>\n<\/tbody>\n<\/table>\n","protected":false},"excerpt":{"rendered":"<h2>Especificaciones t\u00e9cnicas:<\/h2>\n<table style=\"border-collapse: collapse; width: 240pt;\" border=\"0\" width=\"320\" cellspacing=\"0\" cellpadding=\"0\">\n<tbody>\n<tr style=\"height: 12.75pt;\">\n<td class=\"xl22\" style=\"height: 12.75pt; width: 60pt;\" width=\"80\" height=\"17\"><\/td>\n<td class=\"xl22\" style=\"border-left: none; width: 60pt;\" width=\"80\">H-1000<\/td>\n<td class=\"xl22\" style=\"border-left: none; width: 60pt;\" width=\"80\">H-1400<\/td>\n<td class=\"xl22\" style=\"border-left: none; width: 60pt;\" width=\"80\">H-1800<\/td>\n<\/tr>\n<tr style=\"height: 12.75pt;\">\n<td id=\"Zelle235\" class=\"xl23\" style=\"height: 12.75pt; border-top: none; width: 60pt;\" width=\"80\" height=\"17\">longitud aprox.<\/td>\n<td id=\"Zelle236\" class=\"xl23\" style=\"border-top: none; border-left: none; width: 60pt;\" width=\"80\">3900 mm<\/td>\n<td class=\"xl22\" style=\"border-top: none; border-left: none;\">3900 mm<\/td>\n<td class=\"xl22\" style=\"border-top: none; border-left: none;\">3900 mm<\/td>\n<\/tr>\n<tr style=\"height: 12.75pt;\">\n<td id=\"Zelle238\" class=\"xl23\" style=\"height: 12.75pt; border-top: none; width: 60pt;\" width=\"80\" height=\"17\">ancho aprox.<\/td>\n<td id=\"Zelle239\" class=\"xl23\" style=\"border-top: none; border-left: none; width: 60pt;\" width=\"80\">1500 mm<\/td>\n<td class=\"xl22\" style=\"border-top: none; border-left: none;\">1900 mm<\/td>\n<td class=\"xl22\" style=\"border-top: none; border-left: none;\">2300 mm<\/td>\n<\/tr>\n<tr style=\"height: 12.75pt;\">\n<td id=\"Zelle241\" class=\"xl23\" style=\"height: 12.75pt; border-top: none; width: 60pt;\" width=\"80\" height=\"17\">altura aprox.<\/td>\n<td id=\"Zelle242\" class=\"xl23\" style=\"border-top: none; border-left: none; width: 60pt;\" width=\"80\">2200 mm<\/td>\n<td class=\"xl22\" style=\"border-top: none; border-left: none;\">2400 mm<\/td>\n<td class=\"xl22\" style=\"border-top: none; border-left: none;\">2600 mm<\/td>\n<\/tr>\n<tr style=\"height: 12.75pt;\">\n<td id=\"Zelle244\" class=\"xl23\" style=\"height: 12.75pt; border-top: none; width: 60pt;\" width=\"80\" height=\"17\">Peso aproximado.<\/td>\n<td id=\"Zelle245\" class=\"xl23\" style=\"border-top: none; border-left: none; width: 60pt;\" width=\"80\">1300kg<\/td>\n<td class=\"xl22\" style=\"border-top: none; border-left: none;\">1500kg<\/td>\n<td class=\"xl22\" style=\"border-top: none; border-left: none;\">1700kg<\/td>\n<\/tr>\n<tr style=\"height: 12.75pt;\">\n<td id=\"Zelle247\" class=\"xl23\" style=\"height: 12.75pt; border-top: none; width: 60pt;\" width=\"80\" height=\"17\">Art\u00edculo No.<\/td>\n<td id=\"Zelle248\" class=\"xl24\" style=\"border-top: none; border-left: none; width: 60pt;\" width=\"80\">7.102.100<\/td>\n<td class=\"xl25\" style=\"border-top: none; border-left: none;\">7.102.140<\/td>\n<td class=\"xl25\" style=\"border-top: none; border-left: none;\">7.102.180<\/td>\n<\/tr>\n<\/tbody>\n<\/table>\n","protected":false},"featured_media":2575,"comment_status":"closed","ping_status":"closed","template":"","meta":[],"product_brand":[],"product_cat":[146],"product_tag":[],"class_list":{"0":"post-5922","1":"product","2":"type-product","3":"status-publish","4":"has-post-thumbnail","6":"product_cat-montaje","8":"first","9":"instock","10":"taxable","11":"shipping-taxable","12":"product-type-variable"},"_links":{"self":[{"href":"https:\/\/www.karl-wetzel.com\/es\/wp-json\/wp\/v2\/product\/5922","targetHints":{"allow":["GET"]}}],"collection":[{"href":"https:\/\/www.karl-wetzel.com\/es\/wp-json\/wp\/v2\/product"}],"about":[{"href":"https:\/\/www.karl-wetzel.com\/es\/wp-json\/wp\/v2\/types\/product"}],"replies":[{"embeddable":true,"href":"https:\/\/www.karl-wetzel.com\/es\/wp-json\/wp\/v2\/comments?post=5922"}],"wp:featuredmedia":[{"embeddable":true,"href":"https:\/\/www.karl-wetzel.com\/es\/wp-json\/wp\/v2\/media\/2575"}],"wp:attachment":[{"href":"https:\/\/www.karl-wetzel.com\/es\/wp-json\/wp\/v2\/media?parent=5922"}],"wp:term":[{"taxonomy":"product_brand","embeddable":true,"href":"https:\/\/www.karl-wetzel.com\/es\/wp-json\/wp\/v2\/product_brand?post=5922"},{"taxonomy":"product_cat","embeddable":true,"href":"https:\/\/www.karl-wetzel.com\/es\/wp-json\/wp\/v2\/product_cat?post=5922"},{"taxonomy":"product_tag","embeddable":true,"href":"https:\/\/www.karl-wetzel.com\/es\/wp-json\/wp\/v2\/product_tag?post=5922"}],"curies":[{"name":"wp","href":"https:\/\/api.w.org\/{rel}","templated":true}]}}