{"id":5913,"date":"2021-12-26T10:49:18","date_gmt":"2022-01-16T14:40:11","guid":{"rendered":"https:\/\/www.karl-wetzel.com\/produkt\/separador-seca-1100-ex\/"},"modified":"2024-06-05T10:16:25","modified_gmt":"2024-06-05T08:16:25","slug":"dispositivo-de-corte-seca-1100","status":"publish","type":"product","link":"https:\/\/www.karl-wetzel.com\/es\/producto\/dispositivo-de-corte-seca-1100\/","title":{"rendered":"Extractor de corte SECA 1100"},"content":{"rendered":"<p><a href=\"https:\/\/www.youtube.com\/playlist?list=PLga7aj3HB7vuEB6mL0YcBFQP3Rh1a8kaA\" target=\"_blank\" rel=\"noopener\"><span style=\"color: #ff0000;\"><strong>Aqu\u00ed est\u00e1n nuestros videos sobre el SECA 1100<\/strong><\/span><\/a><\/p>\n<div id=\"Text55LYR\" class=\"TextObject\">\n<p>&nbsp;<\/p>\n<div id=\"Text56LYR\" class=\"TextObject\">\n<h2>Accesorios especiales:<\/h2>\n<ul>\n<li>Dispositivo de sujeci\u00f3n de anclaje art. no. 9.201.24<\/li>\n<\/ul>\n<\/div>\n<div id=\"Tabelle3LYR\">\n<h2>Opci\u00f3n de equipamiento:<\/h2>\n<ul>\n<li>Pinzas de agarre 50 x 290 x 380 mm<br \/>\nArt\u00edculo n.\u00ba 6.091.50 <a href=\"https:\/\/www.karl-wetzel.com\/produkt\/hebegreifzange\/\">Pinzas de agarre | Sistemas de fabricaci\u00f3n EL\u00c9CTRICOS (karl-wetzel.com)<\/a><\/li>\n<li>Pinzas de agarre 75 x 340 x 460 mm<br \/>\nArt\u00edculo n.\u00ba 6.091.52 <a href=\"https:\/\/www.karl-wetzel.com\/produkt\/hebegreifzange\/\">Pinzas de agarre | Sistemas de fabricaci\u00f3n EL\u00c9CTRICOS (karl-wetzel.com)<\/a><\/li>\n<li>Pinzas de elevaci\u00f3n 40 x 140 x 390 mm<br \/>\nArt\u00edculo n.\u00ba 6.091.54 <a href=\"https:\/\/www.karl-wetzel.com\/produkt\/ausziehzange-spezial-t\/\">Pinzas elevadoras | Sistemas de fabricaci\u00f3n EL\u00c9CTRICOS (karl-wetzel.com)<\/a><\/li>\n<li>Pinzas de elevaci\u00f3n 60 x 180 x 460 mm<br \/>\nArt\u00edculo n.\u00ba 6.091.56 <a href=\"https:\/\/www.karl-wetzel.com\/produkt\/ausziehzange-spezial-t\/\">Pinzas elevadoras | Sistemas de fabricaci\u00f3n EL\u00c9CTRICOS (karl-wetzel.com)<\/a><\/li>\n<li>Pinza elevadora especial T 500 mm para bobinado bajo<br \/>\nArt\u00edculo n.\u00ba 6.091.58 <a href=\"https:\/\/www.karl-wetzel.com\/produkt\/ausziehzange-spezial-t\/\">Pinzas elevadoras | Sistemas de fabricaci\u00f3n EL\u00c9CTRICOS (karl-wetzel.com)<\/a><\/li>\n<li>Pinza elevadora especial T 800 mm para bobinado bajo<br \/>\nArt\u00edculo n.\u00ba 6.091.60 <a href=\"https:\/\/www.karl-wetzel.com\/produkt\/ausziehzange-spezial-t\/\">Pinzas elevadoras | Sistemas de fabricaci\u00f3n EL\u00c9CTRICOS (karl-wetzel.com)<\/a><\/li>\n<li>Hojas de sierra para devanados fijos<br \/>\n<a href=\"https:\/\/www.karl-wetzel.com\/produkt\/saegeblaetter-fuer-abtrenngeraete\/\">hojas de sierra para cortadoras | Sistemas de fabricaci\u00f3n EL\u00c9CTRICOS (karl-wetzel.com)<\/a><\/li>\n<li>Hojas de sierra para bobinados sueltos<br \/>\n<a href=\"https:\/\/www.karl-wetzel.com\/produkt\/saegeblaetter-fuer-abtrenngeraete\/\">hojas de sierra para cortadoras | Sistemas de fabricaci\u00f3n EL\u00c9CTRICOS (karl-wetzel.com)<\/a><\/li>\n<\/ul>\n<\/div>\n<\/div>\n","protected":false},"excerpt":{"rendered":"<p><a href=\"https:\/\/www.youtube.com\/playlist?list=PLga7aj3HB7vuEB6mL0YcBFQP3Rh1a8kaA\" target=\"_blank\" rel=\"noopener\"><span style=\"color: #ff0000;\"><strong>Aqu\u00ed est\u00e1n nuestros videos sobre el SECA 1100<\/strong><\/span><\/a><\/p>\n<h2>Especificaciones t\u00e9cnicas:<\/h2>\n<table id=\"Tabelle2\" border=\"1\">\n<tbody>\n<tr>\n<td id=\"Zelle4\">Altura de la hoja de sierra a la superficie de sujeci\u00f3n:<\/td>\n<td id=\"Zelle5\">790 mm \/ 1000 mm<\/td>\n<\/tr>\n<tr>\n<td id=\"Zelle6\">\u00f8 exterior m\u00e1s grande:<\/td>\n<td id=\"Zelle7\">1100 mm<\/td>\n<\/tr>\n<tr>\n<td id=\"Zelle8\">\u00f8 de sujeci\u00f3n en el orificio m\u00edn.:<\/td>\n<td id=\"Zelle9\">45 mm a 820 mm<\/td>\n<\/tr>\n<tr>\n<td id=\"Zelle10\">Empeine \u00f8 \u00abexterior\u00bb:<\/td>\n<td id=\"Zelle11\">35 mm a 790 mm<\/td>\n<\/tr>\n<tr>\n<td id=\"Zelle12\">Potencia del motor:<\/td>\n<td id=\"Zelle13\">1,1\/ 1,4 kilovatios<\/td>\n<\/tr>\n<tr>\n<td id=\"Zelle14\">Valor de conexi\u00f3n:<\/td>\n<td id=\"Zelle15\">400 voltios; 3 fases; 50Hz<\/td>\n<\/tr>\n<tr>\n<td id=\"Zelle16\">Dimensi\u00f3n de la m\u00e1quina:<\/td>\n<td id=\"Zelle17\">100cm x 110cm x 285cm<\/td>\n<\/tr>\n<tr>\n<td id=\"Zelle18\">Peso:<\/td>\n<td id=\"Zelle19\">alrededor de 300 kg<\/td>\n<\/tr>\n<tr>\n<td id=\"Zelle20\">Pedido. No.:<\/td>\n<td id=\"Zelle21\">9.201.22<\/td>\n<\/tr>\n<\/tbody>\n<\/table>\n","protected":false},"featured_media":2578,"comment_status":"closed","ping_status":"closed","template":"","meta":[],"product_brand":[],"product_cat":[150],"product_tag":[],"class_list":{"0":"post-5913","1":"product","2":"type-product","3":"status-publish","4":"has-post-thumbnail","6":"product_cat-desmontar","8":"first","9":"instock","10":"taxable","11":"shipping-taxable","12":"product-type-simple"},"_links":{"self":[{"href":"https:\/\/www.karl-wetzel.com\/es\/wp-json\/wp\/v2\/product\/5913","targetHints":{"allow":["GET"]}}],"collection":[{"href":"https:\/\/www.karl-wetzel.com\/es\/wp-json\/wp\/v2\/product"}],"about":[{"href":"https:\/\/www.karl-wetzel.com\/es\/wp-json\/wp\/v2\/types\/product"}],"replies":[{"embeddable":true,"href":"https:\/\/www.karl-wetzel.com\/es\/wp-json\/wp\/v2\/comments?post=5913"}],"wp:featuredmedia":[{"embeddable":true,"href":"https:\/\/www.karl-wetzel.com\/es\/wp-json\/wp\/v2\/media\/2578"}],"wp:attachment":[{"href":"https:\/\/www.karl-wetzel.com\/es\/wp-json\/wp\/v2\/media?parent=5913"}],"wp:term":[{"taxonomy":"product_brand","embeddable":true,"href":"https:\/\/www.karl-wetzel.com\/es\/wp-json\/wp\/v2\/product_brand?post=5913"},{"taxonomy":"product_cat","embeddable":true,"href":"https:\/\/www.karl-wetzel.com\/es\/wp-json\/wp\/v2\/product_cat?post=5913"},{"taxonomy":"product_tag","embeddable":true,"href":"https:\/\/www.karl-wetzel.com\/es\/wp-json\/wp\/v2\/product_tag?post=5913"}],"curies":[{"name":"wp","href":"https:\/\/api.w.org\/{rel}","templated":true}]}}