{"id":5879,"date":"2021-12-26T10:49:20","date_gmt":"2022-01-16T14:38:14","guid":{"rendered":"https:\/\/www.karl-wetzel.com\/produkt\/clips-de-bobina-de-plastico\/"},"modified":"2025-04-03T17:44:19","modified_gmt":"2025-04-03T15:44:19","slug":"abrazaderas-de-carrete-de-plastico","status":"publish","type":"product","link":"https:\/\/www.karl-wetzel.com\/es\/producto\/abrazaderas-de-carrete-de-plastico\/","title":{"rendered":"Clips de bobina de pl\u00e1stico"},"content":{"rendered":"<p>Se necesitan clips de carrete de pl\u00e1stico para atar de forma r\u00e1pida y f\u00e1cil los carretes enrollados. Son dimensionalmente estables y se pueden reutilizar con la frecuencia que desee.<\/p>\n","protected":false},"excerpt":{"rendered":"<h2>Especificaciones t\u00e9cnicas:<\/h2>\n<div id=\"Tabelle12LYR\"><\/div>\n<div id=\"Tabelle16LYR\">\n<table id=\"Tabelle9\" border=\"1\">\n<tbody>\n<tr>\n<td id=\"Zelle189\">Art\u00edculo N\u00b0:<\/td>\n<td id=\"Zelle190\">Tama\u00f1o:<\/td>\n<td id=\"Zelle191\">Color:<\/td>\n<td id=\"Zelle192\">para di\u00e1metro [mm]:<\/td>\n<\/tr>\n<tr>\n<td id=\"Zelle193\">7.106.60<\/td>\n<td id=\"Zelle194\">3<\/td>\n<td id=\"Zelle195\">blanco<\/td>\n<td id=\"Zelle196\">4.0 &#8211; 6.5<\/td>\n<\/tr>\n<tr>\n<td id=\"Zelle197\">7.106.62<\/td>\n<td id=\"Zelle198\">4<\/td>\n<td id=\"Zelle199\">rojo<\/td>\n<td id=\"Zelle200\">7.0 &#8211; 9.5<\/td>\n<\/tr>\n<tr>\n<td id=\"Zelle201\">7.106.64<\/td>\n<td id=\"Zelle202\">5<\/td>\n<td id=\"Zelle203\">verde<\/td>\n<td id=\"Zelle204\">10.0 &#8211; 12.5<\/td>\n<\/tr>\n<tr>\n<td id=\"Zelle205\">7.106.66<\/td>\n<td id=\"Zelle206\">6<\/td>\n<td id=\"Zelle207\">negro<\/td>\n<td id=\"Zelle208\">13,5 &#8211; 16,0<\/td>\n<\/tr>\n<tr>\n<td id=\"Zelle209\">7.106.68<\/td>\n<td id=\"Zelle210\">7<\/td>\n<td id=\"Zelle211\">amarillo<\/td>\n<td id=\"Zelle212\">17.0 &#8211; 20.0<\/td>\n<\/tr>\n<tr>\n<td id=\"Zelle213\">7.106.70<\/td>\n<td id=\"Zelle214\">8<\/td>\n<td id=\"Zelle215\">naturaleza<\/td>\n<td id=\"Zelle216\">25.0 &#8211; 28.0<\/td>\n<\/tr>\n<tr>\n<td id=\"Zelle217\">7.106.71<\/td>\n<td id=\"Zelle218\">9<\/td>\n<td id=\"Zelle219\">blanco<\/td>\n<td id=\"Zelle220\">33.0 &#8211; 36.0<\/td>\n<\/tr>\n<\/tbody>\n<\/table>\n<\/div>\n","protected":false},"featured_media":2599,"comment_status":"closed","ping_status":"closed","template":"","meta":[],"product_brand":[],"product_cat":[156],"product_tag":[],"class_list":{"0":"post-5879","1":"product","2":"type-product","3":"status-publish","4":"has-post-thumbnail","6":"product_cat-instrumentos","8":"first","9":"instock","10":"taxable","11":"shipping-taxable","12":"product-type-variable"},"_links":{"self":[{"href":"https:\/\/www.karl-wetzel.com\/es\/wp-json\/wp\/v2\/product\/5879","targetHints":{"allow":["GET"]}}],"collection":[{"href":"https:\/\/www.karl-wetzel.com\/es\/wp-json\/wp\/v2\/product"}],"about":[{"href":"https:\/\/www.karl-wetzel.com\/es\/wp-json\/wp\/v2\/types\/product"}],"replies":[{"embeddable":true,"href":"https:\/\/www.karl-wetzel.com\/es\/wp-json\/wp\/v2\/comments?post=5879"}],"wp:featuredmedia":[{"embeddable":true,"href":"https:\/\/www.karl-wetzel.com\/es\/wp-json\/wp\/v2\/media\/2599"}],"wp:attachment":[{"href":"https:\/\/www.karl-wetzel.com\/es\/wp-json\/wp\/v2\/media?parent=5879"}],"wp:term":[{"taxonomy":"product_brand","embeddable":true,"href":"https:\/\/www.karl-wetzel.com\/es\/wp-json\/wp\/v2\/product_brand?post=5879"},{"taxonomy":"product_cat","embeddable":true,"href":"https:\/\/www.karl-wetzel.com\/es\/wp-json\/wp\/v2\/product_cat?post=5879"},{"taxonomy":"product_tag","embeddable":true,"href":"https:\/\/www.karl-wetzel.com\/es\/wp-json\/wp\/v2\/product_tag?post=5879"}],"curies":[{"name":"wp","href":"https:\/\/api.w.org\/{rel}","templated":true}]}}