{"id":5828,"date":"2021-12-26T10:49:21","date_gmt":"2022-01-16T14:36:58","guid":{"rendered":"https:\/\/www.karl-wetzel.com\/produkt\/dispositivo-de-vendaje\/"},"modified":"2022-01-16T15:36:58","modified_gmt":"2022-01-16T14:36:58","slug":"dispositivo-de-vendaje","status":"publish","type":"product","link":"https:\/\/www.karl-wetzel.com\/es\/producto\/dispositivo-de-vendaje\/","title":{"rendered":"dispositivo de vendaje"},"content":{"rendered":"<p>Este dispositivo de encintado para cabezales de bobinado permite trabajar con ahorro de material, de forma m\u00e1s r\u00e1pida y precisa en bobinados trif\u00e1sicos y de corriente alterna. Se utiliza un punz\u00f3n curvo para devanados en la carcasa del estator y un punz\u00f3n recto para devanados del estator sin carcasa.<\/p>\n<p>Se pueden usar cintas RT, cinta adhesiva de celof\u00e1n, cord\u00f3n, hilo o similares como materiales de vendaje.<\/p>\n<div id=\"Text55LYR\" class=\"TextObject\"><\/div>\n","protected":false},"excerpt":{"rendered":"<h2>Especificaciones t\u00e9cnicas:<\/h2>\n<table id=\"Tabelle9\" border=\"1\">\n<tbody>\n<tr>\n<td id=\"Zelle189\">Art\u00edculo No.:<\/td>\n<td id=\"Zelle190\">Designacion:<\/td>\n<\/tr>\n<tr>\n<td id=\"Zelle191\">9.203.04<\/td>\n<td id=\"Zelle192\">Dispositivo de vendaje para cabezas de bobinado curvas \u00f84 mm<\/td>\n<\/tr>\n<tr>\n<td id=\"Zelle193\">9.203.14<\/td>\n<td id=\"Zelle194\">Dispositivo de vendaje para cabezas de bobinado recto \u00f84 mm<\/td>\n<\/tr>\n<tr>\n<td id=\"Zelle195\">9.203.05<\/td>\n<td id=\"Zelle196\">Dispositivo de vendaje para cabezas de bobinado curvas \u00f85 mm<\/td>\n<\/tr>\n<tr>\n<td id=\"Zelle197\">9.203.15<\/td>\n<td id=\"Zelle198\">Dispositivo de vendaje para cabezas de bobinado recto \u00f85 mm<\/td>\n<\/tr>\n<\/tbody>\n<\/table>\n","protected":false},"featured_media":2629,"comment_status":"closed","ping_status":"closed","template":"","meta":[],"product_brand":[],"product_cat":[156],"product_tag":[],"class_list":{"0":"post-5828","1":"product","2":"type-product","3":"status-publish","4":"has-post-thumbnail","6":"product_cat-instrumentos","8":"first","9":"instock","10":"taxable","11":"shipping-taxable","12":"product-type-variable"},"_links":{"self":[{"href":"https:\/\/www.karl-wetzel.com\/es\/wp-json\/wp\/v2\/product\/5828","targetHints":{"allow":["GET"]}}],"collection":[{"href":"https:\/\/www.karl-wetzel.com\/es\/wp-json\/wp\/v2\/product"}],"about":[{"href":"https:\/\/www.karl-wetzel.com\/es\/wp-json\/wp\/v2\/types\/product"}],"replies":[{"embeddable":true,"href":"https:\/\/www.karl-wetzel.com\/es\/wp-json\/wp\/v2\/comments?post=5828"}],"wp:featuredmedia":[{"embeddable":true,"href":"https:\/\/www.karl-wetzel.com\/es\/wp-json\/wp\/v2\/media\/2629"}],"wp:attachment":[{"href":"https:\/\/www.karl-wetzel.com\/es\/wp-json\/wp\/v2\/media?parent=5828"}],"wp:term":[{"taxonomy":"product_brand","embeddable":true,"href":"https:\/\/www.karl-wetzel.com\/es\/wp-json\/wp\/v2\/product_brand?post=5828"},{"taxonomy":"product_cat","embeddable":true,"href":"https:\/\/www.karl-wetzel.com\/es\/wp-json\/wp\/v2\/product_cat?post=5828"},{"taxonomy":"product_tag","embeddable":true,"href":"https:\/\/www.karl-wetzel.com\/es\/wp-json\/wp\/v2\/product_tag?post=5828"}],"curies":[{"name":"wp","href":"https:\/\/api.w.org\/{rel}","templated":true}]}}