{"id":5701,"date":"2021-12-26T10:49:23","date_gmt":"2021-12-26T09:49:23","guid":{"rendered":"https:\/\/www.karl-wetzel.com\/produkt\/conductor-de-cuna\/"},"modified":"2026-04-10T11:29:10","modified_gmt":"2026-04-10T09:29:10","slug":"conductor-de-cuna","status":"publish","type":"product","link":"https:\/\/www.karl-wetzel.com\/es\/producto\/conductor-de-cuna\/","title":{"rendered":"conductor de cu\u00f1a"},"content":{"rendered":"<p>Herramienta de inserci\u00f3n de cu\u00f1as para insertar y quitar todo tipo de placas de cubierta en rotores y estatores.<br \/>\n Las herramientas de inserci\u00f3n de cu\u00f1as est\u00e1n disponibles en dos tama\u00f1os.<\/p>\n","protected":false},"excerpt":{"rendered":"<p>Juego de wedges (un tama\u00f1o de cada uno, 1 + 2) Art\u00edculo n.\u00b0 9.256.00<\/p>\n<p> Talla 1: D 20 \/ 180 \/ 215 \/ 1.0 N\u00famero de art\u00edculo 9.256.10<br \/>\n Talla 2: D 20 \/ 280 \/ 315 \/ 1.6 N\u00famero de art\u00edculo 9.256.20<\/p>\n<p> Tama\u00f1o del segmento del diente 1: Espesor 1.0 N\u00famero de art\u00edculo 9.256.30<br \/>\n Tama\u00f1o del segmento del diente 2: Grosor 1,6 N\u00famero de art\u00edculo 9.256.40<\/p>\n","protected":false},"featured_media":2662,"comment_status":"closed","ping_status":"closed","template":"","meta":[],"product_brand":[],"product_cat":[156],"product_tag":[],"class_list":{"0":"post-5701","1":"product","2":"type-product","3":"status-publish","4":"has-post-thumbnail","6":"product_cat-instrumentos","8":"first","9":"instock","10":"taxable","11":"shipping-taxable","12":"product-type-variable"},"_links":{"self":[{"href":"https:\/\/www.karl-wetzel.com\/es\/wp-json\/wp\/v2\/product\/5701","targetHints":{"allow":["GET"]}}],"collection":[{"href":"https:\/\/www.karl-wetzel.com\/es\/wp-json\/wp\/v2\/product"}],"about":[{"href":"https:\/\/www.karl-wetzel.com\/es\/wp-json\/wp\/v2\/types\/product"}],"replies":[{"embeddable":true,"href":"https:\/\/www.karl-wetzel.com\/es\/wp-json\/wp\/v2\/comments?post=5701"}],"wp:featuredmedia":[{"embeddable":true,"href":"https:\/\/www.karl-wetzel.com\/es\/wp-json\/wp\/v2\/media\/2662"}],"wp:attachment":[{"href":"https:\/\/www.karl-wetzel.com\/es\/wp-json\/wp\/v2\/media?parent=5701"}],"wp:term":[{"taxonomy":"product_brand","embeddable":true,"href":"https:\/\/www.karl-wetzel.com\/es\/wp-json\/wp\/v2\/product_brand?post=5701"},{"taxonomy":"product_cat","embeddable":true,"href":"https:\/\/www.karl-wetzel.com\/es\/wp-json\/wp\/v2\/product_cat?post=5701"},{"taxonomy":"product_tag","embeddable":true,"href":"https:\/\/www.karl-wetzel.com\/es\/wp-json\/wp\/v2\/product_tag?post=5701"}],"curies":[{"name":"wp","href":"https:\/\/api.w.org\/{rel}","templated":true}]}}