{"id":5575,"date":"2022-01-16T14:59:27","date_gmt":"2022-01-16T14:26:25","guid":{"rendered":"https:\/\/www.karl-wetzel.com\/produkt\/variante-de-bobinadora\/"},"modified":"2022-11-03T08:54:23","modified_gmt":"2022-11-03T07:54:23","slug":"variable","status":"publish","type":"product","link":"https:\/\/www.karl-wetzel.com\/es\/producto\/variable\/","title":{"rendered":"Variante de m\u00e1quina de bobina"},"content":{"rendered":"<p>La m\u00e1quina bobinadora Variat se fabrica como m\u00e1quina bobinadora manual o como m\u00e1quina bobinadora de capas con tendido autom\u00e1tico de hilo hasta 1800 mm.<\/p>\n<p>La m\u00e1quina es especialmente adecuada para bobinar bobinas de transformador, alta tensi\u00f3n, estator y bobinas de choque, tambi\u00e9n se pueden bobinar espirales. El accionamiento se puede controlar en todos los niveles a trav\u00e9s de un servomotor y un controlador Siemens S7-1200 y, por supuesto, tambi\u00e9n es infinitamente variable hasta 1000 rpm. El giro en sentido antihorario o en el sentido de las agujas del reloj del husillo de bobinado se realiza mediante un bot\u00f3n. La m\u00e1quina alcanza un par de 200 Nm gracias a una caja de cambios de reducci\u00f3n 10:1.<\/p>\n<p>El accionamiento de tendido de cables se controla por separado mediante otro servomotor, es infinitamente ajustable de 0 a 1000 mm\/rev y se puede acoplar el\u00e9ctricamente al motor de accionamiento. Los movimientos de alimentaci\u00f3n del carro de tendido de alambre se conmutan con precisi\u00f3n en los interruptores de l\u00edmite establecidos y acoplamientos especiales.<\/p>\n<p>Los giros y\/o capas son seleccionados por el controlador.<\/p>\n","protected":false},"excerpt":{"rendered":"<p>La m\u00e1quina bobinadora Variat se fabrica como m\u00e1quina bobinadora manual o como m\u00e1quina bobinadora de capas con tendido autom\u00e1tico de hilo hasta 1800 mm. La m\u00e1quina es especialmente adecuada para bobinar bobinas de transformador, alta tensi\u00f3n, estator y bobinas de choque, tambi\u00e9n se pueden bobinar espirales. El accionamiento se puede controlar en todos los niveles &#8230; <a title=\"Variante de m\u00e1quina de bobina\" class=\"read-more\" href=\"https:\/\/www.karl-wetzel.com\/es\/producto\/variable\/\" aria-label=\"Leer m\u00e1s sobre Variante de m\u00e1quina de bobina\">Leer m\u00e1s<\/a><\/p>\n","protected":false},"featured_media":5531,"comment_status":"closed","ping_status":"closed","template":"","meta":[],"product_brand":[],"product_cat":[134],"product_tag":[],"class_list":{"0":"post-5575","1":"product","2":"type-product","3":"status-publish","4":"has-post-thumbnail","6":"product_cat-wrap-es","8":"first","9":"instock","10":"taxable","11":"shipping-taxable","12":"product-type-variable"},"_links":{"self":[{"href":"https:\/\/www.karl-wetzel.com\/es\/wp-json\/wp\/v2\/product\/5575","targetHints":{"allow":["GET"]}}],"collection":[{"href":"https:\/\/www.karl-wetzel.com\/es\/wp-json\/wp\/v2\/product"}],"about":[{"href":"https:\/\/www.karl-wetzel.com\/es\/wp-json\/wp\/v2\/types\/product"}],"replies":[{"embeddable":true,"href":"https:\/\/www.karl-wetzel.com\/es\/wp-json\/wp\/v2\/comments?post=5575"}],"wp:featuredmedia":[{"embeddable":true,"href":"https:\/\/www.karl-wetzel.com\/es\/wp-json\/wp\/v2\/media\/5531"}],"wp:attachment":[{"href":"https:\/\/www.karl-wetzel.com\/es\/wp-json\/wp\/v2\/media?parent=5575"}],"wp:term":[{"taxonomy":"product_brand","embeddable":true,"href":"https:\/\/www.karl-wetzel.com\/es\/wp-json\/wp\/v2\/product_brand?post=5575"},{"taxonomy":"product_cat","embeddable":true,"href":"https:\/\/www.karl-wetzel.com\/es\/wp-json\/wp\/v2\/product_cat?post=5575"},{"taxonomy":"product_tag","embeddable":true,"href":"https:\/\/www.karl-wetzel.com\/es\/wp-json\/wp\/v2\/product_tag?post=5575"}],"curies":[{"name":"wp","href":"https:\/\/api.w.org\/{rel}","templated":true}]}}