{"id":5491,"date":"2021-12-26T10:50:11","date_gmt":"2022-01-16T13:02:59","guid":{"rendered":"https:\/\/www.karl-wetzel.com\/produkt\/maquina-capa-tw15\/"},"modified":"2022-11-03T09:07:05","modified_gmt":"2022-11-03T08:07:05","slug":"maquina-de-capa-tw","status":"publish","type":"product","link":"https:\/\/www.karl-wetzel.com\/es\/producto\/maquina-de-capa-tw\/","title":{"rendered":"m\u00e1quina de capas TW"},"content":{"rendered":"<p>La m\u00e1quina bobinadora de bobinas TW 15 es una m\u00e1quina bobinadora de capas de precisi\u00f3n adecuada para bobinar:<\/p>\n<ul>\n<li>bobinas de transformador<\/li>\n<li>bobinas de disco<\/li>\n<li>bobinas de choque<\/li>\n<li>bobinas de ignici\u00f3n<\/li>\n<li>bobinas de rel\u00e9<\/li>\n<li>bobinas de campo<\/li>\n<li>formar bobinas<\/li>\n<li>etc<\/li>\n<\/ul>\n<p>El rango de velocidad se puede preestablecer infinitamente usando un potenci\u00f3metro. La velocidad del husillo se puede ajustar infinitamente con el interruptor de pie dentro del rango de velocidad previamente establecido. El avance es ajustable de forma continua con un volante.<\/p>\n<p>Equipamiento estandar:<\/p>\n<ul>\n<li>Mesa de m\u00e1quina 150 cm x 70 cm<\/li>\n<li>1 gu\u00eda de alambre<\/li>\n<li>Contrapunto con punta<\/li>\n<\/ul>\n<p>Accesorios especiales:<\/p>\n<div id=\"Tabelle10LYR\">\n<table id=\"Tabelle10\" border=\"1\">\n<tbody>\n<tr>\n<td id=\"Zelle219\">Art\u00edculo No.<\/td>\n<td id=\"Zelle220\">descripci\u00f3n<\/td>\n<\/tr>\n<tr>\n<td id=\"Zelle221\">1.012.36.01<\/td>\n<td id=\"Zelle222\">gu\u00eda de alambre adicional<\/td>\n<\/tr>\n<tr>\n<td id=\"Zelle223\">1.012.36.05<\/td>\n<td id=\"Zelle224\">vigilancia de rotura de hilo<\/td>\n<\/tr>\n<tr>\n<td id=\"Zelle225\">1.012.36.09<\/td>\n<td id=\"Zelle226\">Mandril de bobinado M6<\/td>\n<\/tr>\n<tr>\n<td id=\"Zelle227\">1.012.36.10<\/td>\n<td id=\"Zelle228\">Mandril de bobinado M8<\/td>\n<\/tr>\n<tr>\n<td id=\"Zelle229\">1.012.36.12<\/td>\n<td id=\"Zelle230\">Mandril de bobinado M10<\/td>\n<\/tr>\n<tr>\n<td id=\"Zelle231\">1.012.36.14<\/td>\n<td id=\"Zelle232\">Mandril de bobinado M12<\/td>\n<\/tr>\n<tr>\n<td id=\"Zelle233\">1.012.36.16<\/td>\n<td id=\"Zelle234\">Mandril de bobinado M14<\/td>\n<\/tr>\n<tr>\n<td id=\"Zelle235\">1.012.36.17<\/td>\n<td id=\"Zelle236\">Mandril de bobinado M16<\/td>\n<\/tr>\n<tr>\n<td id=\"Zelle237\">1.012.36.18<\/td>\n<td id=\"Zelle238\">Mandril de bobinado M18<\/td>\n<\/tr>\n<tr>\n<td id=\"Zelle239\">1.012.36.19<\/td>\n<td id=\"Zelle240\">Mandril de bobinado M20<\/td>\n<\/tr>\n<\/tbody>\n<\/table>\n<\/div>\n","protected":false},"excerpt":{"rendered":"<h2>Especificaciones t\u00e9cnicas:<\/h2>\n<table id=\"Tabelle9\" border=\"1\">\n<tbody>\n<tr>\n<td id=\"Zelle189\">mesa para cambiar pa\u00f1ales:<\/td>\n<td id=\"Zelle190\">120cm x 60cm x 85cm<\/td>\n<\/tr>\n<tr>\n<td id=\"Zelle191\">velocidades de bobinado:<\/td>\n<td id=\"Zelle192\">45 \/ 55 \/ 70 \/ 80 \/ 110 \/ 140 rpm.<\/td>\n<\/tr>\n<tr>\n<td id=\"Zelle193\">Di\u00e1metro del eje de salida:<\/td>\n<td id=\"Zelle194\">35 mm<\/td>\n<\/tr>\n<tr>\n<td id=\"Zelle195\">Valor de conexi\u00f3n:<\/td>\n<td id=\"Zelle196\">400 voltios; 3 fases; 50Hz<\/td>\n<\/tr>\n<tr>\n<td id=\"Zelle197\">Dimensi\u00f3n de la m\u00e1quina:<\/td>\n<td id=\"Zelle198\">135cm x 60cm x 105cm<\/td>\n<\/tr>\n<tr>\n<td id=\"Zelle199\">Peso:<\/td>\n<td id=\"Zelle200\">83kg<\/td>\n<\/tr>\n<tr>\n<td id=\"Zelle201\">Art\u00edculo No.:<\/td>\n<td id=\"Zelle202\">1.012.36<\/td>\n<\/tr>\n<\/tbody>\n<\/table>\n","protected":false},"featured_media":2680,"comment_status":"closed","ping_status":"closed","template":"","meta":[],"product_brand":[],"product_cat":[134],"product_tag":[],"class_list":{"0":"post-5491","1":"product","2":"type-product","3":"status-publish","4":"has-post-thumbnail","6":"product_cat-wrap-es","8":"first","9":"instock","10":"taxable","11":"shipping-taxable","12":"product-type-variable"},"_links":{"self":[{"href":"https:\/\/www.karl-wetzel.com\/es\/wp-json\/wp\/v2\/product\/5491","targetHints":{"allow":["GET"]}}],"collection":[{"href":"https:\/\/www.karl-wetzel.com\/es\/wp-json\/wp\/v2\/product"}],"about":[{"href":"https:\/\/www.karl-wetzel.com\/es\/wp-json\/wp\/v2\/types\/product"}],"replies":[{"embeddable":true,"href":"https:\/\/www.karl-wetzel.com\/es\/wp-json\/wp\/v2\/comments?post=5491"}],"wp:featuredmedia":[{"embeddable":true,"href":"https:\/\/www.karl-wetzel.com\/es\/wp-json\/wp\/v2\/media\/2680"}],"wp:attachment":[{"href":"https:\/\/www.karl-wetzel.com\/es\/wp-json\/wp\/v2\/media?parent=5491"}],"wp:term":[{"taxonomy":"product_brand","embeddable":true,"href":"https:\/\/www.karl-wetzel.com\/es\/wp-json\/wp\/v2\/product_brand?post=5491"},{"taxonomy":"product_cat","embeddable":true,"href":"https:\/\/www.karl-wetzel.com\/es\/wp-json\/wp\/v2\/product_cat?post=5491"},{"taxonomy":"product_tag","embeddable":true,"href":"https:\/\/www.karl-wetzel.com\/es\/wp-json\/wp\/v2\/product_tag?post=5491"}],"curies":[{"name":"wp","href":"https:\/\/api.w.org\/{rel}","templated":true}]}}