{"id":5446,"date":"2021-12-26T10:50:12","date_gmt":"2022-01-16T13:01:38","guid":{"rendered":"https:\/\/www.karl-wetzel.com\/produkt\/tijeras-de-sujecion-200-350-500\/"},"modified":"2025-04-03T17:44:09","modified_gmt":"2025-04-03T15:44:09","slug":"tijeras-de-sujecion-200-350-500","status":"publish","type":"product","link":"https:\/\/www.karl-wetzel.com\/es\/producto\/tijeras-de-sujecion-200-350-500\/","title":{"rendered":"Tijeras de sujeci\u00f3n 200 | 350 | 500"},"content":{"rendered":"<p><b>Nuestras tijeras de sujeci\u00f3n en tama\u00f1o 200 | 350 | 500 son para los anillos de sujeci\u00f3n tipo A, B y C. Ideales para sujetar de forma segura motores de diferentes tama\u00f1os.<br \/>\n<\/b><\/p>\n","protected":false},"excerpt":{"rendered":"<h2>Especificaciones t\u00e9cnicas:<\/h2>\n<div id=\"Text68LYR\" class=\"TextObject\">\n<div id=\"Text69LYR\" class=\"TextObject\">\n<p><b>versi\u00f3n de 1 etapa; 1 juego = 3 piezas:<\/b><\/p>\n<\/div>\n<div id=\"Tabelle11LYR\">\n<table id=\"Tabelle11\" border=\"1\">\n<tbody>\n<tr>\n<td id=\"Zelle225\">anillo de apriete:<\/td>\n<td id=\"Zelle226\">\n<p style=\"text-align: center;\">200<\/p>\n<\/td>\n<td id=\"Zelle227\" style=\"text-align: center;\">350<\/td>\n<td id=\"Zelle228\">\n<p style=\"text-align: center;\">500<\/p>\n<\/td>\n<\/tr>\n<tr>\n<td id=\"Zelle229\">Rango de sujeci\u00f3n:<\/td>\n<td id=\"Zelle230\">55 &#8211; 140 mil\u00edmetros<\/td>\n<td id=\"Zelle231\">75 &#8211; 275 mil\u00edmetros<\/td>\n<td id=\"Zelle232\">275 &#8211; 380 mil\u00edmetros<\/td>\n<\/tr>\n<tr>\n<td id=\"Zelle233\">Art\u00edculo No.:<\/td>\n<td id=\"Zelle234\">\n<p style=\"text-align: center;\">7.051.10<\/p>\n<\/td>\n<td id=\"Zelle235\" style=\"text-align: center;\">7.051.30<\/td>\n<td id=\"Zelle236\">\n<p style=\"text-align: center;\">7.051.50<\/p>\n<\/td>\n<\/tr>\n<\/tbody>\n<\/table>\n<\/div>\n<p><b>versi\u00f3n de 2 etapas; 1 juego = 3 piezas<\/b><\/p>\n<\/div>\n<div id=\"Tabelle10LYR\">\n<table id=\"Tabelle10\" border=\"1\">\n<tbody>\n<tr>\n<td id=\"Zelle213\">anillo de apriete:<\/td>\n<td id=\"Zelle214\">\n<p style=\"text-align: center;\">200<\/p>\n<\/td>\n<td id=\"Zelle215\" style=\"text-align: center;\">350<\/td>\n<td id=\"Zelle216\">\n<p style=\"text-align: center;\">500<\/p>\n<\/td>\n<\/tr>\n<tr>\n<td id=\"Zelle217\">Rango de sujeci\u00f3n:<\/td>\n<td id=\"Zelle218\">15 &#8211; 100 mil\u00edmetros<\/td>\n<td id=\"Zelle219\">25 &#8211; 225 mil\u00edmetros<\/td>\n<td id=\"Zelle220\">95 &#8211; 320 mil\u00edmetros<\/td>\n<\/tr>\n<tr>\n<td id=\"Zelle221\">Art\u00edculo No.:<\/td>\n<td id=\"Zelle222\">\n<p style=\"text-align: center;\">7.051.20<\/p>\n<\/td>\n<td id=\"Zelle223\" style=\"text-align: center;\">7.051-40<\/td>\n<td id=\"Zelle224\">\n<p style=\"text-align: center;\">7.051.60<\/p>\n<\/td>\n<\/tr>\n<\/tbody>\n<\/table>\n<div id=\"Text69LYR\" class=\"TextObject\"><\/div>\n<div id=\"Tabelle11LYR\"><\/div>\n<\/div>\n","protected":false},"featured_media":2686,"comment_status":"closed","ping_status":"closed","template":"","meta":[],"product_brand":[],"product_cat":[325,156,146],"product_tag":[],"class_list":{"0":"post-5446","1":"product","2":"type-product","3":"status-publish","4":"has-post-thumbnail","6":"product_cat-anillo-de-apriete","7":"product_cat-instrumentos","8":"product_cat-montaje","10":"first","11":"instock","12":"taxable","13":"shipping-taxable","14":"product-type-variable"},"_links":{"self":[{"href":"https:\/\/www.karl-wetzel.com\/es\/wp-json\/wp\/v2\/product\/5446","targetHints":{"allow":["GET"]}}],"collection":[{"href":"https:\/\/www.karl-wetzel.com\/es\/wp-json\/wp\/v2\/product"}],"about":[{"href":"https:\/\/www.karl-wetzel.com\/es\/wp-json\/wp\/v2\/types\/product"}],"replies":[{"embeddable":true,"href":"https:\/\/www.karl-wetzel.com\/es\/wp-json\/wp\/v2\/comments?post=5446"}],"wp:featuredmedia":[{"embeddable":true,"href":"https:\/\/www.karl-wetzel.com\/es\/wp-json\/wp\/v2\/media\/2686"}],"wp:attachment":[{"href":"https:\/\/www.karl-wetzel.com\/es\/wp-json\/wp\/v2\/media?parent=5446"}],"wp:term":[{"taxonomy":"product_brand","embeddable":true,"href":"https:\/\/www.karl-wetzel.com\/es\/wp-json\/wp\/v2\/product_brand?post=5446"},{"taxonomy":"product_cat","embeddable":true,"href":"https:\/\/www.karl-wetzel.com\/es\/wp-json\/wp\/v2\/product_cat?post=5446"},{"taxonomy":"product_tag","embeddable":true,"href":"https:\/\/www.karl-wetzel.com\/es\/wp-json\/wp\/v2\/product_tag?post=5446"}],"curies":[{"name":"wp","href":"https:\/\/api.w.org\/{rel}","templated":true}]}}