{"id":5428,"date":"2021-12-26T10:50:12","date_gmt":"2022-01-16T13:00:59","guid":{"rendered":"https:\/\/www.karl-wetzel.com\/produkt\/anillo-de-sujecion-tipo-c\/"},"modified":"2024-05-27T11:23:54","modified_gmt":"2024-05-27T09:23:54","slug":"anillo-de-sujecion-tipo-c","status":"publish","type":"product","link":"https:\/\/www.karl-wetzel.com\/es\/producto\/anillo-de-sujecion-tipo-c\/","title":{"rendered":"Anillo de sujeci\u00f3n TIPO C"},"content":{"rendered":"<h2>Equipo:<\/h2>\n<table style=\"height: 386px;\" width=\"541\">\n<tbody>\n<tr>\n<td width=\"186\">Juego de tijeras de sujeci\u00f3n (3 piezas)<\/td>\n<td width=\"136\">di\u00e1metro de sujeci\u00f3n<\/td>\n<td width=\"101\">Art\u00edculo No.<\/td>\n<\/tr>\n<tr>\n<td width=\"186\">para anillo \u00ab200\u00bb un paso<\/td>\n<td width=\"136\">aproximadamente 55 &#8211; 140 mm<\/td>\n<td width=\"101\">7.051.10<\/td>\n<\/tr>\n<tr>\n<td width=\"186\">para anillo \u00ab350\u00bb un paso<\/td>\n<td width=\"136\">aproximadamente 75 &#8211; 275 mm<\/td>\n<td width=\"101\">7.051.30<\/td>\n<\/tr>\n<tr>\n<td width=\"186\">para anillo \u00ab500\u00bb un paso<\/td>\n<td width=\"136\">aproximadamente 275 &#8211; 380 mm<\/td>\n<td width=\"101\">7.051.50<\/td>\n<\/tr>\n<tr>\n<td width=\"186\">para anillo \u00ab200\u00bb de dos etapas<\/td>\n<td width=\"136\">aproximadamente 15 &#8211; 100 mm<\/td>\n<td width=\"101\">7.051.20<\/td>\n<\/tr>\n<tr>\n<td width=\"186\">para anillo \u00ab350\u00bb de dos etapas<\/td>\n<td width=\"136\">aproximadamente 25 &#8211; 225 mm<\/td>\n<td width=\"101\">7.051.40<\/td>\n<\/tr>\n<tr>\n<td width=\"186\">para anillo \u00ab500\u00bb de dos etapas<\/td>\n<td width=\"136\">aproximadamente 95 &#8211; 320 mm<\/td>\n<td width=\"101\">7.051.60<\/td>\n<\/tr>\n<\/tbody>\n<\/table>\n<div id=\"Tabelle10LYR\"><\/div>\n","protected":false},"excerpt":{"rendered":"<p>El anillo de sujeci\u00f3n \u00abC\u00bb se puede girar en cualquier posici\u00f3n inclinada u horizontal. Esta ventaja es particularmente deseable cuando la instilaci\u00f3n, el cambio y el vendaje se realizan en un solo lugar de trabajo. Los anillos C-200 y C-350 tambi\u00e9n pueden regularse en altura y, por lo tanto, pueden adaptarse a cualquier lugar de trabajo.<\/p>\n<p>Aqu\u00ed est\u00e1 nuestro folleto de productos: <span style=\"color: #ff0000;\"><a style=\"color: #ff0000;\" href=\"https:\/\/www.karl-wetzel.com\/wp-content\/uploads\/2023\/06\/Einspannringe-Seite-1.pdf\" target=\"_blank\" rel=\"noopener\">P\u00e1gina 1<\/a><\/span> | <span style=\"color: #ff0000;\"><a style=\"color: #ff0000;\" href=\"https:\/\/www.karl-wetzel.com\/wp-content\/uploads\/2023\/06\/Einspannringe-Seite-2.pdf\" target=\"_blank\" rel=\"noopener\">P\u00e1gina 2<\/a><\/span><\/p>\n<p><strong>Especificaciones t\u00e9cnicas:<\/strong><\/p>\n<div id=\"Tabelle10LYR\">\n<div id=\"Tabelle6LYR\">\n<table style=\"height: 178px;\" width=\"591\">\n<tbody>\n<tr>\n<td width=\"186\">anillo de apriete:<\/td>\n<td width=\"107\">C-200<\/td>\n<td width=\"107\">C-350<\/td>\n<td width=\"107\">C-500<\/td>\n<\/tr>\n<tr>\n<td width=\"186\">di\u00e1metro de sujeci\u00f3n:<\/td>\n<td width=\"107\">Max. profundidad 160 mm<\/td>\n<td width=\"107\">Max. profundidad 310 mm<\/td>\n<td width=\"107\">Max. D 450 mm<\/td>\n<\/tr>\n<tr>\n<td width=\"186\">peso de sujeci\u00f3n:<\/td>\n<td width=\"107\">hasta aproximadamente 30 kg<\/td>\n<td width=\"107\">hasta aproximadamente 70 kg<\/td>\n<td width=\"107\">hasta aproximadamente 150 kg<\/td>\n<\/tr>\n<tr>\n<td width=\"186\">Peso:<\/td>\n<td width=\"107\">26kg<\/td>\n<td width=\"107\">61 kg<\/td>\n<td width=\"107\">122kg<\/td>\n<\/tr>\n<tr>\n<td width=\"186\">Art\u00edculo No.:<\/td>\n<td width=\"107\">4.078.10<\/td>\n<td width=\"107\">4.078.20<\/td>\n<td width=\"107\">4.078.30<\/td>\n<\/tr>\n<\/tbody>\n<\/table>\n<\/div>\n<\/div>\n","protected":false},"featured_media":2689,"comment_status":"closed","ping_status":"closed","template":"","meta":[],"product_brand":[],"product_cat":[325],"product_tag":[],"class_list":{"0":"post-5428","1":"product","2":"type-product","3":"status-publish","4":"has-post-thumbnail","6":"product_cat-anillo-de-apriete","8":"first","9":"instock","10":"taxable","11":"shipping-taxable","12":"product-type-variable"},"_links":{"self":[{"href":"https:\/\/www.karl-wetzel.com\/es\/wp-json\/wp\/v2\/product\/5428","targetHints":{"allow":["GET"]}}],"collection":[{"href":"https:\/\/www.karl-wetzel.com\/es\/wp-json\/wp\/v2\/product"}],"about":[{"href":"https:\/\/www.karl-wetzel.com\/es\/wp-json\/wp\/v2\/types\/product"}],"replies":[{"embeddable":true,"href":"https:\/\/www.karl-wetzel.com\/es\/wp-json\/wp\/v2\/comments?post=5428"}],"wp:featuredmedia":[{"embeddable":true,"href":"https:\/\/www.karl-wetzel.com\/es\/wp-json\/wp\/v2\/media\/2689"}],"wp:attachment":[{"href":"https:\/\/www.karl-wetzel.com\/es\/wp-json\/wp\/v2\/media?parent=5428"}],"wp:term":[{"taxonomy":"product_brand","embeddable":true,"href":"https:\/\/www.karl-wetzel.com\/es\/wp-json\/wp\/v2\/product_brand?post=5428"},{"taxonomy":"product_cat","embeddable":true,"href":"https:\/\/www.karl-wetzel.com\/es\/wp-json\/wp\/v2\/product_cat?post=5428"},{"taxonomy":"product_tag","embeddable":true,"href":"https:\/\/www.karl-wetzel.com\/es\/wp-json\/wp\/v2\/product_tag?post=5428"}],"curies":[{"name":"wp","href":"https:\/\/api.w.org\/{rel}","templated":true}]}}