{"id":5407,"date":"2021-12-26T10:50:13","date_gmt":"2022-01-16T13:00:22","guid":{"rendered":"https:\/\/www.karl-wetzel.com\/produkt\/anillo-de-sujecion-tipo-d\/"},"modified":"2024-05-27T11:17:46","modified_gmt":"2024-05-27T09:17:46","slug":"anillo-de-sujecion-tipo-d","status":"publish","type":"product","link":"https:\/\/www.karl-wetzel.com\/es\/producto\/anillo-de-sujecion-tipo-d\/","title":{"rendered":"Anillo de sujeci\u00f3n TIPO D"},"content":{"rendered":"<p>El anillo de sujeci\u00f3n \u00abD\u00bb est\u00e1 especialmente dise\u00f1ado para sujetar soportes grandes. La base se puede girar sobre una mesa con un dispositivo de elevaci\u00f3n para que el soporte pesado se pueda girar f\u00e1cilmente alrededor de su propio eje. El anillo, que gira 360 grados, est\u00e1 guiado y montado sobre rodillos. Mediante el uso del anillo, es posible operar soportes de tama\u00f1o mediano con un solo trabajador, ya que no se requiere ayuda para girar y rotar el soporte. Con soportes grandes, es posible sostener el soporte en cualquier posici\u00f3n.<br \/>\nLos anillos de sujeci\u00f3n est\u00e1n disponibles en tres versiones: manual, el\u00e9ctrica y una versi\u00f3n el\u00e9ctrica reforzada.<\/p>\n<p>Aqu\u00ed est\u00e1 nuestro folleto de productos: <span style=\"color: #ff0000;\"><a style=\"color: #ff0000;\" href=\"https:\/\/www.karl-wetzel.com\/wp-content\/uploads\/2023\/06\/Einspannringe-Seite-1.pdf\" target=\"_blank\" rel=\"noopener\">P\u00e1gina 1<\/a><\/span> | <span style=\"color: #ff0000;\"><a style=\"color: #ff0000;\" href=\"https:\/\/www.karl-wetzel.com\/wp-content\/uploads\/2023\/06\/Einspannringe-Seite-2.pdf\" target=\"_blank\" rel=\"noopener\">P\u00e1gina 2<\/a><\/span><\/p>\n<p>Equipamiento est\u00e1ndar manual:<\/p>\n<div id=\"Text71LYR\" class=\"TextObject\">\n<ul>\n<li>placa de soporte<\/li>\n<li>2 correas de sujeci\u00f3n con 1 tornillo de presi\u00f3n cada una<\/li>\n<li>Dispositivo de sujeci\u00f3n para anillo<\/li>\n<li>Pintura est\u00e1ndar: azul \/ amarillo<\/li>\n<\/ul>\n<p>Equipamiento el\u00e9ctrico est\u00e1ndar:<\/p>\n<div id=\"Text71LYR\" class=\"TextObject\">\n<ul>\n<li>Voltaje: 400V 50Hz<\/li>\n<li>placa de soporte<\/li>\n<li>2 correas de sujeci\u00f3n con 1 tornillo de presi\u00f3n cada una, a partir de D-1400: 2 tornillos de presi\u00f3n<\/li>\n<li>Pintura est\u00e1ndar: azul \/ amarillo<\/li>\n<\/ul>\n<\/div>\n<p>Equipo el\u00e9ctrico est\u00e1ndar reforzado:<\/p>\n<div id=\"Text71LYR\" class=\"TextObject\">\n<ul>\n<li>Voltaje: 400V 50Hz<\/li>\n<li>4 correas de sujeci\u00f3n con 2 tornillos de presi\u00f3n cada una<\/li>\n<li>Pintura est\u00e1ndar: azul \/ amarillo<\/li>\n<\/ul>\n<\/div>\n<\/div>\n<p>&nbsp;<\/p>\n","protected":false},"excerpt":{"rendered":"<p>Aqu\u00ed est\u00e1 nuestro folleto de productos: <span style=\"color: #ff0000;\"><a style=\"color: #ff0000;\" href=\"https:\/\/www.karl-wetzel.com\/wp-content\/uploads\/2023\/06\/Einspannringe-Seite-1.pdf\" target=\"_blank\" rel=\"noopener\">P\u00e1gina 1<\/a><\/span> | <span style=\"color: #ff0000;\"><a style=\"color: #ff0000;\" href=\"https:\/\/www.karl-wetzel.com\/wp-content\/uploads\/2023\/06\/Einspannringe-Seite-2.pdf\" target=\"_blank\" rel=\"noopener\">P\u00e1gina 2<\/a><\/span><\/p>\n<h2>Ejecuci\u00f3n manual:<\/h2>\n<table style=\"border-collapse: collapse; width: 300pt;\" border=\"0\" width=\"400\" cellspacing=\"0\" cellpadding=\"0\">\n<tbody>\n<tr style=\"height: 13.5pt;\">\n<td id=\"Zelle189\" class=\"xl26\" style=\"height: 13.5pt; width: 60pt;\" width=\"80\" height=\"18\">Tama\u00f1o:<\/td>\n<td id=\"Zelle190\" class=\"xl26\" style=\"border-left: none; width: 60pt;\" width=\"80\">D-700M<\/td>\n<td id=\"Zelle191\" class=\"xl26\" style=\"border-left: none; width: 60pt;\" width=\"80\">D-1000M<\/td>\n<td class=\"xl26\" style=\"border-left: none; width: 60pt;\" width=\"80\">D-1400M<\/td>\n<td class=\"xl26\" style=\"border-left: none; width: 60pt;\" width=\"80\">D-1800M<\/td>\n<\/tr>\n<tr style=\"height: 12.75pt;\">\n<td id=\"Zelle194\" class=\"xl24\" style=\"height: 12.75pt; border-top: none; width: 60pt;\" width=\"80\" height=\"17\">Anillo:<\/td>\n<td id=\"Zelle195\" class=\"xl24\" style=\"border-top: none; border-left: none; width: 60pt;\" width=\"80\">700 mm<\/td>\n<td id=\"Zelle196\" class=\"xl24\" style=\"border-top: none; border-left: none; width: 60pt;\" width=\"80\">1000 mm<\/td>\n<td class=\"xl24\" style=\"border-top: none; border-left: none; width: 60pt;\" width=\"80\">1400 mm<\/td>\n<td class=\"xl24\" style=\"border-top: none; border-left: none; width: 60pt;\" width=\"80\">1800 mm<\/td>\n<\/tr>\n<tr style=\"height: 12.75pt;\">\n<td id=\"Zelle199\" class=\"xl24\" style=\"height: 12.75pt; border-top: none; width: 60pt;\" width=\"80\" height=\"17\">Cargando:<\/td>\n<td id=\"Zelle200\" class=\"xl24\" style=\"border-top: none; border-left: none; width: 60pt;\" width=\"80\">500kg<\/td>\n<td id=\"Zelle201\" class=\"xl24\" style=\"border-top: none; border-left: none; width: 60pt;\" width=\"80\">600kg<\/td>\n<td class=\"xl24\" style=\"border-top: none; border-left: none; width: 60pt;\" width=\"80\">1000kg<\/td>\n<td class=\"xl24\" style=\"border-top: none; border-left: none; width: 60pt;\" width=\"80\">1000kg<\/td>\n<\/tr>\n<tr style=\"height: 13.5pt;\">\n<td id=\"Zelle204\" class=\"xl25\" style=\"height: 13.5pt; border-top: none; width: 60pt;\" width=\"80\" height=\"18\">Art\u00edculo:<\/td>\n<td id=\"Zelle205\" class=\"xl25\" style=\"border-top: none; border-left: none; width: 60pt;\" width=\"80\">4.080.10<\/td>\n<td id=\"Zelle206\" class=\"xl25\" style=\"border-top: none; border-left: none; width: 60pt;\" width=\"80\">4.080.20<\/td>\n<td class=\"xl25\" style=\"border-top: none; border-left: none; width: 60pt;\" width=\"80\">4.080.30<\/td>\n<td class=\"xl25\" style=\"border-top: none; border-left: none; width: 60pt;\" width=\"80\">4.080.40<\/td>\n<\/tr>\n<\/tbody>\n<\/table>\n<div id=\"Text73LYR\" class=\"TextObject\">\n<h2>Dise\u00f1o electrico:<\/h2>\n<\/div>\n<div id=\"Tabelle10LYR\">\n<table id=\"Tabelle10\" border=\"1\">\n<tbody>\n<tr>\n<td id=\"Zelle209\">Tama\u00f1o:<\/td>\n<td id=\"Zelle210\">D-700E<\/td>\n<td id=\"Zelle211\">D-1000E<\/td>\n<td id=\"Zelle212\">D-1400E<\/td>\n<td id=\"Zelle213\">D-1800E<\/td>\n<\/tr>\n<tr>\n<td id=\"Zelle214\">Anillo:<\/td>\n<td id=\"Zelle215\">700 mm<\/td>\n<td id=\"Zelle216\">1000 mm<\/td>\n<td id=\"Zelle217\">1400 mm<\/td>\n<td id=\"Zelle218\">1800 mm<\/td>\n<\/tr>\n<tr>\n<td id=\"Zelle219\">Cargando:<\/td>\n<td id=\"Zelle220\">500kg<\/td>\n<td id=\"Zelle221\">750kg<\/td>\n<td id=\"Zelle222\">1000kg<\/td>\n<td id=\"Zelle223\">1200kg<\/td>\n<\/tr>\n<tr>\n<td id=\"Zelle224\">Art\u00edculo:<\/td>\n<td id=\"Zelle225\">4.082.10<\/td>\n<td id=\"Zelle226\">4.082.20<\/td>\n<td id=\"Zelle227\">4.082.30<\/td>\n<td id=\"Zelle228\">4.082.40<\/td>\n<\/tr>\n<\/tbody>\n<\/table>\n<\/div>\n<p>&nbsp;<\/p>\n<div id=\"Text78LYR\" class=\"TextObject\">\n<h2>Versi\u00f3n E reforzada:<\/h2>\n<\/div>\n<div id=\"Tabelle11LYR\">\n<table id=\"Tabelle11\" border=\"1\">\n<tbody>\n<tr>\n<td id=\"Zelle229\">Tama\u00f1o:<\/td>\n<td id=\"Zelle230\">D-700E+<\/td>\n<td id=\"Zelle231\">D-1000E+<\/td>\n<td id=\"Zelle232\">D-1400E+<\/td>\n<td id=\"Zelle233\">D-1800E+<\/td>\n<\/tr>\n<tr>\n<td id=\"Zelle234\">Anillo:<\/td>\n<td id=\"Zelle235\">700 mm<\/td>\n<td id=\"Zelle236\">1000 mm<\/td>\n<td id=\"Zelle237\">1400 mm<\/td>\n<td id=\"Zelle238\">1800 mm<\/td>\n<\/tr>\n<tr>\n<td id=\"Zelle239\">Cargando:<\/td>\n<td id=\"Zelle240\">1500kg<\/td>\n<td id=\"Zelle241\">3000kg<\/td>\n<td id=\"Zelle242\">4000kg<\/td>\n<td id=\"Zelle243\">5000kg<\/td>\n<\/tr>\n<tr>\n<td id=\"Zelle244\">Art\u00edculo:<\/td>\n<td id=\"Zelle245\">4.082.10.S<\/td>\n<td id=\"Zelle246\">4.082.20.S<\/td>\n<td id=\"Zelle247\">4.082.30.S<\/td>\n<td id=\"Zelle248\">4.082.40.S<\/td>\n<\/tr>\n<\/tbody>\n<\/table>\n<\/div>\n","protected":false},"featured_media":2692,"comment_status":"closed","ping_status":"closed","template":"","meta":[],"product_brand":[],"product_cat":[325],"product_tag":[],"class_list":{"0":"post-5407","1":"product","2":"type-product","3":"status-publish","4":"has-post-thumbnail","6":"product_cat-anillo-de-apriete","8":"first","9":"instock","10":"taxable","11":"shipping-taxable","12":"product-type-variable"},"_links":{"self":[{"href":"https:\/\/www.karl-wetzel.com\/es\/wp-json\/wp\/v2\/product\/5407","targetHints":{"allow":["GET"]}}],"collection":[{"href":"https:\/\/www.karl-wetzel.com\/es\/wp-json\/wp\/v2\/product"}],"about":[{"href":"https:\/\/www.karl-wetzel.com\/es\/wp-json\/wp\/v2\/types\/product"}],"replies":[{"embeddable":true,"href":"https:\/\/www.karl-wetzel.com\/es\/wp-json\/wp\/v2\/comments?post=5407"}],"wp:featuredmedia":[{"embeddable":true,"href":"https:\/\/www.karl-wetzel.com\/es\/wp-json\/wp\/v2\/media\/2692"}],"wp:attachment":[{"href":"https:\/\/www.karl-wetzel.com\/es\/wp-json\/wp\/v2\/media?parent=5407"}],"wp:term":[{"taxonomy":"product_brand","embeddable":true,"href":"https:\/\/www.karl-wetzel.com\/es\/wp-json\/wp\/v2\/product_brand?post=5407"},{"taxonomy":"product_cat","embeddable":true,"href":"https:\/\/www.karl-wetzel.com\/es\/wp-json\/wp\/v2\/product_cat?post=5407"},{"taxonomy":"product_tag","embeddable":true,"href":"https:\/\/www.karl-wetzel.com\/es\/wp-json\/wp\/v2\/product_tag?post=5407"}],"curies":[{"name":"wp","href":"https:\/\/api.w.org\/{rel}","templated":true}]}}