{"id":5377,"date":"2021-12-26T10:50:13","date_gmt":"2022-01-16T12:59:39","guid":{"rendered":"https:\/\/www.karl-wetzel.com\/produkt\/estacion-de-cambio\/"},"modified":"2025-05-05T12:12:44","modified_gmt":"2025-05-05T10:12:44","slug":"estacion-de-cambio","status":"publish","type":"product","link":"https:\/\/www.karl-wetzel.com\/es\/producto\/estacion-de-cambio\/","title":{"rendered":"estaci\u00f3n de cambio"},"content":{"rendered":"<p><strong>Especificaciones t\u00e9cnicas:<br \/>\n<\/strong><\/p>\n<ul>\n<li>Rango de sujeci\u00f3n: 200s: 15-140 | 350cc: 25-275 | 500: 95-380 mil\u00edmetros<\/li>\n<li>3 tijeras de sujeci\u00f3n<\/li>\n<li>Anillo de sujeci\u00f3n regulable en altura<\/li>\n<li>4 placas portacables<\/li>\n<li>Grabaciones para cinta de vendaje<\/li>\n<li>6 cajas de pedido<\/li>\n<li>regleta de alimentaci\u00f3n de 5 v\u00edas<\/li>\n<li>Cajonera con cerradura<\/li>\n<\/ul>\n","protected":false},"excerpt":{"rendered":"<h2>Cambio de estaciones 200 | 350 | 500<\/h2>\n<p>Nuestras estaciones de trabajo de bobinado est\u00e1n equipadas sobre la base de la experiencia pr\u00e1ctica y son adecuadas para reparaciones, cambios, pruebas o construcci\u00f3n de prototipos en el motor el\u00e9ctrico. El equipo se puede complementar y ampliar a voluntad seg\u00fan los deseos y requisitos del cliente. Por ejemplo, son posibles la iluminaci\u00f3n, las cajas de almacenamiento o las ediciones fijas adecuadas. H\u00e1blanos &#8230;<\/p>\n","protected":false},"featured_media":2704,"comment_status":"closed","ping_status":"closed","template":"","meta":[],"product_brand":[],"product_cat":[146],"product_tag":[],"class_list":{"0":"post-5377","1":"product","2":"type-product","3":"status-publish","4":"has-post-thumbnail","6":"product_cat-montaje","8":"first","9":"instock","10":"taxable","11":"shipping-taxable","12":"product-type-variable"},"_links":{"self":[{"href":"https:\/\/www.karl-wetzel.com\/es\/wp-json\/wp\/v2\/product\/5377","targetHints":{"allow":["GET"]}}],"collection":[{"href":"https:\/\/www.karl-wetzel.com\/es\/wp-json\/wp\/v2\/product"}],"about":[{"href":"https:\/\/www.karl-wetzel.com\/es\/wp-json\/wp\/v2\/types\/product"}],"replies":[{"embeddable":true,"href":"https:\/\/www.karl-wetzel.com\/es\/wp-json\/wp\/v2\/comments?post=5377"}],"wp:featuredmedia":[{"embeddable":true,"href":"https:\/\/www.karl-wetzel.com\/es\/wp-json\/wp\/v2\/media\/2704"}],"wp:attachment":[{"href":"https:\/\/www.karl-wetzel.com\/es\/wp-json\/wp\/v2\/media?parent=5377"}],"wp:term":[{"taxonomy":"product_brand","embeddable":true,"href":"https:\/\/www.karl-wetzel.com\/es\/wp-json\/wp\/v2\/product_brand?post=5377"},{"taxonomy":"product_cat","embeddable":true,"href":"https:\/\/www.karl-wetzel.com\/es\/wp-json\/wp\/v2\/product_cat?post=5377"},{"taxonomy":"product_tag","embeddable":true,"href":"https:\/\/www.karl-wetzel.com\/es\/wp-json\/wp\/v2\/product_tag?post=5377"}],"curies":[{"name":"wp","href":"https:\/\/api.w.org\/{rel}","templated":true}]}}