{"id":5353,"date":"2021-12-26T10:50:14","date_gmt":"2022-01-16T12:58:23","guid":{"rendered":"https:\/\/www.karl-wetzel.com\/produkt\/maquina-vertical\/"},"modified":"2022-05-08T11:46:52","modified_gmt":"2022-05-08T09:46:52","slug":"maquina-expendedora-vertical","status":"publish","type":"product","link":"https:\/\/www.karl-wetzel.com\/es\/producto\/maquina-expendedora-vertical\/","title":{"rendered":"m\u00e1quina vertical"},"content":{"rendered":"<p>La m\u00e1quina de inserci\u00f3n vertical de bobinas SPEZI es adecuada para la producci\u00f3n de series peque\u00f1as y medianas. Las bobinas se dibujan nivel por nivel o sin conmutaci\u00f3n.<\/p>\n<p><strong>Especificaciones t\u00e9cnicas:<\/strong><\/p>\n<table id=\"Tabelle9\" border=\"1\">\n<tbody>\n<tr>\n<td id=\"Zelle189\">Escribe:<\/td>\n<td id=\"Zelle190\">ESPECIAL 200<\/td>\n<td id=\"Zelle191\">ESPECIAL 350<\/td>\n<td id=\"Zelle192\">ESPECIAL 500<\/td>\n<\/tr>\n<tr>\n<td id=\"Zelle193\">capacidad de sujeci\u00f3n:<\/td>\n<td id=\"Zelle194\">15 mm a 100 mm<\/td>\n<td id=\"Zelle195\">25 mm a 225 mm<\/td>\n<td id=\"Zelle196\">90 mm a 340 mm<\/td>\n<\/tr>\n<tr>\n<td id=\"Zelle197\">Max. Longitud del paquete:<\/td>\n<td id=\"Zelle198\">150 mm<\/td>\n<td id=\"Zelle199\">150 mm<\/td>\n<td id=\"Zelle200\">250 mm<\/td>\n<\/tr>\n<tr>\n<td id=\"Zelle201\">Carrera de retracci\u00f3n <b>*<\/b> :<\/td>\n<td id=\"Zelle202\">300 mm<\/td>\n<td id=\"Zelle203\">300 mm<\/td>\n<td id=\"Zelle204\">500 mm<\/td>\n<\/tr>\n<tr>\n<td id=\"Zelle205\">Voltaje de conexi\u00f3n:<\/td>\n<td id=\"Zelle206\" colspan=\"3\">3x400V; 50Hz<\/td>\n<\/tr>\n<tr>\n<td id=\"Zelle209\">Dimensiones:<\/td>\n<td id=\"Zelle210\">155x90x210cm<\/td>\n<td id=\"Zelle211\">155x90x210cm<\/td>\n<td id=\"Zelle212\">180x110x230cm<\/td>\n<\/tr>\n<tr>\n<td id=\"Zelle213\">Peso:<\/td>\n<td id=\"Zelle214\">200kg<\/td>\n<td id=\"Zelle215\">230kg<\/td>\n<td id=\"Zelle216\">300kg<\/td>\n<\/tr>\n<tr>\n<td id=\"Zelle217\">Art\u00edculo No.:<\/td>\n<td id=\"Zelle218\">7.104.50<\/td>\n<td id=\"Zelle219\">7.104.60<\/td>\n<td id=\"Zelle220\">7.104.70<\/td>\n<\/tr>\n<\/tbody>\n<\/table>\n","protected":false},"excerpt":{"rendered":"<h2>Equipo:<\/h2>\n<ul>\n<li>herramienta de retracci\u00f3n<\/li>\n<li>agujas de dibujo<\/li>\n<\/ul>\n","protected":false},"featured_media":2731,"comment_status":"closed","ping_status":"closed","template":"","meta":[],"product_brand":[],"product_cat":[146],"product_tag":[],"class_list":{"0":"post-5353","1":"product","2":"type-product","3":"status-publish","4":"has-post-thumbnail","6":"product_cat-montaje","8":"first","9":"instock","10":"taxable","11":"shipping-taxable","12":"product-type-variable"},"_links":{"self":[{"href":"https:\/\/www.karl-wetzel.com\/es\/wp-json\/wp\/v2\/product\/5353","targetHints":{"allow":["GET"]}}],"collection":[{"href":"https:\/\/www.karl-wetzel.com\/es\/wp-json\/wp\/v2\/product"}],"about":[{"href":"https:\/\/www.karl-wetzel.com\/es\/wp-json\/wp\/v2\/types\/product"}],"replies":[{"embeddable":true,"href":"https:\/\/www.karl-wetzel.com\/es\/wp-json\/wp\/v2\/comments?post=5353"}],"wp:featuredmedia":[{"embeddable":true,"href":"https:\/\/www.karl-wetzel.com\/es\/wp-json\/wp\/v2\/media\/2731"}],"wp:attachment":[{"href":"https:\/\/www.karl-wetzel.com\/es\/wp-json\/wp\/v2\/media?parent=5353"}],"wp:term":[{"taxonomy":"product_brand","embeddable":true,"href":"https:\/\/www.karl-wetzel.com\/es\/wp-json\/wp\/v2\/product_brand?post=5353"},{"taxonomy":"product_cat","embeddable":true,"href":"https:\/\/www.karl-wetzel.com\/es\/wp-json\/wp\/v2\/product_cat?post=5353"},{"taxonomy":"product_tag","embeddable":true,"href":"https:\/\/www.karl-wetzel.com\/es\/wp-json\/wp\/v2\/product_tag?post=5353"}],"curies":[{"name":"wp","href":"https:\/\/api.w.org\/{rel}","templated":true}]}}