{"id":5332,"date":"2021-12-26T10:50:37","date_gmt":"2022-01-16T12:57:43","guid":{"rendered":"https:\/\/www.karl-wetzel.com\/produkt\/cambiarse-desvestirse\/"},"modified":"2022-11-03T09:04:42","modified_gmt":"2022-11-03T08:04:42","slug":"envolver-desvestir","status":"publish","type":"product","link":"https:\/\/www.karl-wetzel.com\/es\/producto\/envolver-desvestir\/","title":{"rendered":"Bobina anterior cerrada"},"content":{"rendered":"<p>El dispositivo de bobinado y extracci\u00f3n se utiliza para la producci\u00f3n de las denominadas bobinas de forma completa con arranque, como las que se utilizan para bobinados de tambor, para armaduras de CC y tambi\u00e9n para estatores de corriente trif\u00e1sica m\u00e1s grandes.<\/p>\n<p>Los dispositivos de bobinado y extensi\u00f3n con una longitud estirada de 500, 700 y 1000 mm se suministran en un dise\u00f1o de palanca, con una longitud estirada de m\u00e1s de 1000 mm en un dise\u00f1o de husillo.<\/p>\n<p><strong>Especificaciones t\u00e9cnicas:<\/strong><\/p>\n<table id=\"Tabelle2\" border=\"1\">\n<tbody>\n<tr>\n<td id=\"Zelle4\">Escribe<\/td>\n<td id=\"Zelle5\">500<\/td>\n<td id=\"Zelle6\">700<\/td>\n<td id=\"Zelle7\">1000<\/td>\n<td id=\"Zelle8\">1200<\/td>\n<td id=\"Zelle9\">1500<\/td>\n<td id=\"Zelle10\">2000<\/td>\n<\/tr>\n<tr>\n<td id=\"Zelle11\">longitud estirada \u00abA\u00bb [mm]<\/td>\n<td id=\"Zelle12\">130 &#8211; 500<\/td>\n<td id=\"Zelle13\">180 -700<\/td>\n<td id=\"Zelle14\">200 -1000<\/td>\n<td id=\"Zelle15\">235 &#8211; 1200<\/td>\n<td id=\"Zelle16\">260 &#8211; 1500<\/td>\n<td id=\"Zelle17\">280 &#8211; 2000<\/td>\n<\/tr>\n<tr>\n<td id=\"Zelle25\">longitud total [mm]<\/td>\n<td id=\"Zelle26\">660<\/td>\n<td id=\"Zelle27\">900<\/td>\n<td id=\"Zelle28\">1200<\/td>\n<td id=\"Zelle29\">1400<\/td>\n<td id=\"Zelle30\">1700<\/td>\n<td id=\"Zelle31\">2250<\/td>\n<\/tr>\n<tr>\n<td id=\"Zelle32\">Entrepierna \u201cB\u201d [mm]<\/td>\n<td id=\"Zelle33\">80 &#8211; 300<\/td>\n<td id=\"Zelle34\">100 &#8211; 400<\/td>\n<td id=\"Zelle35\">120 &#8211; 480<\/td>\n<td id=\"Zelle36\">150 &#8211; 500<\/td>\n<td id=\"Zelle37\">300 &#8211; 560<\/td>\n<td id=\"Zelle38\">300 &#8211; 710<\/td>\n<\/tr>\n<tr>\n<td id=\"Zelle46\">Max. longitud de hierro ajustable \u00abC\u00bb [mm]<\/td>\n<td id=\"Zelle47\">300<\/td>\n<td id=\"Zelle48\">400<\/td>\n<td id=\"Zelle49\">500<\/td>\n<td id=\"Zelle50\">630<\/td>\n<td id=\"Zelle51\">1100<\/td>\n<td id=\"Zelle52\">1200<\/td>\n<\/tr>\n<tr>\n<td id=\"Zelle53\">leva[mm] :<\/td>\n<td id=\"Zelle54\">25&#215;6<\/td>\n<td id=\"Zelle55\">30&#215;8<\/td>\n<td id=\"Zelle56\">30&#215;10<\/td>\n<td id=\"Zelle57\">30&#215;10<\/td>\n<td id=\"Zelle58\">\u00d8 30<\/td>\n<td id=\"Zelle59\">\u00d8 30<\/td>\n<\/tr>\n<tr>\n<td id=\"Zelle60\">radio de leva[mm] :<\/td>\n<td id=\"Zelle61\">3<\/td>\n<td id=\"Zelle62\">4<\/td>\n<td id=\"Zelle63\">5<\/td>\n<td id=\"Zelle64\">5<\/td>\n<td id=\"Zelle65\">15<\/td>\n<td id=\"Zelle66\">15<\/td>\n<\/tr>\n<tr>\n<td id=\"Zelle67\">Peso[kg] :<\/td>\n<td id=\"Zelle68\">40<\/td>\n<td id=\"Zelle69\">75<\/td>\n<td id=\"Zelle70\">150<\/td>\n<td id=\"Zelle71\">185<\/td>\n<td id=\"Zelle72\">220<\/td>\n<td id=\"Zelle73\">295<\/td>\n<\/tr>\n<tr>\n<td id=\"Zelle74\">N \u00ba de pedido.:<\/td>\n<td id=\"Zelle75\">2.060.10<\/td>\n<td id=\"Zelle76\">2.060.20<\/td>\n<td id=\"Zelle77\">2.060.30<\/td>\n<td id=\"Zelle78\">2.060.40<\/td>\n<td id=\"Zelle79\">2.060.50<\/td>\n<td id=\"Zelle80\">2.060.60<\/td>\n<\/tr>\n<\/tbody>\n<\/table>\n<p><strong> <\/strong><\/p>\n","protected":false},"excerpt":{"rendered":"<h2>Ejecuci\u00f3n:<\/h2>\n<table id=\"Tabelle3\" border=\"1\">\n<tbody>\n<tr>\n<td id=\"Zelle88\">descripci\u00f3n<\/td>\n<td id=\"Zelle87\">Art\u00edculo No.<\/td>\n<\/tr>\n<tr>\n<td id=\"Zelle81\">Dispositivo de bobinado y extracci\u00f3n 500 mm<\/td>\n<td id=\"Zelle82\">2.060.10<\/td>\n<\/tr>\n<tr>\n<td id=\"Zelle83\">Dispositivo de bobinado y extracci\u00f3n 700 mm<\/td>\n<td id=\"Zelle84\">2.060.20<\/td>\n<\/tr>\n<tr>\n<td id=\"Zelle83\">Dispositivo de bobinado y extracci\u00f3n 1000 mm<\/td>\n<td id=\"Zelle84\">2.060.30<\/td>\n<\/tr>\n<tr>\n<td id=\"Zelle83\">Dispositivo enrollador y extensible 1200 mm<\/td>\n<td id=\"Zelle84\">2.060.40<\/td>\n<\/tr>\n<tr>\n<td id=\"Zelle83\">Dispositivo enrollador y extensible 1500 mm<\/td>\n<td id=\"Zelle84\">2.060.50<\/td>\n<\/tr>\n<tr>\n<td id=\"Zelle83\">Dispositivo de bobinado y extracci\u00f3n 2000 mm<\/td>\n<td id=\"Zelle84\">2.060.60<\/td>\n<\/tr>\n<\/tbody>\n<\/table>\n<h2>Equipo:<\/h2>\n<table id=\"Tabelle3\" border=\"1\">\n<tbody>\n<tr>\n<td id=\"Zelle88\">descripci\u00f3n<\/td>\n<td id=\"Zelle87\">Art\u00edculo No.<\/td>\n<\/tr>\n<tr>\n<td id=\"Zelle81\">Unidad \u00fanica (sin motor)<\/td>\n<td id=\"Zelle82\">2.062.10<\/td>\n<\/tr>\n<tr>\n<td id=\"Zelle83\">Accionamiento reforzado (sin motor)<\/td>\n<td id=\"Zelle84\">2.062.20<\/td>\n<\/tr>\n<tr>\n<td id=\"Zelle83\">Subchasis para accionamiento individual<\/td>\n<td id=\"Zelle84\">2.062.30<\/td>\n<\/tr>\n<tr>\n<td id=\"Zelle83\">Bastidor inferior para una mayor conducci\u00f3n<\/td>\n<td id=\"Zelle84\">2.062.35<\/td>\n<\/tr>\n<tr>\n<td id=\"Zelle83\">Placa frontal \u00d8 400 mm con contraplaca<\/td>\n<td id=\"Zelle84\">2.062.70<\/td>\n<\/tr>\n<tr>\n<td id=\"Zelle83\">Motorreductor con freno de polos conmutables<br \/>\ncon interruptor de pie instalado en la unidad no.<br \/>\n2.062.10\/2.062.20 o 2.062.30\/2.062.35<\/td>\n<td id=\"Zelle84\">2.062.80<\/td>\n<\/tr>\n<\/tbody>\n<\/table>\n","protected":false},"featured_media":2734,"comment_status":"closed","ping_status":"closed","template":"","meta":[],"product_brand":[],"product_cat":[204],"product_tag":[],"class_list":{"0":"post-5332","1":"product","2":"type-product","3":"status-publish","4":"has-post-thumbnail","6":"product_cat-formarbobinas","8":"first","9":"instock","10":"taxable","11":"shipping-taxable","12":"product-type-variable"},"_links":{"self":[{"href":"https:\/\/www.karl-wetzel.com\/es\/wp-json\/wp\/v2\/product\/5332","targetHints":{"allow":["GET"]}}],"collection":[{"href":"https:\/\/www.karl-wetzel.com\/es\/wp-json\/wp\/v2\/product"}],"about":[{"href":"https:\/\/www.karl-wetzel.com\/es\/wp-json\/wp\/v2\/types\/product"}],"replies":[{"embeddable":true,"href":"https:\/\/www.karl-wetzel.com\/es\/wp-json\/wp\/v2\/comments?post=5332"}],"wp:featuredmedia":[{"embeddable":true,"href":"https:\/\/www.karl-wetzel.com\/es\/wp-json\/wp\/v2\/media\/2734"}],"wp:attachment":[{"href":"https:\/\/www.karl-wetzel.com\/es\/wp-json\/wp\/v2\/media?parent=5332"}],"wp:term":[{"taxonomy":"product_brand","embeddable":true,"href":"https:\/\/www.karl-wetzel.com\/es\/wp-json\/wp\/v2\/product_brand?post=5332"},{"taxonomy":"product_cat","embeddable":true,"href":"https:\/\/www.karl-wetzel.com\/es\/wp-json\/wp\/v2\/product_cat?post=5332"},{"taxonomy":"product_tag","embeddable":true,"href":"https:\/\/www.karl-wetzel.com\/es\/wp-json\/wp\/v2\/product_tag?post=5332"}],"curies":[{"name":"wp","href":"https:\/\/api.w.org\/{rel}","templated":true}]}}