{"id":5279,"date":"2021-12-26T10:50:38","date_gmt":"2021-12-26T09:50:38","guid":{"rendered":"https:\/\/www.karl-wetzel.com\/produkt\/iso-corte-tipo-d-e\/"},"modified":"2025-12-03T11:30:00","modified_gmt":"2025-12-03T10:30:00","slug":"iso-cutting-type-es","status":"publish","type":"product","link":"https:\/\/www.karl-wetzel.com\/es\/producto\/iso-cutting-type-es\/","title":{"rendered":"IsoCut A + B + C"},"content":{"rendered":"<p>El cortador de papel es una construcci\u00f3n robusta totalmente met\u00e1lica. Los cuchillos de acero Solingen se pueden reafilar. La base es est\u00e1ndar y tiene una mesa auxiliar plegable en el lado derecho. El material se sujeta con la presi\u00f3n del pedal. El tope trasero es infinitamente ajustable. El tope delantero, que est\u00e1 equipado con un dispositivo de corte estrecho, se extiende mediante un bot\u00f3n giratorio. El guardamanos fijo est\u00e1 hecho de plexigl\u00e1s irrompible.<\/p>\n","protected":false},"excerpt":{"rendered":"<h2>Especificaciones t\u00e9cnicas:<\/h2>\n<table style=\"height: 370px;\" width=\"682\">\n<tbody>\n<tr>\n<td width=\"119\">Tipo:<\/td>\n<td width=\"143\">A<\/td>\n<td width=\"143\">B<\/td>\n<td width=\"143\">do<\/td>\n<\/tr>\n<tr>\n<td>Longitud de corte:<\/td>\n<td>385 mil\u00edmetros<\/td>\n<td>580 mil\u00edmetros<\/td>\n<td>1110 mil\u00edmetros<\/td>\n<\/tr>\n<tr>\n<td width=\"119\">Rendimiento de corte:<br \/>\n DIN A4 70 g\/m2<\/td>\n<td>50 hojas<\/td>\n<td>40 hojas<\/td>\n<td>20 hojas<\/td>\n<\/tr>\n<tr>\n<td>Tama\u00f1o de la mesa (An x Pr)<\/td>\n<td>356 x 403 mil\u00edmetros<\/td>\n<td>356 x 604 mil\u00edmetros<\/td>\n<td>760 x 1100 mil\u00edmetros<\/td>\n<\/tr>\n<tr>\n<td>Protecci\u00f3n de las manos:<\/td>\n<td>autom\u00e1ticamente<\/td>\n<td>autom\u00e1ticamente<\/td>\n<td>autom\u00e1ticamente<\/td>\n<\/tr>\n<tr>\n<td>Prensado de papel:<\/td>\n<td>a mano<\/td>\n<td>a mano<\/td>\n<td>a mano<\/td>\n<\/tr>\n<tr>\n<td>Color:<\/td>\n<td>gris claro<\/td>\n<td>gris claro<\/td>\n<td>gris claro<\/td>\n<\/tr>\n<tr>\n<td width=\"119\">Dimensiones:<br \/>\n (Ancho x Profundidad x Alto):<\/td>\n<td>410 x 575 x 260 mm<\/td>\n<td>410 x 790 x 260 mm<\/td>\n<td>1360 x 830 x 1390 mm<\/td>\n<\/tr>\n<tr>\n<td>Peso:<\/td>\n<td>9 kilos<\/td>\n<td>14 kilos<\/td>\n<td>60 kilos<\/td>\n<\/tr>\n<tr>\n<td>N.\u00ba de pedido:<\/td>\n<td>9.455,00<\/td>\n<td>9.455,20<\/td>\n<td>9.455,40<\/td>\n<\/tr>\n<\/tbody>\n<\/table>\n","protected":false},"featured_media":12961,"comment_status":"closed","ping_status":"closed","template":"","meta":[],"product_brand":[],"product_cat":[314],"product_tag":[],"class_list":{"0":"post-5279","1":"product","2":"type-product","3":"status-publish","4":"has-post-thumbnail","6":"product_cat-corte","8":"first","9":"instock","10":"taxable","11":"shipping-taxable","12":"product-type-variable"},"_links":{"self":[{"href":"https:\/\/www.karl-wetzel.com\/es\/wp-json\/wp\/v2\/product\/5279","targetHints":{"allow":["GET"]}}],"collection":[{"href":"https:\/\/www.karl-wetzel.com\/es\/wp-json\/wp\/v2\/product"}],"about":[{"href":"https:\/\/www.karl-wetzel.com\/es\/wp-json\/wp\/v2\/types\/product"}],"replies":[{"embeddable":true,"href":"https:\/\/www.karl-wetzel.com\/es\/wp-json\/wp\/v2\/comments?post=5279"}],"wp:featuredmedia":[{"embeddable":true,"href":"https:\/\/www.karl-wetzel.com\/es\/wp-json\/wp\/v2\/media\/12961"}],"wp:attachment":[{"href":"https:\/\/www.karl-wetzel.com\/es\/wp-json\/wp\/v2\/media?parent=5279"}],"wp:term":[{"taxonomy":"product_brand","embeddable":true,"href":"https:\/\/www.karl-wetzel.com\/es\/wp-json\/wp\/v2\/product_brand?post=5279"},{"taxonomy":"product_cat","embeddable":true,"href":"https:\/\/www.karl-wetzel.com\/es\/wp-json\/wp\/v2\/product_cat?post=5279"},{"taxonomy":"product_tag","embeddable":true,"href":"https:\/\/www.karl-wetzel.com\/es\/wp-json\/wp\/v2\/product_tag?post=5279"}],"curies":[{"name":"wp","href":"https:\/\/api.w.org\/{rel}","templated":true}]}}