{"id":5256,"date":"2021-12-26T10:50:38","date_gmt":"2022-01-16T12:55:09","guid":{"rendered":"https:\/\/www.karl-wetzel.com\/produkt\/cizalla-guillotina-isocut-d\/"},"modified":"2025-04-09T13:00:34","modified_gmt":"2025-04-09T11:00:34","slug":"guillotina-tijeras-isocut-d","status":"publish","type":"product","link":"https:\/\/www.karl-wetzel.com\/es\/producto\/guillotina-tijeras-isocut-d\/","title":{"rendered":"Cizalla guillotina IsoCut D"},"content":{"rendered":"<ul>\n<li>Los cuchillos est\u00e1n hechos de acero para herramientas nitrado y se pueden volver a afilar.<\/li>\n<li>La base tiene una construcci\u00f3n pesada para garantizar la estabilidad y el rendimiento de corte.<\/li>\n<li>El almacenamiento consta de 2 rodamientos de rodillos c\u00f3nicos que son ajustables<\/li>\n<li>La abrazadera de la mesa siempre est\u00e1 pretensada por resortes y se libera mediante el pedal.<\/li>\n<li>Despu\u00e9s del ajuste, la abrazadera de la mesa baja autom\u00e1ticamente el tope delantero.<\/li>\n<li>El tope de papel delantero y trasero se puede mover suave y suavemente.<\/li>\n<li>Apto para zurdos y diestros.<\/li>\n<li>Muy alta precisi\u00f3n de repetici\u00f3n.<\/li>\n<\/ul>\n<p><span style=\"color: #ff0000;\"><strong>Aqu\u00ed est\u00e1n nuestros videos sobre las tijeras de guillotina:<\/strong><\/span><\/p>\n<p><a href=\"https:\/\/www.youtube.com\/playlist?list=PLga7aj3HB7vsY6_n4EUfs3RX5jE6v7SYl\" target=\"_blank\" rel=\"noopener\">Corte | Tijeras guillotina ISO Cut D &#8211; YouTube<\/a><\/p>\n<p>&nbsp;<\/p>\n<h2><span style=\"font-size: 16px;\">Especificaciones t\u00e9cnicas :<\/span><\/h2>\n<table style=\"border-collapse: collapse; width: 363px; height: 104px;\" border=\"0\" width=\"240\" cellspacing=\"0\" cellpadding=\"0\">\n<tbody>\n<tr style=\"height: 12.75pt;\">\n<td class=\"xl22\" style=\"height: 12.75pt; width: 60pt;\" width=\"80\" height=\"17\">Longitud de corte<\/td>\n<td class=\"xl22\" style=\"border-left: none; width: 60pt;\" width=\"80\">Ancho de la mesa<\/td>\n<td class=\"xl22\" style=\"border-left: none; width: 60pt;\" width=\"80\">Art\u00edculo N\u00b0<\/td>\n<\/tr>\n<tr style=\"height: 12.75pt;\">\n<td class=\"xl22\" style=\"height: 12.75pt; border-top: none;\" height=\"17\">120 cent\u00edmetros<\/td>\n<td class=\"xl22\" style=\"border-top: none; border-left: none;\">100 cent\u00edmetros<\/td>\n<td class=\"xl22\" style=\"border-top: none; border-left: none;\">3.606.12<\/td>\n<\/tr>\n<tr style=\"height: 12.75pt;\">\n<td class=\"xl22\" style=\"height: 12.75pt; border-top: none;\" height=\"17\">160 cent\u00edmetros<\/td>\n<td class=\"xl22\" style=\"border-top: none; border-left: none;\">100 cent\u00edmetros<\/td>\n<td class=\"xl22\" style=\"border-top: none; border-left: none;\">3.606,16<\/td>\n<\/tr>\n<\/tbody>\n<\/table>\n<p>&nbsp;<\/p>\n<p>&nbsp;<\/p>\n<p>&nbsp;<\/p>\n","protected":false},"excerpt":{"rendered":"<p>Las cizallas de guillotina para papel aislante, recientemente desarrolladas en 2021, son m\u00e1quinas robustas, resistentes al desgaste y s\u00f3lidas para procesar papel aislante. Incorporamos algunas innovaciones y detalles del trabajo pr\u00e1ctico en el dise\u00f1o.<\/p>\n<p><strong><span style=\"color: #ff0000;\">Aqu\u00ed est\u00e1n los videos de las tijeras de guillotina:<\/span><\/strong><\/p>\n<p><a href=\"https:\/\/www.youtube.com\/playlist?list=PLga7aj3HB7vsY6_n4EUfs3RX5jE6v7SYl\">Corte | Tijeras guillotina ISO Cut D &#8211; YouTube<\/a><\/p>\n","protected":false},"featured_media":10388,"comment_status":"open","ping_status":"closed","template":"","meta":[],"product_brand":[],"product_cat":[314],"product_tag":[115,119,124,127,129],"class_list":{"0":"post-5256","1":"product","2":"type-product","3":"status-publish","4":"has-post-thumbnail","6":"product_cat-corte","7":"product_tag-isolationspapier-es","8":"product_tag-pappschere-es","9":"product_tag-schlagschere-es","10":"product_tag-schneidmaschine-es","11":"product_tag-tafelschere-es","13":"first","14":"instock","15":"taxable","16":"shipping-taxable","17":"product-type-variable"},"_links":{"self":[{"href":"https:\/\/www.karl-wetzel.com\/es\/wp-json\/wp\/v2\/product\/5256","targetHints":{"allow":["GET"]}}],"collection":[{"href":"https:\/\/www.karl-wetzel.com\/es\/wp-json\/wp\/v2\/product"}],"about":[{"href":"https:\/\/www.karl-wetzel.com\/es\/wp-json\/wp\/v2\/types\/product"}],"replies":[{"embeddable":true,"href":"https:\/\/www.karl-wetzel.com\/es\/wp-json\/wp\/v2\/comments?post=5256"}],"wp:featuredmedia":[{"embeddable":true,"href":"https:\/\/www.karl-wetzel.com\/es\/wp-json\/wp\/v2\/media\/10388"}],"wp:attachment":[{"href":"https:\/\/www.karl-wetzel.com\/es\/wp-json\/wp\/v2\/media?parent=5256"}],"wp:term":[{"taxonomy":"product_brand","embeddable":true,"href":"https:\/\/www.karl-wetzel.com\/es\/wp-json\/wp\/v2\/product_brand?post=5256"},{"taxonomy":"product_cat","embeddable":true,"href":"https:\/\/www.karl-wetzel.com\/es\/wp-json\/wp\/v2\/product_cat?post=5256"},{"taxonomy":"product_tag","embeddable":true,"href":"https:\/\/www.karl-wetzel.com\/es\/wp-json\/wp\/v2\/product_tag?post=5256"}],"curies":[{"name":"wp","href":"https:\/\/api.w.org\/{rel}","templated":true}]}}