{"id":5134,"date":"2021-12-26T10:51:02","date_gmt":"2022-01-16T12:48:43","guid":{"rendered":"https:\/\/www.karl-wetzel.com\/produkt\/tira-sam-80\/"},"modified":"2023-09-28T07:57:14","modified_gmt":"2023-09-28T05:57:14","slug":"tira-sam-80","status":"publish","type":"product","link":"https:\/\/www.karl-wetzel.com\/es\/producto\/tira-sam-80\/","title":{"rendered":"M\u00e1quina peladora estacionaria SAM 80"},"content":{"rendered":"<p>La m\u00e1quina de pelado estacionaria se utiliza para eliminar el trenzado y la capa de pintura en los extremos de conmutaci\u00f3n de bobinas completamente formadas, tirantes, hilos prensados, independientemente de si tienen una secci\u00f3n transversal redonda o rectangular. Esta m\u00e1quina ha demostrado su eficacia especialmente para desmontar tirantes de bobinados defectuosos, ya que ya no es necesario quemarlos y, por lo tanto, no hay riesgo de que el esta\u00f1o restante se ale\u00e9 con el cobre y provoque que la varilla se vuelva quebradiza en fr\u00edo. Los cables de fibra de vidrio tambi\u00e9n se pueden pelar perfectamente para soldar.<\/p>\n<p>La secci\u00f3n transversal del cable se puede ajustar sin escalonamientos mediante un volante. Tambi\u00e9n hay dos topes para que la longitud y el ancho se puedan ajustar para una secci\u00f3n transversal rectangular. La longitud de pelado est\u00e1 limitada por un tope que se puede ajustar infinitamente.<\/p>\n<p>El polvo del cepillo se acumula en un saco mediante un dispositivo de succi\u00f3n (opcional).<\/p>\n<p>Con un interruptor inversor (opcional) es posible trabajar tanto en la misma direcci\u00f3n como en la direcci\u00f3n opuesta. Este dispositivo es muy \u00fatil para secciones transversales m\u00e1s grandes, ya que el tir\u00f3n es particularmente fuerte en la direcci\u00f3n opuesta. En sincronismo, en cambio, el tren est\u00e1 pr\u00e1cticamente compensado.<\/p>\n<p><strong>Especificaciones t\u00e9cnicas:<\/strong><\/p>\n<table id=\"Tabelle12\" border=\"1\">\n<tbody>\n<tr>\n<td id=\"Zelle281\">dimensi\u00f3n del alambre:<\/td>\n<td id=\"Zelle282\">desde 1mm<\/td>\n<\/tr>\n<tr>\n<td id=\"Zelle283\">secci\u00f3n transversal del cable:<\/td>\n<td id=\"Zelle284\">redondo y cuadrado<\/td>\n<\/tr>\n<tr>\n<td id=\"Zelle285\">Cepillo pelacables utilizable:<\/td>\n<td id=\"Zelle286\">SA80<\/td>\n<\/tr>\n<tr>\n<td id=\"Zelle287\">Tope de longitud (longitud de pelado):<\/td>\n<td id=\"Zelle288\">aproximadamente 20 a 150 mm<\/td>\n<\/tr>\n<tr>\n<td id=\"Zelle289\">N\u00famero de paradas para la altura de pelado:<\/td>\n<td id=\"Zelle290\">2 piezas<\/td>\n<\/tr>\n<tr>\n<td id=\"Zelle296\">Pintura:<\/td>\n<td id=\"Zelle295\">azul amarillo<\/td>\n<\/tr>\n<tr>\n<td id=\"Zelle291\">Conexi\u00f3n el\u00e9ctrica:<\/td>\n<td id=\"Zelle292\">Voltaje: 400V 50Hz<\/td>\n<\/tr>\n<tr>\n<td id=\"Zelle293\">Art\u00edculo No.:<\/td>\n<td id=\"Zelle294\">5.084.40<\/td>\n<\/tr>\n<\/tbody>\n<\/table>\n<div id=\"Tabelle12LYR\">\n<div id=\"Tabelle13LYR\"><\/div>\n<\/div>\n","protected":false},"excerpt":{"rendered":"<div id=\"Text72LYR\" class=\"TextObject\">\n<h2>Consumibles (cepillos de alambre):<\/h2>\n<\/div>\n<div id=\"Tabelle15LYR\">\n<table id=\"Tabelle15\" border=\"1\">\n<tbody>\n<tr>\n<td id=\"Zelle433\">exterior \u00f8<\/td>\n<td id=\"Zelle434\">amplio<\/td>\n<td id=\"Zelle435\">interior \u00f8<\/td>\n<td id=\"Zelle436\">fuerza del alambre<\/td>\n<td id=\"Zelle437\">Art\u00edculo No.<\/td>\n<\/tr>\n<tr>\n<td id=\"Zelle438\">80<\/td>\n<td id=\"Zelle439\">40<\/td>\n<td id=\"Zelle440\">16<\/td>\n<td id=\"Zelle441\">0,10<\/td>\n<td id=\"Zelle442\">5.084.41<\/td>\n<\/tr>\n<tr>\n<td id=\"Zelle443\">80<\/td>\n<td id=\"Zelle444\">40<\/td>\n<td id=\"Zelle445\">16<\/td>\n<td id=\"Zelle446\">0,20<\/td>\n<td id=\"Zelle447\">5.084.42<\/td>\n<\/tr>\n<tr>\n<td id=\"Zelle448\">80<\/td>\n<td id=\"Zelle449\">40<\/td>\n<td id=\"Zelle450\">16<\/td>\n<td id=\"Zelle451\">0,25<\/td>\n<td id=\"Zelle452\">5.084.43<\/td>\n<\/tr>\n<tr>\n<td id=\"Zelle453\">80<\/td>\n<td id=\"Zelle454\">40<\/td>\n<td id=\"Zelle455\">16<\/td>\n<td id=\"Zelle456\">0,30<\/td>\n<td id=\"Zelle457\">5.084.44<\/td>\n<\/tr>\n<tr>\n<td id=\"Zelle458\">80<\/td>\n<td id=\"Zelle459\">40<\/td>\n<td id=\"Zelle460\">16<\/td>\n<td id=\"Zelle461\">0,35<\/td>\n<td id=\"Zelle462\">5.084.45<\/td>\n<\/tr>\n<tr>\n<td id=\"Zelle463\">80<\/td>\n<td id=\"Zelle464\">40<\/td>\n<td id=\"Zelle465\">16<\/td>\n<td id=\"Zelle466\">0,40<\/td>\n<td id=\"Zelle467\">5.084.46<\/td>\n<\/tr>\n<\/tbody>\n<\/table>\n<p><strong>Accesorios especiales:<\/strong><\/p>\n<div id=\"Tabelle12LYR\">\n<div id=\"Tabelle13LYR\">Dispositivo de extracci\u00f3n completamente montado en la m\u00e1quina (art\u00edculo n.\u00b0 5.084.52)<\/div>\n<\/div>\n<\/div>\n","protected":false},"featured_media":2845,"comment_status":"closed","ping_status":"closed","template":"","meta":[],"product_brand":[],"product_cat":[163],"product_tag":[],"class_list":{"0":"post-5134","1":"product","2":"type-product","3":"status-publish","4":"has-post-thumbnail","6":"product_cat-pelar","8":"first","9":"instock","10":"taxable","11":"shipping-taxable","12":"product-type-simple"},"_links":{"self":[{"href":"https:\/\/www.karl-wetzel.com\/es\/wp-json\/wp\/v2\/product\/5134","targetHints":{"allow":["GET"]}}],"collection":[{"href":"https:\/\/www.karl-wetzel.com\/es\/wp-json\/wp\/v2\/product"}],"about":[{"href":"https:\/\/www.karl-wetzel.com\/es\/wp-json\/wp\/v2\/types\/product"}],"replies":[{"embeddable":true,"href":"https:\/\/www.karl-wetzel.com\/es\/wp-json\/wp\/v2\/comments?post=5134"}],"wp:featuredmedia":[{"embeddable":true,"href":"https:\/\/www.karl-wetzel.com\/es\/wp-json\/wp\/v2\/media\/2845"}],"wp:attachment":[{"href":"https:\/\/www.karl-wetzel.com\/es\/wp-json\/wp\/v2\/media?parent=5134"}],"wp:term":[{"taxonomy":"product_brand","embeddable":true,"href":"https:\/\/www.karl-wetzel.com\/es\/wp-json\/wp\/v2\/product_brand?post=5134"},{"taxonomy":"product_cat","embeddable":true,"href":"https:\/\/www.karl-wetzel.com\/es\/wp-json\/wp\/v2\/product_cat?post=5134"},{"taxonomy":"product_tag","embeddable":true,"href":"https:\/\/www.karl-wetzel.com\/es\/wp-json\/wp\/v2\/product_tag?post=5134"}],"curies":[{"name":"wp","href":"https:\/\/api.w.org\/{rel}","templated":true}]}}