{"id":5026,"date":"2021-12-26T10:51:03","date_gmt":"2022-01-16T12:43:22","guid":{"rendered":"https:\/\/www.karl-wetzel.com\/produkt\/tira-hq30-35\/"},"modified":"2025-04-07T09:12:26","modified_gmt":"2025-04-07T07:12:26","slug":"tira-hq30-35","status":"publish","type":"product","link":"https:\/\/www.karl-wetzel.com\/es\/producto\/tira-hq30-35\/","title":{"rendered":"Tira HQ30\/35"},"content":{"rendered":"<p>Las pelacables HQ30 y HQ35P se utilizan para pelar alambres redondos esmaltados y cobre plano. El cable se pela entre dos cepillos giratorios. La distancia entre los cepillos se puede ajustar infinitamente.<\/p>\n<p>Las desforradoras HQ30 y HQ35P son guiadas a mano.<\/p>\n<p>La m\u00e1quina pelacables HQ30 es especialmente adecuada para cables m\u00e1s finos. El alambre se introduce en la m\u00e1quina mediante cepillos que giran en sentido contrario. La m\u00e1quina pelacables HQ35P es adecuada para alambres redondos y planos gruesos. Los cepillos paralelos no generan fuerzas de tracci\u00f3n en el alambre.<\/p>\n<p>Inserte el alambre esmaltado, g\u00edrelo 90 grados, s\u00e1quelo y listo. Al insertar el cable desde el costado, el aislamiento tambi\u00e9n se puede pelar en el medio del cable (golpeteo).<\/p>\n<p>Con diferentes cepillos, la calidad de pelado se puede adaptar y optimizar al di\u00e1metro del cable y al material de aislamiento.<\/p>\n<p><strong>Especificaciones t\u00e9cnicas:<\/strong><\/p>\n<table>\n<tbody>\n<tr>\n<td><strong>m\u00e1quina<\/strong><\/td>\n<td><strong>Cuartel general 30<\/strong><\/td>\n<td><strong>HQ35P<\/strong><\/td>\n<\/tr>\n<tr>\n<td>Dimensiones del cable:<\/td>\n<td>0,15 a 3,0 mm<\/td>\n<td>1,0 a 6,0 mm<\/td>\n<\/tr>\n<tr>\n<td>Secci\u00f3n transversal del cable:<\/td>\n<td>Alrededor<\/td>\n<td>Redondos y rectangulares<\/td>\n<\/tr>\n<tr>\n<td>Di\u00e1metro de los cepillos:<\/td>\n<td>30 mil\u00edmetros<\/td>\n<td>35 mil\u00edmetros<\/td>\n<\/tr>\n<tr>\n<td>Conexi\u00f3n el\u00e9ctrica:<\/td>\n<td>230 voltios; 50 Hz<\/td>\n<td>230 voltios; 50 Hz<\/td>\n<\/tr>\n<tr>\n<td>Peso:<\/td>\n<td>2,1 kilogramos<\/td>\n<td>2,4 kilogramos<\/td>\n<\/tr>\n<tr>\n<td>Art\u00edculo N\u00b0:<\/td>\n<td>5.084,10<\/td>\n<td>5.084,20<\/td>\n<\/tr>\n<\/tbody>\n<\/table>\n","protected":false},"excerpt":{"rendered":"<div id=\"Text72LYR\" class=\"TextObject\">\n<h2>Consumibles (cepillos de alambre):<\/h2>\n<\/div>\n<div id=\"Tabelle15LYR\">\n<div id=\"Text53LYR\" class=\"TextObject\">\n<h2>Cepillos de alambre para HQ 30:<\/h2>\n<\/div>\n<div id=\"Tabelle13LYR\">\n<table style=\"border-collapse: collapse; width: 300pt;\" border=\"0\" width=\"400\" cellspacing=\"0\" cellpadding=\"0\">\n<tbody>\n<tr style=\"height: 12.75pt;\">\n<td id=\"Zelle346\" class=\"xl22\" style=\"height: 12.75pt; width: 60pt;\" width=\"80\" height=\"17\">\u00f8 exterior<\/td>\n<td id=\"Zelle347\" class=\"xl22\" style=\"border-left: none; width: 60pt;\" width=\"80\">Ancho<\/td>\n<td id=\"Zelle348\" class=\"xl22\" style=\"border-left: none; width: 60pt;\" width=\"80\">\u00f8 interior<\/td>\n<td id=\"Zelle349\" class=\"xl22\" style=\"border-left: none; width: 60pt;\" width=\"80\">Grosor del alambre<\/td>\n<td id=\"Zelle350\" class=\"xl22\" style=\"border-left: none; width: 60pt;\" width=\"80\">Art\u00edculo N\u00b0<\/td>\n<\/tr>\n<tr style=\"height: 12.75pt;\">\n<td id=\"Zelle351\" class=\"xl22\" style=\"height: 12.75pt; border-top: none; width: 60pt;\" align=\"right\" width=\"80\" height=\"17\">30<\/td>\n<td id=\"Zelle352\" class=\"xl22\" style=\"border-top: none; border-left: none; width: 60pt;\" align=\"right\" width=\"80\">20<\/td>\n<td id=\"Zelle353\" class=\"xl22\" style=\"border-top: none; border-left: none; width: 60pt;\" align=\"right\" width=\"80\">6<\/td>\n<td id=\"Zelle354\" class=\"xl22\" style=\"border-top: none; border-left: none; width: 60pt;\" align=\"right\" width=\"80\">0.06<\/td>\n<td id=\"Zelle355\" class=\"xl22\" style=\"border-top: none; border-left: none; width: 60pt;\" width=\"80\">5.084.11<\/td>\n<\/tr>\n<tr style=\"height: 12.75pt;\">\n<td id=\"Zelle371\" class=\"xl22\" style=\"height: 12.75pt; border-top: none; width: 60pt;\" align=\"right\" width=\"80\" height=\"17\">30<\/td>\n<td id=\"Zelle372\" class=\"xl22\" style=\"border-top: none; border-left: none; width: 60pt;\" align=\"right\" width=\"80\">20<\/td>\n<td id=\"Zelle373\" class=\"xl22\" style=\"border-top: none; border-left: none; width: 60pt;\" align=\"right\" width=\"80\">6<\/td>\n<td id=\"Zelle374\" class=\"xl22\" style=\"border-top: none; border-left: none; width: 60pt;\" align=\"right\" width=\"80\">0.08<\/td>\n<td id=\"Zelle375\" class=\"xl22\" style=\"border-top: none; border-left: none; width: 60pt;\" width=\"80\">5.084,12<\/td>\n<\/tr>\n<tr style=\"height: 12.75pt;\">\n<td id=\"Zelle376\" class=\"xl22\" style=\"height: 12.75pt; border-top: none; width: 60pt;\" align=\"right\" width=\"80\" height=\"17\">30<\/td>\n<td id=\"Zelle377\" class=\"xl22\" style=\"border-top: none; border-left: none; width: 60pt;\" align=\"right\" width=\"80\">20<\/td>\n<td id=\"Zelle378\" class=\"xl22\" style=\"border-top: none; border-left: none; width: 60pt;\" align=\"right\" width=\"80\">6<\/td>\n<td id=\"Zelle379\" class=\"xl23\" style=\"border-top: none; border-left: none; width: 60pt;\" align=\"right\" width=\"80\">0.10<\/td>\n<td id=\"Zelle380\" class=\"xl22\" style=\"border-top: none; border-left: none; width: 60pt;\" width=\"80\">5.084,13<\/td>\n<\/tr>\n<tr style=\"height: 12.75pt;\">\n<td id=\"Zelle386\" class=\"xl22\" style=\"height: 12.75pt; border-top: none; width: 60pt;\" align=\"right\" width=\"80\" height=\"17\">30<\/td>\n<td id=\"Zelle387\" class=\"xl22\" style=\"border-top: none; border-left: none; width: 60pt;\" align=\"right\" width=\"80\">20<\/td>\n<td id=\"Zelle388\" class=\"xl22\" style=\"border-top: none; border-left: none; width: 60pt;\" align=\"right\" width=\"80\">6<\/td>\n<td id=\"Zelle389\" class=\"xl22\" style=\"border-top: none; border-left: none; width: 60pt;\" align=\"right\" width=\"80\">0,15<\/td>\n<td id=\"Zelle390\" class=\"xl22\" style=\"border-top: none; border-left: none; width: 60pt;\" width=\"80\">5.084,15<\/td>\n<\/tr>\n<tr style=\"height: 12.75pt;\">\n<td id=\"Zelle391\" class=\"xl22\" style=\"height: 12.75pt; border-top: none; width: 60pt;\" align=\"right\" width=\"80\" height=\"17\">30<\/td>\n<td id=\"Zelle392\" class=\"xl22\" style=\"border-top: none; border-left: none; width: 60pt;\" align=\"right\" width=\"80\">20<\/td>\n<td id=\"Zelle393\" class=\"xl22\" style=\"border-top: none; border-left: none; width: 60pt;\" align=\"right\" width=\"80\">6<\/td>\n<td id=\"Zelle394\" class=\"xl23\" style=\"border-top: none; border-left: none; width: 60pt;\" align=\"right\" width=\"80\">0,20<\/td>\n<td id=\"Zelle395\" class=\"xl22\" style=\"border-top: none; border-left: none; width: 60pt;\" width=\"80\">5.084.160<\/td>\n<\/tr>\n<tr style=\"height: 12.75pt;\">\n<td id=\"Zelle396\" class=\"xl22\" style=\"height: 12.75pt; border-top: none; width: 60pt;\" align=\"right\" width=\"80\" height=\"17\">30<\/td>\n<td id=\"Zelle397\" class=\"xl22\" style=\"border-top: none; border-left: none; width: 60pt;\" align=\"right\" width=\"80\">20<\/td>\n<td id=\"Zelle398\" class=\"xl22\" style=\"border-top: none; border-left: none; width: 60pt;\" align=\"right\" width=\"80\">6<\/td>\n<td id=\"Zelle399\" class=\"xl22\" style=\"border-top: none; border-left: none; width: 60pt;\" align=\"right\" width=\"80\">0,25<\/td>\n<td id=\"Zelle400\" class=\"xl22\" style=\"border-top: none; border-left: none; width: 60pt;\" width=\"80\">5.084,17<\/td>\n<\/tr>\n<tr style=\"height: 12.75pt;\">\n<td id=\"Zelle401\" class=\"xl22\" style=\"height: 12.75pt; border-top: none; width: 60pt;\" align=\"right\" width=\"80\" height=\"17\">30<\/td>\n<td id=\"Zelle402\" class=\"xl22\" style=\"border-top: none; border-left: none; width: 60pt;\" align=\"right\" width=\"80\">20<\/td>\n<td id=\"Zelle403\" class=\"xl22\" style=\"border-top: none; border-left: none; width: 60pt;\" align=\"right\" width=\"80\">6<\/td>\n<td id=\"Zelle404\" class=\"xl23\" style=\"border-top: none; border-left: none; width: 60pt;\" align=\"right\" width=\"80\">0.30<\/td>\n<td id=\"Zelle405\" class=\"xl22\" style=\"border-top: none; border-left: none; width: 60pt;\" width=\"80\">5.084,18<\/td>\n<\/tr>\n<\/tbody>\n<\/table>\n<\/div>\n<div id=\"Text56LYR\" class=\"TextObject\">\n<h2>Cepillos de alambre para HQ 35 P:<\/h2>\n<\/div>\n<div id=\"Tabelle14LYR\">\n<table id=\"Tabelle14\" border=\"1\">\n<tbody>\n<tr>\n<td id=\"Zelle406\">\u00f8 exterior<\/td>\n<td id=\"Zelle407\">Ancho<\/td>\n<td id=\"Zelle408\">\u00f8 interior<\/td>\n<td id=\"Zelle409\">Grosor del alambre<\/td>\n<td id=\"Zelle410\">Art\u00edculo N\u00b0<\/td>\n<\/tr>\n<tr>\n<td id=\"Zelle411\">35<\/td>\n<td id=\"Zelle412\">20<\/td>\n<td id=\"Zelle413\">6<\/td>\n<td id=\"Zelle414\">0.10<\/td>\n<td id=\"Zelle415\">5.084,21<\/td>\n<\/tr>\n<tr>\n<td id=\"Zelle416\">35<\/td>\n<td id=\"Zelle417\">20<\/td>\n<td id=\"Zelle418\">6<\/td>\n<td id=\"Zelle419\">0,15<\/td>\n<td id=\"Zelle420\">5.084,22<\/td>\n<\/tr>\n<tr>\n<td id=\"Zelle421\">35<\/td>\n<td id=\"Zelle422\">20<\/td>\n<td id=\"Zelle423\">6<\/td>\n<td id=\"Zelle424\">0,20<\/td>\n<td id=\"Zelle425\">5.084,23<\/td>\n<\/tr>\n<tr>\n<td id=\"Zelle426\">35<\/td>\n<td id=\"Zelle427\">20<\/td>\n<td id=\"Zelle428\">6<\/td>\n<td id=\"Zelle429\">0,25<\/td>\n<td id=\"Zelle430\">5.084,24<\/td>\n<\/tr>\n<tr>\n<td id=\"Zelle431\">35<\/td>\n<td id=\"Zelle432\">20<\/td>\n<td id=\"Zelle433\">6<\/td>\n<td id=\"Zelle434\">0.30<\/td>\n<td id=\"Zelle435\">5.084,25<\/td>\n<\/tr>\n<\/tbody>\n<\/table>\n<\/div>\n<\/div>\n","protected":false},"featured_media":2851,"comment_status":"closed","ping_status":"closed","template":"","meta":[],"product_brand":[],"product_cat":[163],"product_tag":[],"class_list":{"0":"post-5026","1":"product","2":"type-product","3":"status-publish","4":"has-post-thumbnail","6":"product_cat-pelar","8":"first","9":"instock","10":"taxable","11":"shipping-taxable","12":"product-type-variable","13":"has-default-attributes"},"_links":{"self":[{"href":"https:\/\/www.karl-wetzel.com\/es\/wp-json\/wp\/v2\/product\/5026","targetHints":{"allow":["GET"]}}],"collection":[{"href":"https:\/\/www.karl-wetzel.com\/es\/wp-json\/wp\/v2\/product"}],"about":[{"href":"https:\/\/www.karl-wetzel.com\/es\/wp-json\/wp\/v2\/types\/product"}],"replies":[{"embeddable":true,"href":"https:\/\/www.karl-wetzel.com\/es\/wp-json\/wp\/v2\/comments?post=5026"}],"wp:featuredmedia":[{"embeddable":true,"href":"https:\/\/www.karl-wetzel.com\/es\/wp-json\/wp\/v2\/media\/2851"}],"wp:attachment":[{"href":"https:\/\/www.karl-wetzel.com\/es\/wp-json\/wp\/v2\/media?parent=5026"}],"wp:term":[{"taxonomy":"product_brand","embeddable":true,"href":"https:\/\/www.karl-wetzel.com\/es\/wp-json\/wp\/v2\/product_brand?post=5026"},{"taxonomy":"product_cat","embeddable":true,"href":"https:\/\/www.karl-wetzel.com\/es\/wp-json\/wp\/v2\/product_cat?post=5026"},{"taxonomy":"product_tag","embeddable":true,"href":"https:\/\/www.karl-wetzel.com\/es\/wp-json\/wp\/v2\/product_tag?post=5026"}],"curies":[{"name":"wp","href":"https:\/\/api.w.org\/{rel}","templated":true}]}}