{"id":4993,"date":"2021-12-26T10:51:03","date_gmt":"2022-01-16T12:42:40","guid":{"rendered":"https:\/\/www.karl-wetzel.com\/produkt\/pelar-st40\/"},"modified":"2023-01-05T19:58:09","modified_gmt":"2023-01-05T18:58:09","slug":"tira-st40","status":"publish","type":"product","link":"https:\/\/www.karl-wetzel.com\/es\/producto\/tira-st40\/","title":{"rendered":"pelar ST40"},"content":{"rendered":"<p>La m\u00e1quina pelacables ST40D se utiliza para pelar alambres redondos esmaltados y cobre plano. El cable se pela entre dos cepillos giratorios. La distancia entre los cepillos se puede ajustar infinitamente.<\/p>\n<p>La m\u00e1quina de pelado ST40D est\u00e1 fija en una posici\u00f3n estacionaria.<\/p>\n<p>La m\u00e1quina pelacables ST40D es adecuada para alambres redondos y planos gruesos. Los cepillos paralelos no generan fuerzas de tracci\u00f3n en el alambre.<\/p>\n<p>Inserte el alambre esmaltado, g\u00edrelo 90 grados, s\u00e1quelo y listo. Al insertar el cable desde el costado, el aislamiento tambi\u00e9n se puede pelar en el medio del cable (golpeteo).<\/p>\n<p>Con diferentes cepillos, la calidad de pelado se puede adaptar y optimizar al di\u00e1metro del cable y al material de aislamiento.<\/p>\n<p><strong>Especificaciones t\u00e9cnicas:<\/strong><\/p>\n<table id=\"Tabelle10\" border=\"1\">\n<tbody>\n<tr>\n<td id=\"Zelle213\">dimensi\u00f3n del alambre:<\/td>\n<td id=\"Zelle214\">1,5 a 8,0 mm<\/td>\n<\/tr>\n<tr>\n<td id=\"Zelle215\">secci\u00f3n transversal del cable:<\/td>\n<td id=\"Zelle216\">redondo y cuadrado<\/td>\n<\/tr>\n<tr>\n<td id=\"Zelle217\">Di\u00e1metro de los cepillos:<\/td>\n<td id=\"Zelle218\">40 mm<\/td>\n<\/tr>\n<tr>\n<td id=\"Zelle219\">Conexi\u00f3n el\u00e9ctrica:<\/td>\n<td id=\"Zelle220\">Corriente trif\u00e1sica 230\/400 V, 50 Hz<\/td>\n<\/tr>\n<tr>\n<td id=\"Zelle221\">Peso:<\/td>\n<td id=\"Zelle222\">11,5 kg<\/td>\n<\/tr>\n<tr>\n<td id=\"Zelle223\">Art\u00edculo No.:<\/td>\n<td id=\"Zelle224\">5.086.30<\/td>\n<\/tr>\n<\/tbody>\n<\/table>\n","protected":false},"excerpt":{"rendered":"<div id=\"Text72LYR\" class=\"TextObject\">\n<h2>Consumibles (cepillos de alambre):<\/h2>\n<\/div>\n<div id=\"Tabelle15LYR\">\n<div id=\"Text53LYR\" class=\"TextObject\">\n<table id=\"Tabelle15\" border=\"1\">\n<tbody>\n<tr>\n<td id=\"Zelle436\">exterior \u00f8<\/td>\n<td id=\"Zelle437\">amplio<\/td>\n<td id=\"Zelle438\">interior \u00f8<\/td>\n<td id=\"Zelle439\">fuerza del alambre<\/td>\n<td id=\"Zelle440\">Art\u00edculo No.<\/td>\n<\/tr>\n<tr>\n<td id=\"Zelle451\">40<\/td>\n<td id=\"Zelle452\">25<\/td>\n<td id=\"Zelle453\">10<\/td>\n<td id=\"Zelle454\">0,10<\/td>\n<td id=\"Zelle455\">5.084.32<\/td>\n<\/tr>\n<tr>\n<td id=\"Zelle456\">40<\/td>\n<td id=\"Zelle457\">25<\/td>\n<td id=\"Zelle458\">10<\/td>\n<td id=\"Zelle459\">0,12<\/td>\n<td id=\"Zelle460\">5.084.33<\/td>\n<\/tr>\n<tr>\n<td id=\"Zelle461\">40<\/td>\n<td id=\"Zelle462\">25<\/td>\n<td id=\"Zelle463\">10<\/td>\n<td id=\"Zelle464\">0,15<\/td>\n<td id=\"Zelle465\">5.084.34<\/td>\n<\/tr>\n<tr>\n<td id=\"Zelle466\">40<\/td>\n<td id=\"Zelle467\">25<\/td>\n<td id=\"Zelle468\">10<\/td>\n<td id=\"Zelle469\">0,20<\/td>\n<td id=\"Zelle470\">5.084.35<\/td>\n<\/tr>\n<tr>\n<td id=\"Zelle471\">40<\/td>\n<td id=\"Zelle472\">25<\/td>\n<td id=\"Zelle473\">10<\/td>\n<td id=\"Zelle474\">0,25<\/td>\n<td id=\"Zelle475\">5.084.36<\/td>\n<\/tr>\n<tr>\n<td id=\"Zelle476\">40<\/td>\n<td id=\"Zelle477\">25<\/td>\n<td id=\"Zelle478\">10<\/td>\n<td id=\"Zelle479\">0,30<\/td>\n<td id=\"Zelle480\">5.084.37<\/td>\n<\/tr>\n<tr>\n<td id=\"Zelle571\">40<\/td>\n<td id=\"Zelle572\">25<\/td>\n<td id=\"Zelle573\">10<\/td>\n<td id=\"Zelle574\">0,40<\/td>\n<td id=\"Zelle575\">5.084.38<\/td>\n<\/tr>\n<\/tbody>\n<\/table>\n<\/div>\n<\/div>\n","protected":false},"featured_media":2857,"comment_status":"closed","ping_status":"closed","template":"","meta":[],"product_brand":[],"product_cat":[163],"product_tag":[],"class_list":{"0":"post-4993","1":"product","2":"type-product","3":"status-publish","4":"has-post-thumbnail","6":"product_cat-pelar","8":"first","9":"instock","10":"taxable","11":"shipping-taxable","12":"product-type-simple"},"_links":{"self":[{"href":"https:\/\/www.karl-wetzel.com\/es\/wp-json\/wp\/v2\/product\/4993","targetHints":{"allow":["GET"]}}],"collection":[{"href":"https:\/\/www.karl-wetzel.com\/es\/wp-json\/wp\/v2\/product"}],"about":[{"href":"https:\/\/www.karl-wetzel.com\/es\/wp-json\/wp\/v2\/types\/product"}],"replies":[{"embeddable":true,"href":"https:\/\/www.karl-wetzel.com\/es\/wp-json\/wp\/v2\/comments?post=4993"}],"wp:featuredmedia":[{"embeddable":true,"href":"https:\/\/www.karl-wetzel.com\/es\/wp-json\/wp\/v2\/media\/2857"}],"wp:attachment":[{"href":"https:\/\/www.karl-wetzel.com\/es\/wp-json\/wp\/v2\/media?parent=4993"}],"wp:term":[{"taxonomy":"product_brand","embeddable":true,"href":"https:\/\/www.karl-wetzel.com\/es\/wp-json\/wp\/v2\/product_brand?post=4993"},{"taxonomy":"product_cat","embeddable":true,"href":"https:\/\/www.karl-wetzel.com\/es\/wp-json\/wp\/v2\/product_cat?post=4993"},{"taxonomy":"product_tag","embeddable":true,"href":"https:\/\/www.karl-wetzel.com\/es\/wp-json\/wp\/v2\/product_tag?post=4993"}],"curies":[{"name":"wp","href":"https:\/\/api.w.org\/{rel}","templated":true}]}}