{"id":4939,"date":"2021-12-26T10:51:31","date_gmt":"2022-01-16T12:37:40","guid":{"rendered":"https:\/\/www.karl-wetzel.com\/produkt\/suma-de-comprobacion-especial\/"},"modified":"2022-01-16T13:37:40","modified_gmt":"2022-01-16T12:37:40","slug":"zumbador-de-prueba-especial","status":"publish","type":"product","link":"https:\/\/www.karl-wetzel.com\/es\/producto\/zumbador-de-prueba-especial\/","title":{"rendered":"Suma de comprobaci\u00f3n especial"},"content":{"rendered":"<p>El zumbador de prueba electr\u00f3nico especialmente dise\u00f1ado para la industria del bobinado se utiliza para la prueba de contacto de todo tipo de bobinas en estatores, rotores, transformadores, etc. en el \u00e1rea inductiva y capacitiva.<\/p>\n","protected":false},"excerpt":{"rendered":"<p>El zumbador de prueba electr\u00f3nico especialmente dise\u00f1ado para la industria del bobinado se utiliza para la prueba de contacto de todo tipo de bobinas en estatores, rotores, transformadores, etc. en el \u00e1rea inductiva y capacitiva.<\/p>\n","protected":false},"featured_media":2896,"comment_status":"closed","ping_status":"closed","template":"","meta":[],"product_brand":[],"product_cat":[154],"product_tag":[],"class_list":{"0":"post-4939","1":"product","2":"type-product","3":"status-publish","4":"has-post-thumbnail","6":"product_cat-cheque-es","8":"first","9":"instock","10":"taxable","11":"shipping-taxable","12":"product-type-simple"},"_links":{"self":[{"href":"https:\/\/www.karl-wetzel.com\/es\/wp-json\/wp\/v2\/product\/4939","targetHints":{"allow":["GET"]}}],"collection":[{"href":"https:\/\/www.karl-wetzel.com\/es\/wp-json\/wp\/v2\/product"}],"about":[{"href":"https:\/\/www.karl-wetzel.com\/es\/wp-json\/wp\/v2\/types\/product"}],"replies":[{"embeddable":true,"href":"https:\/\/www.karl-wetzel.com\/es\/wp-json\/wp\/v2\/comments?post=4939"}],"wp:featuredmedia":[{"embeddable":true,"href":"https:\/\/www.karl-wetzel.com\/es\/wp-json\/wp\/v2\/media\/2896"}],"wp:attachment":[{"href":"https:\/\/www.karl-wetzel.com\/es\/wp-json\/wp\/v2\/media?parent=4939"}],"wp:term":[{"taxonomy":"product_brand","embeddable":true,"href":"https:\/\/www.karl-wetzel.com\/es\/wp-json\/wp\/v2\/product_brand?post=4939"},{"taxonomy":"product_cat","embeddable":true,"href":"https:\/\/www.karl-wetzel.com\/es\/wp-json\/wp\/v2\/product_cat?post=4939"},{"taxonomy":"product_tag","embeddable":true,"href":"https:\/\/www.karl-wetzel.com\/es\/wp-json\/wp\/v2\/product_tag?post=4939"}],"curies":[{"name":"wp","href":"https:\/\/api.w.org\/{rel}","templated":true}]}}