{"id":4807,"date":"2021-12-26T10:51:32","date_gmt":"2022-01-16T12:33:38","guid":{"rendered":"https:\/\/www.karl-wetzel.com\/produkt\/decapado-isol-ex\/"},"modified":"2022-07-10T12:32:49","modified_gmt":"2022-07-10T10:32:49","slug":"strip-isol-ex","status":"publish","type":"product","link":"https:\/\/www.karl-wetzel.com\/es\/producto\/strip-isol-ex\/","title":{"rendered":"Decapado ISOL-EX"},"content":{"rendered":"<p>El dispositivo de pelado ISOL-EX se utiliza en la industria del bobinado, para reparaciones de motores y para reparaciones de radio y TV. Se pueden pelar cables de cobre, cables con revestimiento de seda y fibra de vidrio y cables con aislamiento de PVC. La presi\u00f3n de contacto de las cuchillas es creada por la fuerza centr\u00edfuga. La velocidad se puede ajustar infinitamente. El ajuste del grosor del hilo se regula a trav\u00e9s de la velocidad (hilo fino &#8211;&gt; alta velocidad; alambre grueso -&gt; baja velocidad). Los cuchillos est\u00e1n hechos de metal duro, lo que garantiza una larga vida \u00fatil. El dispositivo de pelado se conecta directamente a la tensi\u00f3n de red de 230 V, 50 Hz.<br \/>\nEl manejo del dispositivo es muy sencillo. Inserte el cable entre las cuchillas, presione el bot\u00f3n del interruptor y retraiga lentamente el cable despu\u00e9s de que las cuchillas se hayan cerrado como un embudo. Si es necesario, el cable tambi\u00e9n se puede mover ligeramente hacia adelante y hacia atr\u00e1s.<\/p>\n<p>El proceso de trabajo es esencialmente el mismo para todas las dem\u00e1s herramientas.<\/p>\n<table>\n<tbody>\n<tr>\n<td><strong>m\u00e1quina<\/strong><\/td>\n<td><strong>Tipo 02 A<\/strong><\/td>\n<td><strong>Tipo 02B<\/strong><\/td>\n<td><strong>Tipo 03 A<\/strong><\/td>\n<td><strong>Tipo 03B<\/strong><\/td>\n<\/tr>\n<tr>\n<td>Rango de cables:<\/td>\n<td>0,2 a 1,5 mm<\/td>\n<td>0,2 a 1,5 mm<\/td>\n<td>0,3 a 4,0 mm<\/td>\n<td>0,3 a 4,0 mm<\/td>\n<\/tr>\n<tr>\n<td>Voltaje de conexi\u00f3n:<\/td>\n<td>230V, 50\/60Hz<\/td>\n<td>115 V, 60 Hz<\/td>\n<td>230V, 50\/60Hz<\/td>\n<td>115 V, 60 Hz<\/td>\n<\/tr>\n<tr>\n<td>Art\u00edculo No.<\/td>\n<td>9.259.00<\/td>\n<td>9.259.05<\/td>\n<td>9.259.50<\/td>\n<td>9.259.55<\/td>\n<\/tr>\n<\/tbody>\n<\/table>\n<p>Piezas de repuesto:<\/p>\n<table id=\"Tabelle10\" border=\"1\">\n<tbody>\n<tr>\n<td id=\"Zelle201\">N\u00famero de art\u00edculo para:<\/td>\n<td id=\"Zelle202\">tipo 02<\/td>\n<td id=\"Zelle203\">tipo 03<\/td>\n<\/tr>\n<tr>\n<td id=\"Zelle204\">cabeza completa:<\/td>\n<td id=\"Zelle205\">9.259.15<\/td>\n<td id=\"Zelle206\">9.259.60<\/td>\n<\/tr>\n<tr>\n<td id=\"Zelle207\">Cuchillos de repuesto (3 piezas):<\/td>\n<td id=\"Zelle208\">9.259.20<\/td>\n<td id=\"Zelle209\">9.259.65<\/td>\n<\/tr>\n<tr>\n<td id=\"Zelle210\">cubierta protectora:<\/td>\n<td id=\"Zelle211\" colspan=\"2\">9.259.66<\/td>\n<\/tr>\n<\/tbody>\n<\/table>\n","protected":false},"excerpt":{"rendered":"<p>El dispositivo de pelado ISOL-EX se utiliza en la industria del bobinado, para reparaciones de motores y para reparaciones de radio y TV. Se pueden pelar cables de cobre, cables con revestimiento de seda y fibra de vidrio y cables con aislamiento de PVC. La presi\u00f3n de contacto de las cuchillas es creada por la &#8230; <a title=\"Decapado ISOL-EX\" class=\"read-more\" href=\"https:\/\/www.karl-wetzel.com\/es\/producto\/strip-isol-ex\/\" aria-label=\"Leer m\u00e1s sobre Decapado ISOL-EX\">Leer m\u00e1s<\/a><\/p>\n","protected":false},"featured_media":2917,"comment_status":"closed","ping_status":"closed","template":"","meta":[],"product_brand":[],"product_cat":[163],"product_tag":[],"class_list":{"0":"post-4807","1":"product","2":"type-product","3":"status-publish","4":"has-post-thumbnail","6":"product_cat-pelar","8":"first","9":"instock","10":"taxable","11":"shipping-taxable","12":"product-type-variable"},"_links":{"self":[{"href":"https:\/\/www.karl-wetzel.com\/es\/wp-json\/wp\/v2\/product\/4807","targetHints":{"allow":["GET"]}}],"collection":[{"href":"https:\/\/www.karl-wetzel.com\/es\/wp-json\/wp\/v2\/product"}],"about":[{"href":"https:\/\/www.karl-wetzel.com\/es\/wp-json\/wp\/v2\/types\/product"}],"replies":[{"embeddable":true,"href":"https:\/\/www.karl-wetzel.com\/es\/wp-json\/wp\/v2\/comments?post=4807"}],"wp:featuredmedia":[{"embeddable":true,"href":"https:\/\/www.karl-wetzel.com\/es\/wp-json\/wp\/v2\/media\/2917"}],"wp:attachment":[{"href":"https:\/\/www.karl-wetzel.com\/es\/wp-json\/wp\/v2\/media?parent=4807"}],"wp:term":[{"taxonomy":"product_brand","embeddable":true,"href":"https:\/\/www.karl-wetzel.com\/es\/wp-json\/wp\/v2\/product_brand?post=4807"},{"taxonomy":"product_cat","embeddable":true,"href":"https:\/\/www.karl-wetzel.com\/es\/wp-json\/wp\/v2\/product_cat?post=4807"},{"taxonomy":"product_tag","embeddable":true,"href":"https:\/\/www.karl-wetzel.com\/es\/wp-json\/wp\/v2\/product_tag?post=4807"}],"curies":[{"name":"wp","href":"https:\/\/api.w.org\/{rel}","templated":true}]}}