{"id":4660,"date":"2021-12-26T10:51:54","date_gmt":"2022-01-16T12:29:00","guid":{"rendered":"https:\/\/www.karl-wetzel.com\/produkt\/aire-comprimido-colector-dispositivo-de-fresado-dlkf-70\/"},"modified":"2022-07-10T12:24:19","modified_gmt":"2022-07-10T10:24:19","slug":"colector-de-aire-comprimido-fresadora-dlkf-70","status":"publish","type":"product","link":"https:\/\/www.karl-wetzel.com\/es\/producto\/colector-de-aire-comprimido-fresadora-dlkf-70\/","title":{"rendered":"Aire comprimido &#8211; colector &#8211; dispositivo de fresado DLKF 70"},"content":{"rendered":"<p>El dispositivo de fresado del colector de aire comprimido tiene un motor de paletas. Adem\u00e1s, no hay caja de cambios y, por lo tanto, es especialmente resistente al desgaste. El silenciador incorporado tiene un conducto de escape ajustable. El dispositivo de fresado del colector se gu\u00eda a mano. Con el tope de profundidad ajustable, se proporciona una gu\u00eda \u00f3ptima a mano alzada.<\/p>\n","protected":false},"excerpt":{"rendered":"<h2>Especificaciones t\u00e9cnicas:<\/h2>\n<table id=\"Tabelle12\" border=\"1\">\n<tbody>\n<tr>\n<td id=\"Zelle245\">Energ\u00eda:<\/td>\n<td id=\"Zelle246\">75W<\/td>\n<\/tr>\n<tr>\n<td id=\"Zelle247\">Esfuerzo de torsi\u00f3n:<\/td>\n<td id=\"Zelle248\">0.03Nm<\/td>\n<\/tr>\n<tr>\n<td id=\"Zelle249\">Ralent\u00ed:<\/td>\n<td id=\"Zelle250\">70.000 rpm.<\/td>\n<\/tr>\n<tr>\n<td id=\"Zelle251\">Peso:<\/td>\n<td id=\"Zelle252\">0,2 kg<\/td>\n<\/tr>\n<tr>\n<td id=\"Zelle253\">Necesidad de aire a m\u00e1x. Energ\u00eda:<\/td>\n<td id=\"Zelle254\">0,18 m\u00b3\/min.<\/td>\n<\/tr>\n<tr>\n<td id=\"Zelle255\">Necesidad de aire al ralent\u00ed:<\/td>\n<td id=\"Zelle256\">0,20 m\u00b3\/min.<\/td>\n<\/tr>\n<tr>\n<td id=\"Zelle257\">Nivel de presi\u00f3n sonora seg\u00fan CEN\/TC 255N:<\/td>\n<td id=\"Zelle258\">82dB(A)<\/td>\n<\/tr>\n<tr>\n<td id=\"Zelle259\">Vibraci\u00f3n seg\u00fan DIN ISO 8662-4:<\/td>\n<td id=\"Zelle260\">&lt; 2,5 m\/s\u00b2<\/td>\n<\/tr>\n<tr>\n<td id=\"Zelle261\">Calidad del aire seg\u00fan DIN ISO 8573-1:<\/td>\n<td id=\"Zelle262\">2\/4\/4<\/td>\n<\/tr>\n<tr>\n<td id=\"Zelle263\">Di\u00e1metro interior de la manguera de aire:<\/td>\n<td id=\"Zelle264\">6 mm<\/td>\n<\/tr>\n<tr>\n<td id=\"Zelle265\">Rosca de conexi\u00f3n para aire comprimido:<\/td>\n<td id=\"Zelle266\">1\/8&#8243;<\/td>\n<\/tr>\n<tr>\n<td id=\"Zelle267\">Art\u00edculo No.:<\/td>\n<td id=\"Zelle268\">9.209.00<\/td>\n<\/tr>\n<\/tbody>\n<\/table>\n<h2>Equipo:<\/h2>\n<table id=\"Tabelle14\" border=\"1\">\n<tbody>\n<tr>\n<td id=\"Zelle294\">Designacion:<\/td>\n<td id=\"Zelle293\">Art\u00edculo No.:<\/td>\n<\/tr>\n<tr>\n<td id=\"Zelle285\">Manguera de conexi\u00f3n de 2 m con conexi\u00f3n roscada:<\/td>\n<td id=\"Zelle286\">9.209.02<\/td>\n<\/tr>\n<tr>\n<td id=\"Zelle287\">Unidad de mantenimiento adecuada:<\/td>\n<td id=\"Zelle288\">9.209.05<\/td>\n<\/tr>\n<tr>\n<td id=\"Zelle289\">Soporte de montaje para unidad de mantenimiento:<\/td>\n<td id=\"Zelle290\">9.209.06<\/td>\n<\/tr>\n<tr>\n<td id=\"Zelle291\">Aceite especial:<\/td>\n<td id=\"Zelle292\">9.209.07<\/td>\n<\/tr>\n<\/tbody>\n<\/table>\n<h2>cortador de diamante:<\/h2>\n<table id=\"Tabelle16\" border=\"1\">\n<tbody>\n<tr>\n<td id=\"Zelle397\">Art\u00edculo No.:<\/td>\n<td id=\"Zelle398\">Di\u00e1metro:<\/td>\n<td id=\"Zelle399\">Fuerza:<\/td>\n<\/tr>\n<tr>\n<td id=\"Zelle400\">9.209.33<\/td>\n<td id=\"Zelle401\">\n<p style=\"text-align: center;\">19 mm<\/p>\n<\/td>\n<td id=\"Zelle402\">0,30 mm<\/td>\n<\/tr>\n<tr>\n<td id=\"Zelle403\">9.209.34<\/td>\n<td id=\"Zelle404\">\n<p style=\"text-align: center;\">19 mm<\/p>\n<\/td>\n<td id=\"Zelle405\">0,40 mm<\/td>\n<\/tr>\n<tr>\n<td id=\"Zelle406\">9.209.35<\/td>\n<td id=\"Zelle407\">\n<p style=\"text-align: center;\">19 mm<\/p>\n<\/td>\n<td id=\"Zelle408\">0,50 mm<\/td>\n<\/tr>\n<tr>\n<td id=\"Zelle409\">9.209.36<\/td>\n<td id=\"Zelle410\">\n<p style=\"text-align: center;\">19 mm<\/p>\n<\/td>\n<td id=\"Zelle411\">0,60 mm<\/td>\n<\/tr>\n<tr>\n<td id=\"Zelle412\">9.209.37<\/td>\n<td id=\"Zelle413\">\n<p style=\"text-align: center;\">19 mm<\/p>\n<\/td>\n<td id=\"Zelle414\">0,70 mm<\/td>\n<\/tr>\n<tr>\n<td id=\"Zelle415\">9.209.38<\/td>\n<td id=\"Zelle416\">\n<p style=\"text-align: center;\">19 mm<\/p>\n<\/td>\n<td id=\"Zelle417\">0,80 mm<\/td>\n<\/tr>\n<tr>\n<td id=\"Zelle418\">9.209.39<\/td>\n<td id=\"Zelle419\">\n<p style=\"text-align: center;\">19 mm<\/p>\n<\/td>\n<td id=\"Zelle420\">0,90 mm<\/td>\n<\/tr>\n<tr>\n<td id=\"Zelle421\">9.209.40<\/td>\n<td id=\"Zelle422\">\n<p style=\"text-align: center;\">19 mm<\/p>\n<\/td>\n<td id=\"Zelle423\">1,00 mm<\/td>\n<\/tr>\n<tr>\n<td id=\"Zelle424\">9.209.43<\/td>\n<td id=\"Zelle425\">\n<p style=\"text-align: center;\">22 mm<\/p>\n<\/td>\n<td id=\"Zelle426\">0,30 mm<\/td>\n<\/tr>\n<tr>\n<td id=\"Zelle427\">9.209.44<\/td>\n<td id=\"Zelle428\">\n<p style=\"text-align: center;\">22 mm<\/p>\n<\/td>\n<td id=\"Zelle429\">0,40 mm<\/td>\n<\/tr>\n<tr>\n<td id=\"Zelle430\">9.209.45<\/td>\n<td id=\"Zelle431\">\n<p style=\"text-align: center;\">22 mm<\/p>\n<\/td>\n<td id=\"Zelle432\">0,50 mm<\/td>\n<\/tr>\n<tr>\n<td id=\"Zelle433\">9.209.46<\/td>\n<td id=\"Zelle434\">\n<p style=\"text-align: center;\">22 mm<\/p>\n<\/td>\n<td id=\"Zelle435\">0,60 mm<\/td>\n<\/tr>\n<tr>\n<td id=\"Zelle436\">9.209.47<\/td>\n<td id=\"Zelle437\">\n<p style=\"text-align: center;\">22 mm<\/p>\n<\/td>\n<td id=\"Zelle438\">0,70 mm<\/td>\n<\/tr>\n<tr>\n<td id=\"Zelle439\">9.209.48<\/td>\n<td id=\"Zelle440\">\n<p style=\"text-align: center;\">22 mm<\/p>\n<\/td>\n<td id=\"Zelle441\">0,80 mm<\/td>\n<\/tr>\n<tr>\n<td id=\"Zelle442\">9.209.49<\/td>\n<td id=\"Zelle443\">\n<p style=\"text-align: center;\">22 mm<\/p>\n<\/td>\n<td id=\"Zelle444\">0,90 mm<\/td>\n<\/tr>\n<tr>\n<td id=\"Zelle445\">9.209.49.0<\/td>\n<td id=\"Zelle446\">\n<p style=\"text-align: center;\">22 mm<\/p>\n<\/td>\n<td id=\"Zelle447\">1,00 mm<\/td>\n<\/tr>\n<\/tbody>\n<\/table>\n","protected":false},"featured_media":2938,"comment_status":"closed","ping_status":"closed","template":"","meta":[],"product_brand":[],"product_cat":[150],"product_tag":[],"class_list":{"0":"post-4660","1":"product","2":"type-product","3":"status-publish","4":"has-post-thumbnail","6":"product_cat-desmontar","8":"first","9":"instock","10":"taxable","11":"shipping-taxable","12":"product-type-variable"},"_links":{"self":[{"href":"https:\/\/www.karl-wetzel.com\/es\/wp-json\/wp\/v2\/product\/4660","targetHints":{"allow":["GET"]}}],"collection":[{"href":"https:\/\/www.karl-wetzel.com\/es\/wp-json\/wp\/v2\/product"}],"about":[{"href":"https:\/\/www.karl-wetzel.com\/es\/wp-json\/wp\/v2\/types\/product"}],"replies":[{"embeddable":true,"href":"https:\/\/www.karl-wetzel.com\/es\/wp-json\/wp\/v2\/comments?post=4660"}],"wp:featuredmedia":[{"embeddable":true,"href":"https:\/\/www.karl-wetzel.com\/es\/wp-json\/wp\/v2\/media\/2938"}],"wp:attachment":[{"href":"https:\/\/www.karl-wetzel.com\/es\/wp-json\/wp\/v2\/media?parent=4660"}],"wp:term":[{"taxonomy":"product_brand","embeddable":true,"href":"https:\/\/www.karl-wetzel.com\/es\/wp-json\/wp\/v2\/product_brand?post=4660"},{"taxonomy":"product_cat","embeddable":true,"href":"https:\/\/www.karl-wetzel.com\/es\/wp-json\/wp\/v2\/product_cat?post=4660"},{"taxonomy":"product_tag","embeddable":true,"href":"https:\/\/www.karl-wetzel.com\/es\/wp-json\/wp\/v2\/product_tag?post=4660"}],"curies":[{"name":"wp","href":"https:\/\/api.w.org\/{rel}","templated":true}]}}