{"id":4498,"date":"2021-12-26T10:53:20","date_gmt":"2022-01-16T10:30:14","guid":{"rendered":"https:\/\/www.karl-wetzel.com\/produkt\/calentador-de-induccion-thermy-2-completo\/"},"modified":"2022-01-16T11:30:20","modified_gmt":"2022-01-16T10:30:20","slug":"calentador-de-induccion-thermy-2-completo","status":"publish","type":"product","link":"https:\/\/www.karl-wetzel.com\/es\/producto\/calentador-de-induccion-thermy-2-completo\/","title":{"rendered":"Calentador de inducci\u00f3n Thermy 2 completo"},"content":{"rendered":"<p>Con el calentador de inducci\u00f3n JE-2, todas las piezas de metal se pueden calentar de manera eficiente, uniforme y limpia para su contracci\u00f3n.<br \/>\nLas piezas a calentar se empujan sobre la barra de soporte adecuada y se colocan en los polos del yugo magn\u00e9tico.<br \/>\nEl tiempo de calentamiento para un rodamiento de bolas, por ejemplo, 6209, es de aproximadamente 1 minuto. Dado que el andamio y las lamas de apoyo permanecen fr\u00edos, el riesgo de lesiones se minimiza en la medida de lo posible.<\/p>\n","protected":false},"excerpt":{"rendered":"<h2>Especificaciones t\u00e9cnicas:<\/h2>\n<table id=\"Tabelle12\" border=\"1\">\n<tbody>\n<tr>\n<td id=\"Zelle255\" colspan=\"2\">Calentador de inducci\u00f3n JE-2<b><\/b><\/td>\n<\/tr>\n<tr>\n<td id=\"Zelle257\">Longitud:<\/td>\n<td id=\"Zelle258\">270 mm<\/td>\n<\/tr>\n<tr>\n<td id=\"Zelle259\">Amplio:<\/td>\n<td id=\"Zelle260\">200 mm<\/td>\n<\/tr>\n<tr>\n<td id=\"Zelle261\">Altura:<\/td>\n<td id=\"Zelle262\">250 mm<\/td>\n<\/tr>\n<tr>\n<td id=\"Zelle263\">Conexi\u00f3n el\u00e9ctrica:<\/td>\n<td id=\"Zelle264\">230V; 16A<\/td>\n<\/tr>\n<tr>\n<td id=\"Zelle265\">N.\u00ba de art\u00edculo sin accesorios:<\/td>\n<td id=\"Zelle266\">9.260.15<\/td>\n<\/tr>\n<\/tbody>\n<\/table>\n<h2>Equipo:<\/h2>\n<table id=\"Tabelle13\" border=\"1\">\n<tbody>\n<tr>\n<td id=\"Zelle268\">designacion<\/td>\n<td id=\"Zelle269\">Art\u00edculo No.<\/td>\n<\/tr>\n<tr>\n<td id=\"Zelle270\">Barra de soporte: 8 x 6 x 240 mm<\/td>\n<td id=\"Zelle271\">9.260.20<\/td>\n<\/tr>\n<tr>\n<td id=\"Zelle278\">Barra de soporte: 10 x 10 x 240 mm<\/td>\n<td id=\"Zelle279\">9.260.22<\/td>\n<\/tr>\n<tr>\n<td id=\"Zelle280\">Barra de soporte: 14 x 14 x 240 mm<\/td>\n<td id=\"Zelle281\">9.260.23<\/td>\n<\/tr>\n<tr>\n<td id=\"Zelle282\">Barra de soporte: 20 x 20 x 240 mm<\/td>\n<td id=\"Zelle283\">9.260.24<\/td>\n<\/tr>\n<tr>\n<td id=\"Zelle284\">Barra de soporte: 17 x 17 x 240 mm<\/td>\n<td id=\"Zelle285\">9.260.25<\/td>\n<\/tr>\n<tr>\n<td id=\"Zelle286\">Barra de soporte: 25 x 25 x 240 mm<\/td>\n<td id=\"Zelle287\">9.260.26<\/td>\n<\/tr>\n<tr>\n<td id=\"Zelle288\">Barra de soporte: 30 x 30 x 240 mm<\/td>\n<td id=\"Zelle289\">9.260.28<\/td>\n<\/tr>\n<tr>\n<td id=\"Zelle290\">Barra de soporte: 40 x 40 x 240 mm<\/td>\n<td id=\"Zelle291\">9.260.30<\/td>\n<\/tr>\n<tr>\n<td id=\"Zelle292\">Barra de soporte: 50 x 50 x 240 mm<\/td>\n<td id=\"Zelle293\">9.260.32<\/td>\n<\/tr>\n<tr>\n<td id=\"Zelle294\">1 par de extensiones de poste: 50 x 50 x 120 mm<\/td>\n<td id=\"Zelle295\">9.260.33<\/td>\n<\/tr>\n<tr>\n<td id=\"Zelle296\">1 par de extensiones de poste: 50 x 50 x 60 mm<\/td>\n<td id=\"Zelle297\">9.260.35<\/td>\n<\/tr>\n<\/tbody>\n<\/table>\n<p>Adem\u00e1s, se puede conectar un controlador de temperatura t\u00e9rmica, que se puede configurar de 0 a 300 \u00b0C. Otras opciones de controlador de temperatura t\u00e9rmica incluyen un temporizador de 0,3 a 5,0 min. y un dispositivo de desmagnetizaci\u00f3n.<\/p>\n<h2>Especificaciones t\u00e9cnicas:<\/h2>\n<table id=\"Tabelle15\" border=\"1\">\n<tbody>\n<tr>\n<td id=\"Zelle310\">designacion<\/td>\n<td id=\"Zelle311\">Art\u00edculo No.<\/td>\n<\/tr>\n<tr>\n<td id=\"Zelle312\">Controlador de temperatura t\u00e9rmica 0 &#8211; 300 C<\/td>\n<td id=\"Zelle313\">9.260.50<\/td>\n<\/tr>\n<tr>\n<td id=\"Zelle314\">Temporizador 0,3 &#8211; 5,0 min.<\/td>\n<td id=\"Zelle315\">9.260.40<\/td>\n<\/tr>\n<tr>\n<td id=\"Zelle316\">dispositivo de desmagnetizaci\u00f3n<\/td>\n<td id=\"Zelle317\">9.260.60<\/td>\n<\/tr>\n<\/tbody>\n<\/table>\n<h2>JE-2 completo (art\u00edculo n.\u00ba 9.260.10):<\/h2>\n<div id=\"Text60LYR\" class=\"TextObject\">\n<p>Que consiste en:<\/p>\n<\/div>\n<div id=\"Tabelle17LYR\">\n<table id=\"Tabelle17\" border=\"1\">\n<tbody>\n<tr>\n<td id=\"Zelle374\">Calentador de inducci\u00f3n JE 2<\/td>\n<td id=\"Zelle375\">9.260.15<\/td>\n<\/tr>\n<tr>\n<td id=\"Zelle382\">Barra de soporte: 8 x 6 x 240 mm<\/td>\n<td id=\"Zelle383\">9.260.20<\/td>\n<\/tr>\n<tr>\n<td id=\"Zelle384\">Barra de soporte: 10 x 10 x 240 mm<\/td>\n<td id=\"Zelle385\">9.260.22<\/td>\n<\/tr>\n<tr>\n<td id=\"Zelle386\">Barra de soporte: 20 x 20 x 240 mm<\/td>\n<td id=\"Zelle387\">9.260.24<\/td>\n<\/tr>\n<tr>\n<td id=\"Zelle388\">Barra de soporte: 25 x 25 x 240 mm<\/td>\n<td id=\"Zelle389\">9.260.26<\/td>\n<\/tr>\n<tr>\n<td id=\"Zelle390\">Barra de soporte: 30 x 30 x 240 mm<\/td>\n<td id=\"Zelle391\">9.260.28<\/td>\n<\/tr>\n<tr>\n<td id=\"Zelle392\">Barra de soporte: 40 x 40 x 240 mm<\/td>\n<td id=\"Zelle393\">9.260.30<\/td>\n<\/tr>\n<tr>\n<td id=\"Zelle394\">Controlador de temperatura t\u00e9rmica 0 &#8211; 300 C<\/td>\n<td id=\"Zelle395\">9.260.50<\/td>\n<\/tr>\n<tr>\n<td id=\"Zelle396\">Temporizador 0,3 &#8211; 5,0 min.<\/td>\n<td id=\"Zelle397\">9.260.40<\/td>\n<\/tr>\n<tr>\n<td id=\"Zelle398\">dispositivo de desmagnetizaci\u00f3n<\/td>\n<td id=\"Zelle399\">9.260.60<\/td>\n<\/tr>\n<\/tbody>\n<\/table>\n<\/div>\n","protected":false},"featured_media":2968,"comment_status":"closed","ping_status":"closed","template":"","meta":[],"product_brand":[],"product_cat":[156],"product_tag":[],"class_list":{"0":"post-4498","1":"product","2":"type-product","3":"status-publish","4":"has-post-thumbnail","6":"product_cat-instrumentos","8":"first","9":"instock","10":"taxable","11":"shipping-taxable","12":"product-type-variable"},"_links":{"self":[{"href":"https:\/\/www.karl-wetzel.com\/es\/wp-json\/wp\/v2\/product\/4498","targetHints":{"allow":["GET"]}}],"collection":[{"href":"https:\/\/www.karl-wetzel.com\/es\/wp-json\/wp\/v2\/product"}],"about":[{"href":"https:\/\/www.karl-wetzel.com\/es\/wp-json\/wp\/v2\/types\/product"}],"replies":[{"embeddable":true,"href":"https:\/\/www.karl-wetzel.com\/es\/wp-json\/wp\/v2\/comments?post=4498"}],"wp:featuredmedia":[{"embeddable":true,"href":"https:\/\/www.karl-wetzel.com\/es\/wp-json\/wp\/v2\/media\/2968"}],"wp:attachment":[{"href":"https:\/\/www.karl-wetzel.com\/es\/wp-json\/wp\/v2\/media?parent=4498"}],"wp:term":[{"taxonomy":"product_brand","embeddable":true,"href":"https:\/\/www.karl-wetzel.com\/es\/wp-json\/wp\/v2\/product_brand?post=4498"},{"taxonomy":"product_cat","embeddable":true,"href":"https:\/\/www.karl-wetzel.com\/es\/wp-json\/wp\/v2\/product_cat?post=4498"},{"taxonomy":"product_tag","embeddable":true,"href":"https:\/\/www.karl-wetzel.com\/es\/wp-json\/wp\/v2\/product_tag?post=4498"}],"curies":[{"name":"wp","href":"https:\/\/api.w.org\/{rel}","templated":true}]}}