{"id":4365,"date":"2021-12-26T10:58:35","date_gmt":"2022-01-16T10:22:33","guid":{"rendered":"https:\/\/www.karl-wetzel.com\/produkt\/mortaja-de-ranura\/"},"modified":"2022-11-03T08:56:17","modified_gmt":"2022-11-03T07:56:17","slug":"escopleadora-de-tuercas","status":"publish","type":"product","link":"https:\/\/www.karl-wetzel.com\/es\/producto\/escopleadora-de-tuercas\/","title":{"rendered":"mortaja de ranura"},"content":{"rendered":"<p>Las mortajadoras de ranura se utilizan para martillar los cables en las ranuras de los estatores y rotores. Hay 14 tama\u00f1os diferentes de 3 a 12 mm. Este dise\u00f1o estable est\u00e1 fresado de acero y galvanizado.<\/p>\n","protected":false},"excerpt":{"rendered":"<table style=\"height: 813px;\" width=\"335\">\n<tbody>\n<tr>\n<td width=\"66\">Art\u00edculo No.<\/td>\n<td width=\"210\">descripci\u00f3n<\/td>\n<\/tr>\n<tr>\n<td width=\"66\">9.255.01<\/td>\n<td width=\"210\">Escopleadora de tuercas con mango 3,0 mm<\/td>\n<\/tr>\n<tr>\n<td width=\"66\">9.255.02<\/td>\n<td width=\"210\">Mortaja para tuercas con mango 3,5 mm<\/td>\n<\/tr>\n<tr>\n<td width=\"66\">9.255.03<\/td>\n<td width=\"210\">Escopleadora de tuercas con mango 4,0 mm<\/td>\n<\/tr>\n<tr>\n<td width=\"66\">9.255.04<\/td>\n<td width=\"210\">Mortaja para tuercas con mango 4,5 mm<\/td>\n<\/tr>\n<tr>\n<td width=\"66\">9.255.05<\/td>\n<td width=\"210\">Escopleadora de tuercas con mango 5,0 mm<\/td>\n<\/tr>\n<tr>\n<td width=\"66\">9.255.06<\/td>\n<td width=\"210\">Mortaja para tuercas con mango 5,5 mm<\/td>\n<\/tr>\n<tr>\n<td width=\"66\">9.255.07<\/td>\n<td width=\"210\">Escopleadora de tuercas con mango 6,0 mm<\/td>\n<\/tr>\n<tr>\n<td width=\"66\">9.255.08<\/td>\n<td width=\"210\">Mortaja para tuercas con mango 6,5 mm<\/td>\n<\/tr>\n<tr>\n<td width=\"66\">9.255.09<\/td>\n<td width=\"210\">Mortaja para tuercas con mango 7,5 mm<\/td>\n<\/tr>\n<tr>\n<td width=\"66\">9.255.10<\/td>\n<td width=\"210\">Mortaja para tuercas con mango 8,5 mm<\/td>\n<\/tr>\n<tr>\n<td width=\"66\">9.255.11<\/td>\n<td width=\"210\">Mortaja para tuercas con mango 9,5 mm<\/td>\n<\/tr>\n<tr>\n<td width=\"66\">9.255.12<\/td>\n<td width=\"210\">Escopleadora de tuercas con mango 10,0 mm<\/td>\n<\/tr>\n<tr>\n<td width=\"66\">9.255.13<\/td>\n<td width=\"210\">Escopleadora de tuercas con mango 11,0 mm<\/td>\n<\/tr>\n<tr>\n<td width=\"66\">9.255.14<\/td>\n<td width=\"210\">Escopleadora de tuercas con mango 12,0 mm<\/td>\n<\/tr>\n<\/tbody>\n<\/table>\n","protected":false},"featured_media":10707,"comment_status":"closed","ping_status":"closed","template":"","meta":[],"product_brand":[],"product_cat":[156],"product_tag":[],"class_list":{"0":"post-4365","1":"product","2":"type-product","3":"status-publish","4":"has-post-thumbnail","6":"product_cat-instrumentos","8":"first","9":"instock","10":"taxable","11":"shipping-taxable","12":"product-type-variable"},"_links":{"self":[{"href":"https:\/\/www.karl-wetzel.com\/es\/wp-json\/wp\/v2\/product\/4365","targetHints":{"allow":["GET"]}}],"collection":[{"href":"https:\/\/www.karl-wetzel.com\/es\/wp-json\/wp\/v2\/product"}],"about":[{"href":"https:\/\/www.karl-wetzel.com\/es\/wp-json\/wp\/v2\/types\/product"}],"replies":[{"embeddable":true,"href":"https:\/\/www.karl-wetzel.com\/es\/wp-json\/wp\/v2\/comments?post=4365"}],"wp:featuredmedia":[{"embeddable":true,"href":"https:\/\/www.karl-wetzel.com\/es\/wp-json\/wp\/v2\/media\/10707"}],"wp:attachment":[{"href":"https:\/\/www.karl-wetzel.com\/es\/wp-json\/wp\/v2\/media?parent=4365"}],"wp:term":[{"taxonomy":"product_brand","embeddable":true,"href":"https:\/\/www.karl-wetzel.com\/es\/wp-json\/wp\/v2\/product_brand?post=4365"},{"taxonomy":"product_cat","embeddable":true,"href":"https:\/\/www.karl-wetzel.com\/es\/wp-json\/wp\/v2\/product_cat?post=4365"},{"taxonomy":"product_tag","embeddable":true,"href":"https:\/\/www.karl-wetzel.com\/es\/wp-json\/wp\/v2\/product_tag?post=4365"}],"curies":[{"name":"wp","href":"https:\/\/api.w.org\/{rel}","templated":true}]}}